{"id":16049,"date":"2021-01-03T18:03:23","date_gmt":"2021-01-03T18:03:23","guid":{"rendered":"https:\/\/www.canaaf.org\/blogue\/"},"modified":"2022-08-04T15:13:39","modified_gmt":"2022-08-04T15:13:39","slug":"blogue","status":"publish","type":"page","link":"https:\/\/www.canaaf.org\/fr\/blogue\/","title":{"rendered":"Blogue"},"content":{"rendered":"<div class=\"fusion-fullwidth fullwidth-box fusion-builder-row-1 fusion-flex-container nonhundred-percent-fullwidth non-hundred-percent-height-scrolling\" style=\"--awb-background-position:left top;--awb-border-sizes-top:0px;--awb-border-sizes-bottom:0px;--awb-border-sizes-left:0px;--awb-border-sizes-right:0px;--awb-border-radius-top-left:0px;--awb-border-radius-top-right:0px;--awb-border-radius-bottom-right:0px;--awb-border-radius-bottom-left:0px;--awb-padding-top:120px;--awb-padding-right:8%;--awb-padding-bottom:90px;--awb-padding-left:8%;--awb-background-color:#ececec;--awb-flex-wrap:wrap;\" ><div class=\"fusion-builder-row fusion-row fusion-flex-align-items-flex-start fusion-flex-content-wrap\" style=\"max-width:calc( 1280px + 0px );margin-left: calc(-0px \/ 2 );margin-right: calc(-0px \/ 2 );\"><div class=\"fusion-layout-column fusion_builder_column fusion-builder-column-0 fusion_builder_column_1_1 1_1 fusion-flex-column fusion-flex-align-self-flex-start fusion-column-no-min-height\" style=\"--awb-bg-size:cover;--awb-width-large:100%;--awb-margin-top-large:0px;--awb-spacing-right-large:0px;--awb-margin-bottom-large:0px;--awb-spacing-left-large:0px;--awb-width-medium:100%;--awb-spacing-right-medium:0px;--awb-spacing-left-medium:0px;--awb-width-small:100%;--awb-spacing-right-small:0px;--awb-spacing-left-small:0px;\"><div class=\"fusion-column-wrapper fusion-flex-justify-content-flex-start fusion-content-layout-column\"><div class=\"fusion-blog-shortcode fusion-blog-shortcode-1 fusion-blog-archive fusion-blog-layout-grid-wrapper fusion-blog-infinite\"><style type=\"text\/css\">.fusion-blog-shortcode-1 .fusion-blog-layout-grid .fusion-post-grid{padding:15px;}.fusion-blog-shortcode-1 .fusion-posts-container{margin-left: -15px !important; margin-right:-15px !important;}<\/style><div class=\"fusion-posts-container fusion-posts-container-infinite fusion-no-meta-info fusion-blog-rollover fusion-blog-layout-grid fusion-blog-layout-grid-3 isotope\" data-pages=\"3\" data-grid-col-space=\"30\" style=\"margin: -15px -15px 0;min-height:500px;\"><article id=\"blog-1-post-18539\" class=\"fusion-post-grid post-18539 post type-post status-publish format-standard has-post-thumbnail hentry category-ressources\">\n<div class=\"fusion-post-wrapper\" style=\"background-color:rgba(255,255,255,1);border:1px solid #eae9e9;border-bottom-width:3px;\">\n\n\t\t\t<div class=\"fusion-flexslider flexslider fusion-flexslider-loading fusion-post-slideshow\" style=\"border-color:#eae9e9;\">\n\t\t<ul class=\"slides\">\n\t\t\t\n\t\t\t\t\t\t\t\t\t\t\t\t\t\t<li><div  class=\"fusion-image-wrapper\" aria-haspopup=\"true\">\n\t\t\t\t<img decoding=\"async\" width=\"1728\" height=\"2304\" data-src=\"https:\/\/www.canaaf.org\/wp-content\/uploads\/2026\/02\/CANAAF-Patin-e1771939411372.jpg\" class=\"attachment-full size-full wp-post-image lazyload\" alt=\"\" src=\"data:image\/svg+xml;base64,PHN2ZyB3aWR0aD0iMSIgaGVpZ2h0PSIxIiB4bWxucz0iaHR0cDovL3d3dy53My5vcmcvMjAwMC9zdmciPjwvc3ZnPg==\" style=\"--smush-placeholder-width: 1728px; --smush-placeholder-aspect-ratio: 1728\/2304;\" \/><div class=\"fusion-rollover\">\n\t<div class=\"fusion-rollover-content\">\n\n\t\t\t\t\t\t\t\t\t\t\t\t\t\t<a class=\"fusion-rollover-link\" href=\"https:\/\/www.canaaf.org\/fr\/activite-de-patin\/\">Activit\u00e9 de patin<\/a>\n\t\t\t\n\t\t\t\t\t\t\t\t\n\t\t\n\t\t\t\t\t\t\t\t\n\t\t\t\t\t\t\t\t\n\t\t\n\t\t\t\t\t\t<a class=\"fusion-link-wrapper\" href=\"https:\/\/www.canaaf.org\/fr\/activite-de-patin\/\" aria-label=\"Activit\u00e9 de patin\"><\/a>\n\t<\/div>\n<\/div>\n<\/div>\n<\/li>\n\t\t\t\n\t\t\t\n\t\t\t\t\t\t\t\t\t\t\t\t\t\t\t\t\t\t\t\t\t\t\t\t\t\t\t\t\t\t\t\t\t\t\t\t\t\t\t\t\t\t\t\t\t\t\t\t\t\t\t\t\t\t\t\t\t\t\t\t\t\t\t\t\t\t\t\t<\/ul>\n\t<\/div>\n\t<div class=\"fusion-post-content-wrapper\" style=\"padding:30px 25px 20px 25px;\"><div class=\"fusion-post-content post-content\"><h2 class=\"blog-shortcode-post-title entry-title\">Activit\u00e9 de patin<\/h2><div class=\"fusion-post-content-container\"><p>Activit\u00e9 de patin hivernal pour la communaut\u00e9 de Montr\u00e9al et des environs Activit\u00e9 de patin hivernal pour la communaut\u00e9 de<\/p><\/div><\/div><\/div><div class=\"fusion-clearfix\"><\/div><\/div>\n<\/article>\n<article id=\"blog-1-post-18497\" class=\"fusion-post-grid post-18497 post type-post status-publish format-standard has-post-thumbnail hentry category-non-classifiee\">\n<div class=\"fusion-post-wrapper\" style=\"background-color:rgba(255,255,255,1);border:1px solid #eae9e9;border-bottom-width:3px;\">\n\n\t\t\t<div class=\"fusion-flexslider flexslider fusion-flexslider-loading fusion-post-slideshow\" style=\"border-color:#eae9e9;\">\n\t\t<ul class=\"slides\">\n\t\t\t\n\t\t\t\t\t\t\t\t\t\t\t\t\t\t<li><div  class=\"fusion-image-wrapper\" aria-haspopup=\"true\">\n\t\t\t\t<img decoding=\"async\" width=\"200\" height=\"109\" data-src=\"https:\/\/www.canaaf.org\/wp-content\/uploads\/2026\/01\/Eli_Lilly_Canada_Inc__Ontario_Pioneers_Access_to_Treatment_for_S.jpg\" class=\"attachment-full size-full wp-post-image lazyload\" alt=\"\" src=\"data:image\/svg+xml;base64,PHN2ZyB3aWR0aD0iMSIgaGVpZ2h0PSIxIiB4bWxucz0iaHR0cDovL3d3dy53My5vcmcvMjAwMC9zdmciPjwvc3ZnPg==\" style=\"--smush-placeholder-width: 200px; --smush-placeholder-aspect-ratio: 200\/109;\" \/><div class=\"fusion-rollover\">\n\t<div class=\"fusion-rollover-content\">\n\n\t\t\t\t\t\t\t\t\t\t\t\t\t\t<a class=\"fusion-rollover-link\" href=\"https:\/\/www.canaaf.org\/fr\/lontario-fait-figure-de-pionniere-en-offrant-lacces-a-olumiant-de-lilly-pour-le-traitement-de-la-pelade-severe\/\">L&rsquo;Ontario fait figure de pionni\u00e8re en offrant l&rsquo;acc\u00e8s \u00e0 Olumiant\u00ae de Lilly pour le traitement de la pelade s\u00e9v\u00e8re<\/a>\n\t\t\t\n\t\t\t\t\t\t\t\t\n\t\t\n\t\t\t\t\t\t\t\t\n\t\t\t\t\t\t\t\t\n\t\t\n\t\t\t\t\t\t<a class=\"fusion-link-wrapper\" href=\"https:\/\/www.canaaf.org\/fr\/lontario-fait-figure-de-pionniere-en-offrant-lacces-a-olumiant-de-lilly-pour-le-traitement-de-la-pelade-severe\/\" aria-label=\"L&rsquo;Ontario fait figure de pionni\u00e8re en offrant l&rsquo;acc\u00e8s \u00e0 Olumiant\u00ae de Lilly pour le traitement de la pelade s\u00e9v\u00e8re\"><\/a>\n\t<\/div>\n<\/div>\n<\/div>\n<\/li>\n\t\t\t\n\t\t\t\n\t\t\t\t\t\t\t\t\t\t\t\t\t\t\t\t\t\t\t\t\t\t\t\t\t\t\t\t\t\t\t\t\t\t\t\t\t\t\t\t\t\t\t\t\t\t\t\t\t\t\t\t\t\t\t\t\t\t\t\t\t\t\t\t\t\t\t\t<\/ul>\n\t<\/div>\n\t<div class=\"fusion-post-content-wrapper\" style=\"padding:30px 25px 20px 25px;\"><div class=\"fusion-post-content post-content\"><h2 class=\"blog-shortcode-post-title entry-title\">L&rsquo;Ontario fait figure de pionni\u00e8re en offrant l&rsquo;acc\u00e8s \u00e0 Olumiant\u00ae de Lilly pour le traitement de la pelade s\u00e9v\u00e8re<\/h2><div class=\"fusion-post-content-container\"><p>https:\/\/www.newswire.ca\/fr\/news-releases\/l-ontario-fait-figure-de-pionniere-en-offrant-l-acces-a-olumiant-r-de-lilly-pour-le-traitement-de-la-pelade-severe-822183348.html<\/p><\/div><\/div><\/div><div class=\"fusion-clearfix\"><\/div><\/div>\n<\/article>\n<article id=\"blog-1-post-18437\" class=\"fusion-post-grid post-18437 post type-post status-publish format-standard has-post-thumbnail hentry category-non-classifiee\">\n<div class=\"fusion-post-wrapper\" style=\"background-color:rgba(255,255,255,1);border:1px solid #eae9e9;border-bottom-width:3px;\">\n\n\t\t\t<div class=\"fusion-flexslider flexslider fusion-flexslider-loading fusion-post-slideshow\" style=\"border-color:#eae9e9;\">\n\t\t<ul class=\"slides\">\n\t\t\t\n\t\t\t\t\t\t\t\t\t\t\t\t\t\t<li><div  class=\"fusion-image-wrapper\" aria-haspopup=\"true\">\n\t\t\t\t<img decoding=\"async\" width=\"1366\" height=\"768\" data-src=\"https:\/\/www.canaaf.org\/wp-content\/uploads\/2025\/11\/CRS_LOGO_Horizontal.png\" class=\"attachment-full size-full wp-post-image lazyload\" alt=\"\" data-srcset=\"https:\/\/www.canaaf.org\/wp-content\/uploads\/2025\/11\/CRS_LOGO_Horizontal-200x112.png 200w, https:\/\/www.canaaf.org\/wp-content\/uploads\/2025\/11\/CRS_LOGO_Horizontal-400x225.png 400w, https:\/\/www.canaaf.org\/wp-content\/uploads\/2025\/11\/CRS_LOGO_Horizontal-600x337.png 600w, https:\/\/www.canaaf.org\/wp-content\/uploads\/2025\/11\/CRS_LOGO_Horizontal-800x450.png 800w, https:\/\/www.canaaf.org\/wp-content\/uploads\/2025\/11\/CRS_LOGO_Horizontal-1200x675.png 1200w, https:\/\/www.canaaf.org\/wp-content\/uploads\/2025\/11\/CRS_LOGO_Horizontal.png 1366w\" data-sizes=\"(min-width: 2200px) 100vw, (min-width: 824px) 407px, (min-width: 732px) 610px, (min-width: 640px) 732px,\" src=\"data:image\/svg+xml;base64,PHN2ZyB3aWR0aD0iMSIgaGVpZ2h0PSIxIiB4bWxucz0iaHR0cDovL3d3dy53My5vcmcvMjAwMC9zdmciPjwvc3ZnPg==\" style=\"--smush-placeholder-width: 1366px; --smush-placeholder-aspect-ratio: 1366\/768;\" \/><div class=\"fusion-rollover\">\n\t<div class=\"fusion-rollover-content\">\n\n\t\t\t\t\t\t\t\t\t\t\t\t\t\t<a class=\"fusion-rollover-link\" href=\"https:\/\/www.canaaf.org\/fr\/etudes-cliniques-en-cours\/\">\u00c9tudes cliniques en cours<\/a>\n\t\t\t\n\t\t\t\t\t\t\t\t\n\t\t\n\t\t\t\t\t\t\t\t\n\t\t\t\t\t\t\t\t\n\t\t\n\t\t\t\t\t\t<a class=\"fusion-link-wrapper\" href=\"https:\/\/www.canaaf.org\/fr\/etudes-cliniques-en-cours\/\" aria-label=\"\u00c9tudes cliniques en cours\"><\/a>\n\t<\/div>\n<\/div>\n<\/div>\n<\/li>\n\t\t\t\n\t\t\t\n\t\t\t\t\t\t\t\t\t\t\t\t\t\t\t\t\t\t\t\t\t\t\t\t\t\t\t\t\t\t\t\t\t\t\t\t\t\t\t\t\t\t\t\t\t\t\t\t\t\t\t\t\t\t\t\t\t\t\t\t\t\t\t\t\t\t\t\t<\/ul>\n\t<\/div>\n\t<div class=\"fusion-post-content-wrapper\" style=\"padding:30px 25px 20px 25px;\"><div class=\"fusion-post-content post-content\"><h2 class=\"blog-shortcode-post-title entry-title\">\u00c9tudes cliniques en cours<\/h2><div class=\"fusion-post-content-container\"><p>Le Centre de recherche Saint-Louis existe d\u2019abord pour une raison simple : am\u00e9liorer la qualit\u00e9 de vie de l\u2019\u00eatre humain.<\/p><\/div><\/div><\/div><div class=\"fusion-clearfix\"><\/div><\/div>\n<\/article>\n<article id=\"blog-1-post-18367\" class=\"fusion-post-grid post-18367 post type-post status-publish format-standard has-post-thumbnail hentry category-non-classifiee\">\n<div class=\"fusion-post-wrapper\" style=\"background-color:rgba(255,255,255,1);border:1px solid #eae9e9;border-bottom-width:3px;\">\n\n\t\t\t<div class=\"fusion-flexslider flexslider fusion-flexslider-loading fusion-post-slideshow\" style=\"border-color:#eae9e9;\">\n\t\t<ul class=\"slides\">\n\t\t\t\n\t\t\t\t\t\t\t\t\t\t\t\t\t\t<li><div  class=\"fusion-image-wrapper\" aria-haspopup=\"true\">\n\t\t\t\t<img decoding=\"async\" width=\"565\" height=\"380\" data-src=\"https:\/\/www.canaaf.org\/wp-content\/uploads\/2025\/09\/Untitled-design-3.png\" class=\"attachment-full size-full wp-post-image lazyload\" alt=\"\" data-srcset=\"https:\/\/www.canaaf.org\/wp-content\/uploads\/2025\/09\/Untitled-design-3-200x135.png 200w, https:\/\/www.canaaf.org\/wp-content\/uploads\/2025\/09\/Untitled-design-3-400x269.png 400w, https:\/\/www.canaaf.org\/wp-content\/uploads\/2025\/09\/Untitled-design-3.png 565w\" data-sizes=\"(min-width: 2200px) 100vw, (min-width: 824px) 407px, (min-width: 732px) 610px, (min-width: 640px) 732px,\" src=\"data:image\/svg+xml;base64,PHN2ZyB3aWR0aD0iMSIgaGVpZ2h0PSIxIiB4bWxucz0iaHR0cDovL3d3dy53My5vcmcvMjAwMC9zdmciPjwvc3ZnPg==\" style=\"--smush-placeholder-width: 565px; --smush-placeholder-aspect-ratio: 565\/380;\" \/><div class=\"fusion-rollover\">\n\t<div class=\"fusion-rollover-content\">\n\n\t\t\t\t\t\t\t\t\t\t\t\t\t\t<a class=\"fusion-rollover-link\" href=\"https:\/\/www.canaaf.org\/fr\/point-de-vue-des-participants-genevieve-brault-et-dr-lasso\/\">Point de vue des Participants &#8211; Genevieve Brault et Dr Lasso<\/a>\n\t\t\t\n\t\t\t\t\t\t\t\t\n\t\t\n\t\t\t\t\t\t\t\t\n\t\t\t\t\t\t\t\t\n\t\t\n\t\t\t\t\t\t<a class=\"fusion-link-wrapper\" href=\"https:\/\/www.canaaf.org\/fr\/point-de-vue-des-participants-genevieve-brault-et-dr-lasso\/\" aria-label=\"Point de vue des Participants &#8211; Genevieve Brault et Dr Lasso\"><\/a>\n\t<\/div>\n<\/div>\n<\/div>\n<\/li>\n\t\t\t\n\t\t\t\n\t\t\t\t\t\t\t\t\t\t\t\t\t\t\t\t\t\t\t\t\t\t\t\t\t\t\t\t\t\t\t\t\t\t\t\t\t\t\t\t\t\t\t\t\t\t\t\t\t\t\t\t\t\t\t\t\t\t\t\t\t\t\t\t\t\t\t\t<\/ul>\n\t<\/div>\n\t<div class=\"fusion-post-content-wrapper\" style=\"padding:30px 25px 20px 25px;\"><div class=\"fusion-post-content post-content\"><h2 class=\"blog-shortcode-post-title entry-title\">Point de vue des Participants &#8211; Genevieve Brault et Dr Lasso<\/h2><div class=\"fusion-post-content-container\"><p>https:\/\/www.avantages.ca\/microsite\/contenus-partenaires\/point-de-vue-dun-participant\/genevieve-brault-et-dr-lasso\/<\/p><\/div><\/div><\/div><div class=\"fusion-clearfix\"><\/div><\/div>\n<\/article>\n<article id=\"blog-1-post-17861\" class=\"fusion-post-grid post-17861 post type-post status-publish format-standard has-post-thumbnail hentry category-non-classifiee\">\n<div class=\"fusion-post-wrapper\" style=\"background-color:rgba(255,255,255,1);border:1px solid #eae9e9;border-bottom-width:3px;\">\n\n\t\t\t<div class=\"fusion-flexslider flexslider fusion-flexslider-loading fusion-post-slideshow\" style=\"border-color:#eae9e9;\">\n\t\t<ul class=\"slides\">\n\t\t\t\n\t\t\t\t\t\t\t\t\t\t\t\t\t\t<li><div  class=\"fusion-image-wrapper\" aria-haspopup=\"true\">\n\t\t\t\t<img decoding=\"async\" width=\"1390\" height=\"981\" data-src=\"https:\/\/www.canaaf.org\/wp-content\/uploads\/2023\/12\/LillyLogo_RGB_Red-e1707337694841.png\" class=\"attachment-full size-full wp-post-image lazyload\" alt=\"\" src=\"data:image\/svg+xml;base64,PHN2ZyB3aWR0aD0iMSIgaGVpZ2h0PSIxIiB4bWxucz0iaHR0cDovL3d3dy53My5vcmcvMjAwMC9zdmciPjwvc3ZnPg==\" style=\"--smush-placeholder-width: 1390px; --smush-placeholder-aspect-ratio: 1390\/981;\" \/><div class=\"fusion-rollover\">\n\t<div class=\"fusion-rollover-content\">\n\n\t\t\t\t\t\t\t\t\t\t\t\t\t\t<a class=\"fusion-rollover-link\" href=\"https:\/\/www.canaaf.org\/fr\/litfulo\/\">Homologation de Sant\u00e9 Canada : OLUMIANT\u00ae devient la deuxi\u00e8me traitement autoris\u00e9 de l\u2019alop\u00e9cie areata s\u00e9v\u00e8re au Canada<\/a>\n\t\t\t\n\t\t\t\t\t\t\t\t\n\t\t\n\t\t\t\t\t\t\t\t\n\t\t\t\t\t\t\t\t\n\t\t\n\t\t\t\t\t\t<a class=\"fusion-link-wrapper\" href=\"https:\/\/www.canaaf.org\/fr\/litfulo\/\" aria-label=\"Homologation de Sant\u00e9 Canada : OLUMIANT\u00ae devient la deuxi\u00e8me traitement autoris\u00e9 de l\u2019alop\u00e9cie areata s\u00e9v\u00e8re au Canada\"><\/a>\n\t<\/div>\n<\/div>\n<\/div>\n<\/li>\n\t\t\t\n\t\t\t\n\t\t\t\t\t\t\t\t\t\t\t\t\t\t\t\t\t\t\t\t\t\t\t\t\t\t\t\t\t\t\t\t\t\t\t\t\t\t\t\t\t\t\t\t\t\t\t\t\t\t\t\t\t\t\t\t\t\t\t\t\t\t\t\t\t\t\t\t<\/ul>\n\t<\/div>\n\t<div class=\"fusion-post-content-wrapper\" style=\"padding:30px 25px 20px 25px;\"><div class=\"fusion-post-content post-content\"><h2 class=\"blog-shortcode-post-title entry-title\">Homologation de Sant\u00e9 Canada : OLUMIANT\u00ae devient la deuxi\u00e8me traitement autoris\u00e9 de l\u2019alop\u00e9cie areata s\u00e9v\u00e8re au Canada<\/h2><div class=\"fusion-post-content-container\"><p>De 17 \u00e0 22 % des patients recevant OLUMIANT \u00e0 2\u00a0mg\/jour et de 32 \u00e0 35\u00a0% des patients recevant OLUMIANT<\/p><\/div><\/div><\/div><div class=\"fusion-clearfix\"><\/div><\/div>\n<\/article>\n<article id=\"blog-1-post-17729\" class=\"fusion-post-grid post-17729 post type-post status-publish format-standard has-post-thumbnail hentry category-non-classifiee\">\n<div class=\"fusion-post-wrapper\" style=\"background-color:rgba(255,255,255,1);border:1px solid #eae9e9;border-bottom-width:3px;\">\n\n\t\t\t<div class=\"fusion-flexslider flexslider fusion-flexslider-loading fusion-post-slideshow\" style=\"border-color:#eae9e9;\">\n\t\t<ul class=\"slides\">\n\t\t\t\n\t\t\t\t\t\t\t\t\t\t\t\t\t\t<li><div  class=\"fusion-image-wrapper\" aria-haspopup=\"true\">\n\t\t\t\t<img decoding=\"async\" width=\"2048\" height=\"845\" data-src=\"https:\/\/www.canaaf.org\/wp-content\/uploads\/2021\/09\/Pfizer_Logo_Color_RGB.png\" class=\"attachment-full size-full wp-post-image lazyload\" alt=\"\" data-srcset=\"https:\/\/www.canaaf.org\/wp-content\/uploads\/2021\/09\/Pfizer_Logo_Color_RGB-200x83.png 200w, https:\/\/www.canaaf.org\/wp-content\/uploads\/2021\/09\/Pfizer_Logo_Color_RGB-400x165.png 400w, https:\/\/www.canaaf.org\/wp-content\/uploads\/2021\/09\/Pfizer_Logo_Color_RGB-600x248.png 600w, https:\/\/www.canaaf.org\/wp-content\/uploads\/2021\/09\/Pfizer_Logo_Color_RGB-800x330.png 800w, https:\/\/www.canaaf.org\/wp-content\/uploads\/2021\/09\/Pfizer_Logo_Color_RGB-1200x495.png 1200w, https:\/\/www.canaaf.org\/wp-content\/uploads\/2021\/09\/Pfizer_Logo_Color_RGB.png 2048w\" data-sizes=\"(min-width: 2200px) 100vw, (min-width: 824px) 407px, (min-width: 732px) 610px, (min-width: 640px) 732px,\" src=\"data:image\/svg+xml;base64,PHN2ZyB3aWR0aD0iMSIgaGVpZ2h0PSIxIiB4bWxucz0iaHR0cDovL3d3dy53My5vcmcvMjAwMC9zdmciPjwvc3ZnPg==\" style=\"--smush-placeholder-width: 2048px; --smush-placeholder-aspect-ratio: 2048\/845;\" \/><div class=\"fusion-rollover\">\n\t<div class=\"fusion-rollover-content\">\n\n\t\t\t\t\t\t\t\t\t\t\t\t\t\t<a class=\"fusion-rollover-link\" href=\"https:\/\/www.canaaf.org\/fr\/homologation-de-sante-canada-litfulomc-devient-le-premier-traitement-autorise-de-lalopecie-areata-severe-au-canada\/\">Homologation de Sant\u00e9 Canada : LITFULOMC devient le premier traitement autoris\u00e9 de l\u2019alop\u00e9cie areata s\u00e9v\u00e8re au Canada<\/a>\n\t\t\t\n\t\t\t\t\t\t\t\t\n\t\t\n\t\t\t\t\t\t\t\t\n\t\t\t\t\t\t\t\t\n\t\t\n\t\t\t\t\t\t<a class=\"fusion-link-wrapper\" href=\"https:\/\/www.canaaf.org\/fr\/homologation-de-sante-canada-litfulomc-devient-le-premier-traitement-autorise-de-lalopecie-areata-severe-au-canada\/\" aria-label=\"Homologation de Sant\u00e9 Canada : LITFULOMC devient le premier traitement autoris\u00e9 de l\u2019alop\u00e9cie areata s\u00e9v\u00e8re au Canada\"><\/a>\n\t<\/div>\n<\/div>\n<\/div>\n<\/li>\n\t\t\t\n\t\t\t\n\t\t\t\t\t\t\t\t\t\t\t\t\t\t\t\t\t\t\t\t\t\t\t\t\t\t\t\t\t\t\t\t\t\t\t\t\t\t\t\t\t\t\t\t\t\t\t\t\t\t\t\t\t\t\t\t\t\t\t\t\t\t\t\t\t\t\t\t<\/ul>\n\t<\/div>\n\t<div class=\"fusion-post-content-wrapper\" style=\"padding:30px 25px 20px 25px;\"><div class=\"fusion-post-content post-content\"><h2 class=\"blog-shortcode-post-title entry-title\">Homologation de Sant\u00e9 Canada : LITFULOMC devient le premier traitement autoris\u00e9 de l\u2019alop\u00e9cie areata s\u00e9v\u00e8re au Canada<\/h2><div class=\"fusion-post-content-container\"><p>Ce communiqu\u00e9 a \u00e9t\u00e9 mis en ligne le 4 d\u00e9cembre 2023 sur le site de Pfizer. LITFULOMC\u00a0(ritl\u00e9citinib), un inhibiteur de<\/p><\/div><\/div><\/div><div class=\"fusion-clearfix\"><\/div><\/div>\n<\/article>\n<div class=\"fusion-clearfix\"><\/div><\/div><div class=\"fusion-infinite-scroll-trigger\"><\/div><div class=\"pagination infinite-scroll clearfix\" style=\"display:none;\"><span class=\"current\">1<\/span><a href=\"https:\/\/www.canaaf.org\/fr\/wp-json\/wp\/v2\/pages\/16049\/page\/2\/\" class=\"inactive\">2<\/a><a class=\"pagination-next\" rel=\"next\" href=\"https:\/\/www.canaaf.org\/fr\/wp-json\/wp\/v2\/pages\/16049\/page\/2\/\"><span class=\"page-text\">Next<\/span><span class=\"page-next\"><\/span><\/a><\/div><div class=\"fusion-clearfix\"><\/div><\/div><\/div><\/div><\/div><\/div>\n","protected":false},"excerpt":{"rendered":"","protected":false},"author":3,"featured_media":0,"parent":0,"menu_order":0,"comment_status":"closed","ping_status":"closed","template":"100-width.php","meta":{"_monsterinsights_skip_tracking":false,"_monsterinsights_sitenote_active":false,"_monsterinsights_sitenote_note":"","_monsterinsights_sitenote_category":0,"footnotes":""},"class_list":["post-16049","page","type-page","status-publish","hentry"],"yoast_head":"<!-- This site is optimized with the Yoast SEO plugin v27.4 - https:\/\/yoast.com\/product\/yoast-seo-wordpress\/ -->\n<title>Blogue - Fondation Canadienne de l\u2019Alop\u00e9cie Areata<\/title>\n<meta name=\"robots\" content=\"index, follow, max-snippet:-1, max-image-preview:large, max-video-preview:-1\" \/>\n<link rel=\"canonical\" href=\"https:\/\/www.canaaf.org\/fr\/blogue\/\" \/>\n<meta property=\"og:locale\" content=\"fr_FR\" \/>\n<meta property=\"og:type\" content=\"article\" \/>\n<meta property=\"og:title\" content=\"Blogue - Fondation Canadienne de l\u2019Alop\u00e9cie Areata\" \/>\n<meta property=\"og:url\" content=\"https:\/\/www.canaaf.org\/fr\/blogue\/\" \/>\n<meta property=\"og:site_name\" content=\"Fondation Canadienne de l\u2019Alop\u00e9cie Areata\" \/>\n<meta property=\"article:modified_time\" content=\"2022-08-04T15:13:39+00:00\" \/>\n<meta name=\"twitter:label1\" content=\"Dur\u00e9e de lecture estim\u00e9e\" \/>\n\t<meta name=\"twitter:data1\" content=\"1 minute\" \/>\n<script type=\"application\/ld+json\" class=\"yoast-schema-graph\">{\"@context\":\"https:\\\/\\\/schema.org\",\"@graph\":[{\"@type\":\"WebPage\",\"@id\":\"https:\\\/\\\/www.canaaf.org\\\/fr\\\/blogue\\\/\",\"url\":\"https:\\\/\\\/www.canaaf.org\\\/fr\\\/blogue\\\/\",\"name\":\"Blogue - Fondation Canadienne de l\u2019Alop\u00e9cie Areata\",\"isPartOf\":{\"@id\":\"https:\\\/\\\/www.canaaf.org\\\/fr\\\/#website\"},\"datePublished\":\"2021-01-03T18:03:23+00:00\",\"dateModified\":\"2022-08-04T15:13:39+00:00\",\"breadcrumb\":{\"@id\":\"https:\\\/\\\/www.canaaf.org\\\/fr\\\/blogue\\\/#breadcrumb\"},\"inLanguage\":\"fr-FR\",\"potentialAction\":[{\"@type\":\"ReadAction\",\"target\":[\"https:\\\/\\\/www.canaaf.org\\\/fr\\\/blogue\\\/\"]}]},{\"@type\":\"BreadcrumbList\",\"@id\":\"https:\\\/\\\/www.canaaf.org\\\/fr\\\/blogue\\\/#breadcrumb\",\"itemListElement\":[{\"@type\":\"ListItem\",\"position\":1,\"name\":\"Home\",\"item\":\"https:\\\/\\\/www.canaaf.org\\\/fr\\\/\"},{\"@type\":\"ListItem\",\"position\":2,\"name\":\"Blogue\"}]},{\"@type\":\"WebSite\",\"@id\":\"https:\\\/\\\/www.canaaf.org\\\/fr\\\/#website\",\"url\":\"https:\\\/\\\/www.canaaf.org\\\/fr\\\/\",\"name\":\"Fondation Canadienne de l\u2019Alop\u00e9cie Areata\",\"description\":\"Pr\u00e9visible pour une maladie impr\u00e9visible.\",\"potentialAction\":[{\"@type\":\"SearchAction\",\"target\":{\"@type\":\"EntryPoint\",\"urlTemplate\":\"https:\\\/\\\/www.canaaf.org\\\/fr\\\/?s={search_term_string}\"},\"query-input\":{\"@type\":\"PropertyValueSpecification\",\"valueRequired\":true,\"valueName\":\"search_term_string\"}}],\"inLanguage\":\"fr-FR\"}]}<\/script>\n<!-- \/ Yoast SEO plugin. -->","yoast_head_json":{"title":"Blogue - Fondation Canadienne de l\u2019Alop\u00e9cie Areata","robots":{"index":"index","follow":"follow","max-snippet":"max-snippet:-1","max-image-preview":"max-image-preview:large","max-video-preview":"max-video-preview:-1"},"canonical":"https:\/\/www.canaaf.org\/fr\/blogue\/","og_locale":"fr_FR","og_type":"article","og_title":"Blogue - Fondation Canadienne de l\u2019Alop\u00e9cie Areata","og_url":"https:\/\/www.canaaf.org\/fr\/blogue\/","og_site_name":"Fondation Canadienne de l\u2019Alop\u00e9cie Areata","article_modified_time":"2022-08-04T15:13:39+00:00","twitter_misc":{"Dur\u00e9e de lecture estim\u00e9e":"1 minute"},"schema":{"@context":"https:\/\/schema.org","@graph":[{"@type":"WebPage","@id":"https:\/\/www.canaaf.org\/fr\/blogue\/","url":"https:\/\/www.canaaf.org\/fr\/blogue\/","name":"Blogue - Fondation Canadienne de l\u2019Alop\u00e9cie Areata","isPartOf":{"@id":"https:\/\/www.canaaf.org\/fr\/#website"},"datePublished":"2021-01-03T18:03:23+00:00","dateModified":"2022-08-04T15:13:39+00:00","breadcrumb":{"@id":"https:\/\/www.canaaf.org\/fr\/blogue\/#breadcrumb"},"inLanguage":"fr-FR","potentialAction":[{"@type":"ReadAction","target":["https:\/\/www.canaaf.org\/fr\/blogue\/"]}]},{"@type":"BreadcrumbList","@id":"https:\/\/www.canaaf.org\/fr\/blogue\/#breadcrumb","itemListElement":[{"@type":"ListItem","position":1,"name":"Home","item":"https:\/\/www.canaaf.org\/fr\/"},{"@type":"ListItem","position":2,"name":"Blogue"}]},{"@type":"WebSite","@id":"https:\/\/www.canaaf.org\/fr\/#website","url":"https:\/\/www.canaaf.org\/fr\/","name":"Fondation Canadienne de l\u2019Alop\u00e9cie Areata","description":"Pr\u00e9visible pour une maladie impr\u00e9visible.","potentialAction":[{"@type":"SearchAction","target":{"@type":"EntryPoint","urlTemplate":"https:\/\/www.canaaf.org\/fr\/?s={search_term_string}"},"query-input":{"@type":"PropertyValueSpecification","valueRequired":true,"valueName":"search_term_string"}}],"inLanguage":"fr-FR"}]}},"_links":{"self":[{"href":"https:\/\/www.canaaf.org\/fr\/wp-json\/wp\/v2\/pages\/16049","targetHints":{"allow":["GET"]}}],"collection":[{"href":"https:\/\/www.canaaf.org\/fr\/wp-json\/wp\/v2\/pages"}],"about":[{"href":"https:\/\/www.canaaf.org\/fr\/wp-json\/wp\/v2\/types\/page"}],"author":[{"embeddable":true,"href":"https:\/\/www.canaaf.org\/fr\/wp-json\/wp\/v2\/users\/3"}],"replies":[{"embeddable":true,"href":"https:\/\/www.canaaf.org\/fr\/wp-json\/wp\/v2\/comments?post=16049"}],"version-history":[{"count":2,"href":"https:\/\/www.canaaf.org\/fr\/wp-json\/wp\/v2\/pages\/16049\/revisions"}],"predecessor-version":[{"id":16051,"href":"https:\/\/www.canaaf.org\/fr\/wp-json\/wp\/v2\/pages\/16049\/revisions\/16051"}],"wp:attachment":[{"href":"https:\/\/www.canaaf.org\/fr\/wp-json\/wp\/v2\/media?parent=16049"}],"curies":[{"name":"wp","href":"https:\/\/api.w.org\/{rel}","templated":true}]}}