{"id":16105,"date":"2013-10-06T19:47:19","date_gmt":"2013-10-06T19:47:19","guid":{"rendered":"https:\/\/www.canaaf.org\/a-propos-de-lalopecie-areata\/"},"modified":"2022-08-10T15:17:44","modified_gmt":"2022-08-10T15:17:44","slug":"a-propos-de-lalopecie-areata","status":"publish","type":"page","link":"https:\/\/www.canaaf.org\/fr\/a-propos-de-lalopecie-areata\/","title":{"rendered":"\u00c0 propos de l\u2019alop\u00e9cie areata"},"content":{"rendered":"<div class=\"fusion-fullwidth fullwidth-box fusion-builder-row-1 fusion-flex-container nonhundred-percent-fullwidth non-hundred-percent-height-scrolling\" style=\"--awb-border-radius-top-left:0px;--awb-border-radius-top-right:0px;--awb-border-radius-bottom-right:0px;--awb-border-radius-bottom-left:0px;--awb-flex-wrap:wrap;\" ><div class=\"fusion-builder-row fusion-row fusion-flex-align-items-flex-start fusion-flex-content-wrap\" style=\"max-width:1331.2px;margin-left: calc(-4% \/ 2 );margin-right: calc(-4% \/ 2 );\"><div class=\"fusion-layout-column fusion_builder_column fusion-builder-column-0 fusion_builder_column_1_1 1_1 fusion-flex-column fusion-flex-align-self-center\" style=\"--awb-bg-size:cover;--awb-width-large:100%;--awb-margin-top-large:0px;--awb-spacing-right-large:1.92%;--awb-margin-bottom-large:0px;--awb-spacing-left-large:1.92%;--awb-width-medium:100%;--awb-order-medium:0;--awb-spacing-right-medium:1.92%;--awb-spacing-left-medium:1.92%;--awb-width-small:100%;--awb-order-small:0;--awb-spacing-right-small:1.92%;--awb-spacing-left-small:1.92%;\"><div class=\"fusion-column-wrapper fusion-column-has-shadow fusion-flex-justify-content-flex-start fusion-content-layout-column\"><div class=\"fusion-title title fusion-title-1 fusion-title-text fusion-title-size-one\" style=\"--awb-margin-top-small:0px;--awb-margin-right-small:0px;--awb-margin-bottom-small:20px;--awb-margin-left-small:0px;--awb-font-size:30px;\"><div class=\"title-sep-container title-sep-container-left fusion-no-large-visibility fusion-no-medium-visibility fusion-no-small-visibility\"><div class=\"title-sep sep- sep-solid\" style=\"border-color:#e0dede;\"><\/div><\/div><span class=\"awb-title-spacer fusion-no-large-visibility fusion-no-medium-visibility fusion-no-small-visibility\"><\/span><h1 class=\"fusion-title-heading title-heading-left fusion-responsive-typography-calculated\" style=\"margin:0;font-size:1em;--fontSize:30;line-height:0.3;\">L\u2019alop\u00e9cie areata est une maladie auto-immune<\/h1><span class=\"awb-title-spacer\"><\/span><div class=\"title-sep-container title-sep-container-right\"><div class=\"title-sep sep- sep-solid\" style=\"border-color:#e0dede;\"><\/div><\/div><\/div><div class=\"fusion-separator\" style=\"align-self: flex-start;margin-right:auto;margin-bottom:20px;width:100%;max-width:100px;\"><div class=\"fusion-separator-border sep-single sep-solid\" style=\"--awb-height:20px;--awb-amount:20px;border-color:#e0dede;border-top-width:2px;\"><\/div><\/div><div class=\"fusion-text fusion-text-1\" style=\"--awb-font-size:15.5px;--awb-line-height:1.6;--awb-letter-spacing:0.1px;--awb-text-color:#000000;\"><p>L\u2019alop\u00e9cie areata est une maladie auto-immune \u00e0 m\u00e9diation par les cellules T qui affecte les follicules pileux. Cela signifie que les cellules du syst\u00e8me immunitaire, appel\u00e9es cellules T, reconnaissent \u00e0 tort les cellules des follicules pileux comme \u00e9trang\u00e8res et les attaquent.<\/p>\n<\/div><div class=\"fusion-title title fusion-title-2 fusion-title-text fusion-title-size-three\" style=\"--awb-margin-top-small:0px;--awb-margin-right-small:0px;--awb-margin-bottom-small:20px;--awb-margin-left-small:0px;\"><div class=\"title-sep-container title-sep-container-left fusion-no-large-visibility fusion-no-medium-visibility fusion-no-small-visibility\"><div class=\"title-sep sep- sep-solid\" style=\"border-color:#e0dede;\"><\/div><\/div><span class=\"awb-title-spacer fusion-no-large-visibility fusion-no-medium-visibility fusion-no-small-visibility\"><\/span><h3 class=\"fusion-title-heading title-heading-left fusion-responsive-typography-calculated\" style=\"margin:0;--fontSize:26;line-height:1.62;\"><p class=\"fusion-responsive-typography-calculated\" data-fontsize=\"18\" data-lineheight=\"23.94px\">L\u2019alop\u00e9cie areata provoque une inflammation des follicules pileux.<\/p><\/h3><span class=\"awb-title-spacer\"><\/span><div class=\"title-sep-container title-sep-container-right\"><div class=\"title-sep sep- sep-solid\" style=\"border-color:#e0dede;\"><\/div><\/div><\/div><div class=\"fusion-text fusion-text-2\" style=\"--awb-font-size:15.5px;--awb-line-height:1.6;--awb-letter-spacing:0.1px;--awb-text-color:#000000;\"><p>L\u2019attaque auto-immune provoque une inflammation des follicules pileux, ce qui entra\u00eene la perte des cheveux ou des poils, et la capacit\u00e9 de les faire repousser jusqu&rsquo;\u00e0 ce que la r\u00e9ponse soit supprim\u00e9e.<\/p>\n<\/div><div class=\"fusion-title title fusion-title-3 fusion-title-text fusion-title-size-three\" style=\"--awb-margin-top-small:0px;--awb-margin-right-small:0px;--awb-margin-bottom-small:20px;--awb-margin-left-small:0px;\"><div class=\"title-sep-container title-sep-container-left fusion-no-large-visibility fusion-no-medium-visibility fusion-no-small-visibility\"><div class=\"title-sep sep- sep-solid\" style=\"border-color:#e0dede;\"><\/div><\/div><span class=\"awb-title-spacer fusion-no-large-visibility fusion-no-medium-visibility fusion-no-small-visibility\"><\/span><h3 class=\"fusion-title-heading title-heading-left fusion-responsive-typography-calculated\" style=\"margin:0;--fontSize:26;line-height:1.62;\"><p class=\"fusion-responsive-typography-calculated\" data-fontsize=\"18\" data-lineheight=\"23.94px\">L\u2019alop\u00e9cie areata est impr\u00e9visible.<\/p><\/h3><span class=\"awb-title-spacer\"><\/span><div class=\"title-sep-container title-sep-container-right\"><div class=\"title-sep sep- sep-solid\" style=\"border-color:#e0dede;\"><\/div><\/div><\/div><div class=\"fusion-text fusion-text-3\" style=\"--awb-font-size:15.5px;--awb-line-height:1.6;--awb-letter-spacing:0.1px;--awb-text-color:#000000;\"><p>Comme de nombreuses maladies auto-immunes, l\u2019alop\u00e9cie areata est impr\u00e9visible. Il n\u2019y a aucun moyen de d\u00e9terminer quand les cheveux ou les poils tomberont, quelle sera la gravit\u00e9 de la chute, quand ils repousseront et si les cheveux dureront.<\/p>\n<\/div><div class=\"fusion-title title fusion-title-4 fusion-title-text fusion-title-size-three\" style=\"--awb-margin-top-small:0px;--awb-margin-right-small:0px;--awb-margin-bottom-small:20px;--awb-margin-left-small:0px;\"><div class=\"title-sep-container title-sep-container-left fusion-no-large-visibility fusion-no-medium-visibility fusion-no-small-visibility\"><div class=\"title-sep sep- sep-solid\" style=\"border-color:#e0dede;\"><\/div><\/div><span class=\"awb-title-spacer fusion-no-large-visibility fusion-no-medium-visibility fusion-no-small-visibility\"><\/span><h3 class=\"fusion-title-heading title-heading-left fusion-responsive-typography-calculated\" style=\"margin:0;--fontSize:26;line-height:1.62;\"><p class=\"fusion-responsive-typography-calculated\" data-fontsize=\"18\" data-lineheight=\"23.94px\">Chez de nombreuses personnes, l\u2019alop\u00e9cie areata est cyclique.<\/p><\/h3><span class=\"awb-title-spacer\"><\/span><div class=\"title-sep-container title-sep-container-right\"><div class=\"title-sep sep- sep-solid\" style=\"border-color:#e0dede;\"><\/div><\/div><\/div><div class=\"fusion-text fusion-text-4\" style=\"--awb-font-size:15.5px;--awb-line-height:1.6;--awb-letter-spacing:0.1px;--awb-text-color:#000000;\"><p>Chez de nombreuses personnes, l\u2019alop\u00e9cie areata est cyclique, ce qui signifie qu\u2019elles passent par des phases de croissance et de chute des cheveux. Certaines personnes verront leurs cheveux repousser et les conserveront pendant de nombreuses ann\u00e9es avant qu\u2019ils ne tombent \u00e0 nouveau, d\u2019autres ne repousseront pas d\u2019eux-m\u00eames (sans traitement). Bien que plus fr\u00e9quent chez les enfants que chez les adultes, certaines personnes ne connaissent qu\u2019un seul \u00e9pisode d\u2019alop\u00e9cie areata avant que les cheveux repoussent et ne tombent plus.<\/p>\n<\/div><div class=\"fusion-title title fusion-title-5 fusion-title-text fusion-title-size-three\" style=\"--awb-margin-top-small:0px;--awb-margin-right-small:0px;--awb-margin-bottom-small:20px;--awb-margin-left-small:0px;\"><div class=\"title-sep-container title-sep-container-left fusion-no-large-visibility fusion-no-medium-visibility fusion-no-small-visibility\"><div class=\"title-sep sep- sep-solid\" style=\"border-color:#e0dede;\"><\/div><\/div><span class=\"awb-title-spacer fusion-no-large-visibility fusion-no-medium-visibility fusion-no-small-visibility\"><\/span><h3 class=\"fusion-title-heading title-heading-left fusion-responsive-typography-calculated\" style=\"margin:0;--fontSize:26;line-height:1.62;\"><p class=\"fusion-responsive-typography-calculated\" data-fontsize=\"18\" data-lineheight=\"23.94px\">Le follicule pileux est capable de repousser.<\/p><\/h3><span class=\"awb-title-spacer\"><\/span><div class=\"title-sep-container title-sep-container-right\"><div class=\"title-sep sep- sep-solid\" style=\"border-color:#e0dede;\"><\/div><\/div><\/div><div class=\"fusion-text fusion-text-5\" style=\"--awb-font-size:15.5px;--awb-line-height:1.6;--awb-letter-spacing:0.1px;--awb-text-color:#000000;\"><p>L\u2019alop\u00e9cie areata est une alop\u00e9cie sans cicatrices, ce qui signifie que les follicules pileux ne sont PAS d\u00e9truits et qu\u2019ils sont capables de repousser des cheveux si la r\u00e9ponse auto-immune est supprim\u00e9e.<\/p>\n<\/div><div class=\"fusion-title title fusion-title-6 fusion-title-text fusion-title-size-three\" style=\"--awb-margin-top-small:0px;--awb-margin-right-small:0px;--awb-margin-bottom-small:20px;--awb-margin-left-small:0px;\"><div class=\"title-sep-container title-sep-container-left fusion-no-large-visibility fusion-no-medium-visibility fusion-no-small-visibility\"><div class=\"title-sep sep- sep-solid\" style=\"border-color:#e0dede;\"><\/div><\/div><span class=\"awb-title-spacer fusion-no-large-visibility fusion-no-medium-visibility fusion-no-small-visibility\"><\/span><h3 class=\"fusion-title-heading title-heading-left fusion-responsive-typography-calculated\" style=\"margin:0;--fontSize:26;line-height:1.62;\"><p class=\"fusion-responsive-typography-calculated\" data-fontsize=\"18\" data-lineheight=\"23.94px\">Il existe un besoin important d\u2019accro\u00eetre le financement pour la recherche.<\/p><\/h3><span class=\"awb-title-spacer\"><\/span><div class=\"title-sep-container title-sep-container-right\"><div class=\"title-sep sep- sep-solid\" style=\"border-color:#e0dede;\"><\/div><\/div><\/div><div class=\"fusion-text fusion-text-6\" style=\"--awb-font-size:15.5px;--awb-line-height:1.6;--awb-letter-spacing:0.1px;--awb-text-color:#000000;\"><p>Cette impr\u00e9visibilit\u00e9 et cette incompr\u00e9hension soulignent la n\u00e9cessit\u00e9 de financer la recherche biom\u00e9dicale afin de d\u00e9couvrir les m\u00e9canismes internes de la maladie.<\/p>\n<\/div><div class=\"fusion-separator\" style=\"align-self: flex-start;margin-right:auto;margin-bottom:50px;width:100%;max-width:100px;\"><\/div><div class=\"fusion-title title fusion-title-7 fusion-title-text fusion-title-size-one\" style=\"--awb-margin-top-small:0px;--awb-margin-right-small:0px;--awb-margin-bottom-small:20px;--awb-margin-left-small:0px;--awb-font-size:30px;\"><div class=\"title-sep-container title-sep-container-left fusion-no-large-visibility fusion-no-medium-visibility fusion-no-small-visibility\"><div class=\"title-sep sep- sep-solid\" style=\"border-color:#e0dede;\"><\/div><\/div><span class=\"awb-title-spacer fusion-no-large-visibility fusion-no-medium-visibility fusion-no-small-visibility\"><\/span><h1 class=\"fusion-title-heading title-heading-left fusion-responsive-typography-calculated\" style=\"margin:0;font-size:1em;--fontSize:30;line-height:0.3;\">Types d\u2019alop\u00e9cie areata<\/h1><span class=\"awb-title-spacer\"><\/span><div class=\"title-sep-container title-sep-container-right\"><div class=\"title-sep sep- sep-solid\" style=\"border-color:#e0dede;\"><\/div><\/div><\/div><div class=\"fusion-separator\" style=\"align-self: flex-start;margin-right:auto;margin-bottom:20px;width:100%;max-width:100px;\"><div class=\"fusion-separator-border sep-single sep-solid\" style=\"--awb-height:20px;--awb-amount:20px;border-color:#e0dede;border-top-width:2px;\"><\/div><\/div><div class=\"fusion-title title fusion-title-8 fusion-title-text fusion-title-size-three\" style=\"--awb-margin-top-small:0px;--awb-margin-right-small:0px;--awb-margin-bottom-small:20px;--awb-margin-left-small:0px;\"><div class=\"title-sep-container title-sep-container-left fusion-no-large-visibility fusion-no-medium-visibility fusion-no-small-visibility\"><div class=\"title-sep sep- sep-solid\" style=\"border-color:#e0dede;\"><\/div><\/div><span class=\"awb-title-spacer fusion-no-large-visibility fusion-no-medium-visibility fusion-no-small-visibility\"><\/span><h3 class=\"fusion-title-heading title-heading-left fusion-responsive-typography-calculated\" style=\"margin:0;--fontSize:26;line-height:1.62;\"><p class=\"fusion-responsive-typography-calculated\" data-fontsize=\"18\" data-lineheight=\"23.94px\">L\u2019alop\u00e9cie areata peut se pr\u00e9senter sous de nombreuses formes.<\/p><\/h3><span class=\"awb-title-spacer\"><\/span><div class=\"title-sep-container title-sep-container-right\"><div class=\"title-sep sep- sep-solid\" style=\"border-color:#e0dede;\"><\/div><\/div><\/div><div class=\"fusion-text fusion-text-7\" style=\"--awb-font-size:15.5px;--awb-line-height:1.6;--awb-letter-spacing:0.1px;--awb-text-color:#000000;\"><p>Vous trouverez ci-dessous tous les types connus d\u2019alop\u00e9cie areata :<\/p>\n<p><strong>Alop\u00e9cie areata localis\u00e9e : <\/strong>une ou plusieurs plaques sans cheveux sur le cuir chevelu. On parle parfois d\u2019alop\u00e9cie areata par plaques.<\/p>\n<p><strong>Alop\u00e9cie barbae : <\/strong>une ou plusieurs plaques sans poil au niveau du visage.<\/p>\n<p><strong>Alop\u00e9cie areata ophiasique : <\/strong>perte de cheveux sur les c\u00f4t\u00e9s et l&rsquo;arri\u00e8re du cuir chevelu.<\/p>\n<p><strong>Alop\u00e9cie areata sisaipho : <\/strong>perte de cheveux sur le sommet de la t\u00eate.<\/p>\n<p><strong>Alop\u00e9cie totale : <\/strong>perte de tous les cheveux du cuir chevelu.<\/p>\n<p><strong>Alopecia areata incognita : <\/strong>perte de cheveux diffuse sur le cuir chevelu n\u2019occasionnant pas de calvitie compl\u00e8te.<\/p>\n<p><strong>Alop\u00e9cie universelle : <\/strong>perte de tous les poils du corps, y compris le cuir chevelu, les sourcils, les cils et les poils du corps.<\/p>\n<\/div><div class=\"fusion-separator\" style=\"align-self: flex-start;margin-right:auto;margin-bottom:15px;width:100%;max-width:100px;\"><\/div><div style=\"text-align:center;\"><a class=\"fusion-button button-flat fusion-button-default-size button-default fusion-button-default button-1 fusion-button-span-no fusion-button-default-type\" style=\"--awb-margin-top:32px;--button_text_transform:none;\" target=\"_self\" href=\"https:\/\/www.canaaf.org\/fr\/recherche\/\"><i class=\"fa-book-medical fas awb-button__icon awb-button__icon--default button-icon-left\" aria-hidden=\"true\"><\/i><span class=\"fusion-button-text awb-button__text awb-button__text--default\">Lire \u00e0 propos de recherches r\u00e9centes<\/span><\/a><\/div><\/div><\/div><\/div><\/div>\n","protected":false},"excerpt":{"rendered":"","protected":false},"author":1,"featured_media":0,"parent":0,"menu_order":0,"comment_status":"closed","ping_status":"open","template":"","meta":{"_monsterinsights_skip_tracking":false,"_monsterinsights_sitenote_active":false,"_monsterinsights_sitenote_note":"","_monsterinsights_sitenote_category":0,"footnotes":""},"class_list":["post-16105","page","type-page","status-publish","hentry"],"yoast_head":"<!-- This site is optimized with the Yoast SEO plugin v27.6 - https:\/\/yoast.com\/product\/yoast-seo-wordpress\/ -->\n<title>\u00c0 propos de l\u2019alop\u00e9cie areata - Fondation Canadienne de l\u2019Alop\u00e9cie Areata<\/title>\n<meta name=\"description\" content=\"L\u2019alop\u00e9cie areata est une maladie auto-immune qui provoque une perte de cheveux impr\u00e9visible et souvent d\u00e9vastatrice. La gravit\u00e9 de la perte de cheveux peut aller de l\u2019apparition de plaques d\u00e9nud\u00e9es sur le cuir chevelu \u00e0 la perte totale des cheveux et des poils sur le corps.\" \/>\n<meta name=\"robots\" content=\"index, follow, max-snippet:-1, max-image-preview:large, max-video-preview:-1\" \/>\n<link rel=\"canonical\" href=\"https:\/\/www.canaaf.org\/fr\/a-propos-de-lalopecie-areata\/\" \/>\n<meta property=\"og:locale\" content=\"fr_FR\" \/>\n<meta property=\"og:type\" content=\"article\" \/>\n<meta property=\"og:title\" content=\"\u00c0 propos de l\u2019alop\u00e9cie areata - Fondation Canadienne de l\u2019Alop\u00e9cie Areata\" \/>\n<meta property=\"og:description\" content=\"L\u2019alop\u00e9cie areata est une maladie auto-immune qui provoque une perte de cheveux impr\u00e9visible et souvent d\u00e9vastatrice. La gravit\u00e9 de la perte de cheveux peut aller de l\u2019apparition de plaques d\u00e9nud\u00e9es sur le cuir chevelu \u00e0 la perte totale des cheveux et des poils sur le corps.\" \/>\n<meta property=\"og:url\" content=\"https:\/\/www.canaaf.org\/fr\/a-propos-de-lalopecie-areata\/\" \/>\n<meta property=\"og:site_name\" content=\"Fondation Canadienne de l\u2019Alop\u00e9cie Areata\" \/>\n<meta property=\"article:modified_time\" content=\"2022-08-10T15:17:44+00:00\" \/>\n<meta name=\"twitter:label1\" content=\"Dur\u00e9e de lecture estim\u00e9e\" \/>\n\t<meta name=\"twitter:data1\" content=\"6 minutes\" \/>\n<script type=\"application\/ld+json\" class=\"yoast-schema-graph\">{\"@context\":\"https:\\\/\\\/schema.org\",\"@graph\":[{\"@type\":\"WebPage\",\"@id\":\"https:\\\/\\\/www.canaaf.org\\\/fr\\\/a-propos-de-lalopecie-areata\\\/\",\"url\":\"https:\\\/\\\/www.canaaf.org\\\/fr\\\/a-propos-de-lalopecie-areata\\\/\",\"name\":\"\u00c0 propos de l\u2019alop\u00e9cie areata - Fondation Canadienne de l\u2019Alop\u00e9cie Areata\",\"isPartOf\":{\"@id\":\"https:\\\/\\\/www.canaaf.org\\\/fr\\\/#website\"},\"datePublished\":\"2013-10-06T19:47:19+00:00\",\"dateModified\":\"2022-08-10T15:17:44+00:00\",\"description\":\"L\u2019alop\u00e9cie areata est une maladie auto-immune qui provoque une perte de cheveux impr\u00e9visible et souvent d\u00e9vastatrice. La gravit\u00e9 de la perte de cheveux peut aller de l\u2019apparition de plaques d\u00e9nud\u00e9es sur le cuir chevelu \u00e0 la perte totale des cheveux et des poils sur le corps.\",\"breadcrumb\":{\"@id\":\"https:\\\/\\\/www.canaaf.org\\\/fr\\\/a-propos-de-lalopecie-areata\\\/#breadcrumb\"},\"inLanguage\":\"fr-FR\",\"potentialAction\":[{\"@type\":\"ReadAction\",\"target\":[\"https:\\\/\\\/www.canaaf.org\\\/fr\\\/a-propos-de-lalopecie-areata\\\/\"]}]},{\"@type\":\"BreadcrumbList\",\"@id\":\"https:\\\/\\\/www.canaaf.org\\\/fr\\\/a-propos-de-lalopecie-areata\\\/#breadcrumb\",\"itemListElement\":[{\"@type\":\"ListItem\",\"position\":1,\"name\":\"Home\",\"item\":\"https:\\\/\\\/www.canaaf.org\\\/fr\\\/\"},{\"@type\":\"ListItem\",\"position\":2,\"name\":\"\u00c0 propos de l\u2019alop\u00e9cie areata\"}]},{\"@type\":\"WebSite\",\"@id\":\"https:\\\/\\\/www.canaaf.org\\\/fr\\\/#website\",\"url\":\"https:\\\/\\\/www.canaaf.org\\\/fr\\\/\",\"name\":\"Fondation Canadienne de l\u2019Alop\u00e9cie Areata\",\"description\":\"Pr\u00e9visible pour une maladie impr\u00e9visible.\",\"potentialAction\":[{\"@type\":\"SearchAction\",\"target\":{\"@type\":\"EntryPoint\",\"urlTemplate\":\"https:\\\/\\\/www.canaaf.org\\\/fr\\\/?s={search_term_string}\"},\"query-input\":{\"@type\":\"PropertyValueSpecification\",\"valueRequired\":true,\"valueName\":\"search_term_string\"}}],\"inLanguage\":\"fr-FR\"}]}<\/script>\n<!-- \/ Yoast SEO plugin. -->","yoast_head_json":{"title":"\u00c0 propos de l\u2019alop\u00e9cie areata - Fondation Canadienne de l\u2019Alop\u00e9cie Areata","description":"L\u2019alop\u00e9cie areata est une maladie auto-immune qui provoque une perte de cheveux impr\u00e9visible et souvent d\u00e9vastatrice. La gravit\u00e9 de la perte de cheveux peut aller de l\u2019apparition de plaques d\u00e9nud\u00e9es sur le cuir chevelu \u00e0 la perte totale des cheveux et des poils sur le corps.","robots":{"index":"index","follow":"follow","max-snippet":"max-snippet:-1","max-image-preview":"max-image-preview:large","max-video-preview":"max-video-preview:-1"},"canonical":"https:\/\/www.canaaf.org\/fr\/a-propos-de-lalopecie-areata\/","og_locale":"fr_FR","og_type":"article","og_title":"\u00c0 propos de l\u2019alop\u00e9cie areata - Fondation Canadienne de l\u2019Alop\u00e9cie Areata","og_description":"L\u2019alop\u00e9cie areata est une maladie auto-immune qui provoque une perte de cheveux impr\u00e9visible et souvent d\u00e9vastatrice. La gravit\u00e9 de la perte de cheveux peut aller de l\u2019apparition de plaques d\u00e9nud\u00e9es sur le cuir chevelu \u00e0 la perte totale des cheveux et des poils sur le corps.","og_url":"https:\/\/www.canaaf.org\/fr\/a-propos-de-lalopecie-areata\/","og_site_name":"Fondation Canadienne de l\u2019Alop\u00e9cie Areata","article_modified_time":"2022-08-10T15:17:44+00:00","twitter_misc":{"Dur\u00e9e de lecture estim\u00e9e":"6 minutes"},"schema":{"@context":"https:\/\/schema.org","@graph":[{"@type":"WebPage","@id":"https:\/\/www.canaaf.org\/fr\/a-propos-de-lalopecie-areata\/","url":"https:\/\/www.canaaf.org\/fr\/a-propos-de-lalopecie-areata\/","name":"\u00c0 propos de l\u2019alop\u00e9cie areata - Fondation Canadienne de l\u2019Alop\u00e9cie Areata","isPartOf":{"@id":"https:\/\/www.canaaf.org\/fr\/#website"},"datePublished":"2013-10-06T19:47:19+00:00","dateModified":"2022-08-10T15:17:44+00:00","description":"L\u2019alop\u00e9cie areata est une maladie auto-immune qui provoque une perte de cheveux impr\u00e9visible et souvent d\u00e9vastatrice. La gravit\u00e9 de la perte de cheveux peut aller de l\u2019apparition de plaques d\u00e9nud\u00e9es sur le cuir chevelu \u00e0 la perte totale des cheveux et des poils sur le corps.","breadcrumb":{"@id":"https:\/\/www.canaaf.org\/fr\/a-propos-de-lalopecie-areata\/#breadcrumb"},"inLanguage":"fr-FR","potentialAction":[{"@type":"ReadAction","target":["https:\/\/www.canaaf.org\/fr\/a-propos-de-lalopecie-areata\/"]}]},{"@type":"BreadcrumbList","@id":"https:\/\/www.canaaf.org\/fr\/a-propos-de-lalopecie-areata\/#breadcrumb","itemListElement":[{"@type":"ListItem","position":1,"name":"Home","item":"https:\/\/www.canaaf.org\/fr\/"},{"@type":"ListItem","position":2,"name":"\u00c0 propos de l\u2019alop\u00e9cie areata"}]},{"@type":"WebSite","@id":"https:\/\/www.canaaf.org\/fr\/#website","url":"https:\/\/www.canaaf.org\/fr\/","name":"Fondation Canadienne de l\u2019Alop\u00e9cie Areata","description":"Pr\u00e9visible pour une maladie impr\u00e9visible.","potentialAction":[{"@type":"SearchAction","target":{"@type":"EntryPoint","urlTemplate":"https:\/\/www.canaaf.org\/fr\/?s={search_term_string}"},"query-input":{"@type":"PropertyValueSpecification","valueRequired":true,"valueName":"search_term_string"}}],"inLanguage":"fr-FR"}]}},"_links":{"self":[{"href":"https:\/\/www.canaaf.org\/fr\/wp-json\/wp\/v2\/pages\/16105","targetHints":{"allow":["GET"]}}],"collection":[{"href":"https:\/\/www.canaaf.org\/fr\/wp-json\/wp\/v2\/pages"}],"about":[{"href":"https:\/\/www.canaaf.org\/fr\/wp-json\/wp\/v2\/types\/page"}],"author":[{"embeddable":true,"href":"https:\/\/www.canaaf.org\/fr\/wp-json\/wp\/v2\/users\/1"}],"replies":[{"embeddable":true,"href":"https:\/\/www.canaaf.org\/fr\/wp-json\/wp\/v2\/comments?post=16105"}],"version-history":[{"count":5,"href":"https:\/\/www.canaaf.org\/fr\/wp-json\/wp\/v2\/pages\/16105\/revisions"}],"predecessor-version":[{"id":16325,"href":"https:\/\/www.canaaf.org\/fr\/wp-json\/wp\/v2\/pages\/16105\/revisions\/16325"}],"wp:attachment":[{"href":"https:\/\/www.canaaf.org\/fr\/wp-json\/wp\/v2\/media?parent=16105"}],"curies":[{"name":"wp","href":"https:\/\/api.w.org\/{rel}","templated":true}]}}