{"id":16111,"date":"2021-09-17T18:57:20","date_gmt":"2021-09-17T18:57:20","guid":{"rendered":"https:\/\/www.canaaf.org\/a-propos-de-nous\/conseil-dadministration\/"},"modified":"2024-10-16T23:46:35","modified_gmt":"2024-10-16T23:46:35","slug":"administration","status":"publish","type":"page","link":"https:\/\/www.canaaf.org\/fr\/a-propos-de-nous\/administration\/","title":{"rendered":"Conseil d\u2019administration"},"content":{"rendered":"<p><div class=\"fusion-fullwidth fullwidth-box fusion-builder-row-1 fusion-flex-container nonhundred-percent-fullwidth non-hundred-percent-height-scrolling\" style=\"--awb-border-radius-top-left:0px;--awb-border-radius-top-right:0px;--awb-border-radius-bottom-right:0px;--awb-border-radius-bottom-left:0px;--awb-flex-wrap:wrap;\" ><div class=\"fusion-builder-row fusion-row fusion-flex-align-items-flex-start fusion-flex-content-wrap\" style=\"max-width:1331.2px;margin-left: calc(-4% \/ 2 );margin-right: calc(-4% \/ 2 );\"><div class=\"fusion-layout-column fusion_builder_column fusion-builder-column-0 fusion_builder_column_1_1 1_1 fusion-flex-column\" style=\"--awb-bg-size:cover;--awb-width-large:100%;--awb-margin-top-large:0px;--awb-spacing-right-large:1.92%;--awb-margin-bottom-large:0px;--awb-spacing-left-large:1.92%;--awb-width-medium:100%;--awb-order-medium:0;--awb-spacing-right-medium:1.92%;--awb-spacing-left-medium:1.92%;--awb-width-small:100%;--awb-order-small:0;--awb-spacing-right-small:1.92%;--awb-spacing-left-small:1.92%;\"><div class=\"fusion-column-wrapper fusion-column-has-shadow fusion-flex-justify-content-flex-start fusion-content-layout-column\"><div class=\"fusion-flip-boxes flip-boxes row fusion-columns-3 flip-effect-classic equal-heights\"><div class=\"fusion-flip-box-wrapper fusion-column col-lg-4 col-md-4 col-sm-4\"><div class=\"fusion-flip-box flip-right\" tabindex=\"0\"><div class=\"flip-box-inner-wrapper\"><div class=\"flip-box-front\" style=\"--awb-background-color-front:#e5e5e5;\"><div class=\"flip-box-front-inner\"><div class=\"flip-box-grafix flip-box-image\"><img decoding=\"async\" data-src=\"https:\/\/www.canaaf.org\/wp-content\/uploads\/2021\/09\/1-150x150.png\" width=\"150\" height=\"150\" alt=\"\" src=\"data:image\/svg+xml;base64,PHN2ZyB3aWR0aD0iMSIgaGVpZ2h0PSIxIiB4bWxucz0iaHR0cDovL3d3dy53My5vcmcvMjAwMC9zdmciPjwvc3ZnPg==\" class=\"lazyload\" style=\"--smush-placeholder-width: 150px; --smush-placeholder-aspect-ratio: 150\/150;\" \/><\/div><h2 class=\"flip-box-heading\">Carolynne <\/h2>Pr\u00e9sidenteBurlington, ON<\/div><\/div><div class=\"flip-box-back\"><div class=\"flip-box-back-inner\"><h3 class=\"flip-box-heading-back\">Adh\u00e9sion en 2017<\/h3>\n<p>C\u2019est un honneur de servir en tant que pr\u00e9sidente de la FCANAA. Le fait d\u2019entrer en contact avec de nombreuses personnes qui nous soutiennent lors des \u00e9v\u00e9nements et des conf\u00e9rences de la FCANAA nous a \u00e9norm\u00e9ment aid\u00e9s dans notre cheminement avec l\u2019alop\u00e9cie de ma fille. Je ferai de mon mieux pour aider la FCANAA \u00e0 se d\u00e9velopper en tant qu\u2019organisation.<\/p>\n<\/div><\/div><\/div><\/div><\/div><div class=\"fusion-flip-box-wrapper fusion-column col-lg-4 col-md-4 col-sm-4\"><div class=\"fusion-flip-box flip-right\" tabindex=\"0\"><div class=\"flip-box-inner-wrapper\"><div class=\"flip-box-front\" style=\"--awb-background-color-front:#e5e5e5;\"><div class=\"flip-box-front-inner\"><div class=\"flip-box-grafix flip-box-image\"><img decoding=\"async\" data-src=\"https:\/\/www.canaaf.org\/wp-content\/uploads\/2021\/09\/3-1-150x150.png\" width=\"150\" height=\"150\" alt=\"\" src=\"data:image\/svg+xml;base64,PHN2ZyB3aWR0aD0iMSIgaGVpZ2h0PSIxIiB4bWxucz0iaHR0cDovL3d3dy53My5vcmcvMjAwMC9zdmciPjwvc3ZnPg==\" class=\"lazyload\" style=\"--smush-placeholder-width: 150px; --smush-placeholder-aspect-ratio: 150\/150;\" \/><\/div><h2 class=\"flip-box-heading\">Melissa <\/h2>Vice-pr\u00e9sidenteTimberlea, N.-\u00c9.<\/div><\/div><div class=\"flip-box-back\"><div class=\"flip-box-back-inner\"><h3 class=\"flip-box-heading-back\">Adh\u00e9sion en 2015<\/h3>\n<p>Bonjour de la C\u00f4te Est! Mon cheminement avec d\u2019alop\u00e9cie a commenc\u00e9 il y a plus de 30 ans et mon fils a \u00e9t\u00e9 diagnostiqu\u00e9 en 2014. La FCANAA a \u00e9t\u00e9 un ajout heureux \u00e0 notre cercle de soutien!<\/p>\n<\/div><\/div><\/div><\/div><\/div><div class=\"fusion-flip-box-wrapper fusion-column col-lg-4 col-md-4 col-sm-4\"><div class=\"fusion-flip-box flip-right\" tabindex=\"0\"><div class=\"flip-box-inner-wrapper\"><div class=\"flip-box-front\" style=\"--awb-background-color-front:#e5e5e5;\"><div class=\"flip-box-front-inner\"><div class=\"flip-box-grafix flip-box-image\"><img decoding=\"async\" data-src=\"https:\/\/www.canaaf.org\/wp-content\/uploads\/2021\/09\/8-150x150.png\" width=\"150\" height=\"150\" alt=\"\" src=\"data:image\/svg+xml;base64,PHN2ZyB3aWR0aD0iMSIgaGVpZ2h0PSIxIiB4bWxucz0iaHR0cDovL3d3dy53My5vcmcvMjAwMC9zdmciPjwvc3ZnPg==\" class=\"lazyload\" style=\"--smush-placeholder-width: 150px; --smush-placeholder-aspect-ratio: 150\/150;\" \/><\/div><h2 class=\"flip-box-heading\">Susan <\/h2>Tr\u00e9sori\u00e8reKing City, ON<\/div><\/div><div class=\"flip-box-back\"><div class=\"flip-box-back-inner\"><h3 class=\"flip-box-heading-back\">Adh\u00e9sion en 2014<\/h3>\n<p>Ma fille a re\u00e7u un diagnostic d\u2019alop\u00e9cie en 2003. Je me suis jointe au conseil d\u2019administration de la FCANAA pour soutenir d\u2019autres parents qui luttent pour aider leurs enfants \u00e0 vivre avec cette maladie. J\u2019esp\u00e8re pouvoir aider votre famille comme la FCANAA a aid\u00e9 la mienne.<\/p>\n<\/div><\/div><\/div><\/div><\/div><div class=\"fusion-flip-box-wrapper fusion-column col-lg-4 col-md-4 col-sm-4\"><div class=\"fusion-flip-box flip-right\" tabindex=\"0\"><div class=\"flip-box-inner-wrapper\"><div class=\"flip-box-front\" style=\"--awb-background-color-front:#e5e5e5;\"><div class=\"flip-box-front-inner\"><div class=\"flip-box-grafix flip-box-image\"><img decoding=\"async\" data-src=\"https:\/\/www.canaaf.org\/wp-content\/uploads\/2022\/08\/Lauryn3-150x150.jpg\" width=\"150\" height=\"150\" alt=\"Lauryn Harrison, secr\u00e9taire du CANAAF\" src=\"data:image\/svg+xml;base64,PHN2ZyB3aWR0aD0iMSIgaGVpZ2h0PSIxIiB4bWxucz0iaHR0cDovL3d3dy53My5vcmcvMjAwMC9zdmciPjwvc3ZnPg==\" class=\"lazyload\" style=\"--smush-placeholder-width: 150px; --smush-placeholder-aspect-ratio: 150\/150;\" \/><\/div><h2 class=\"flip-box-heading\">Lauryn <\/h2>Pr\u00e9sident de la collecte de fondsBurlington, ON<\/div><\/div><div class=\"flip-box-back\"><div class=\"flip-box-back-inner\"><h3 class=\"flip-box-heading-back\">Adh\u00e9sion en 2021<\/h3>\n<p>Bonjour! Je suis \u00e9tudiante \u00e0 l\u2019Universit\u00e9 McMaster et je poursuis mes \u00e9tudes pour obtenir un baccalaur\u00e9at en administration. J\u2019ai d\u00e9velopp\u00e9 une alop\u00e9cie universelle \u00e0 l\u2019\u00e2ge de 13 ans. La FCANAA a \u00e9t\u00e9 un incroyable pilier qui m&rsquo;a soutenu dans mon parcours. Je m\u2019efforce de faire preuve de bont\u00e9 alors que notre communaut\u00e9 continue de s\u2019\u00e9panouir.<\/p>\n<\/div><\/div><\/div><\/div><\/div><div class=\"fusion-flip-box-wrapper fusion-column col-lg-4 col-md-4 col-sm-4\"><div class=\"fusion-flip-box flip-right\" tabindex=\"0\"><div class=\"flip-box-inner-wrapper\"><div class=\"flip-box-front\" style=\"--awb-background-color-front:#e5e5e5;\"><div class=\"flip-box-front-inner\"><div class=\"flip-box-grafix flip-box-image\"><img decoding=\"async\" data-src=\"https:\/\/www.canaaf.org\/wp-content\/uploads\/2023\/11\/Avery-Lupmanis-Headshot-150x150.jpg\" width=\"150\" height=\"150\" alt=\"\" src=\"data:image\/svg+xml;base64,PHN2ZyB3aWR0aD0iMSIgaGVpZ2h0PSIxIiB4bWxucz0iaHR0cDovL3d3dy53My5vcmcvMjAwMC9zdmciPjwvc3ZnPg==\" class=\"lazyload\" style=\"--smush-placeholder-width: 150px; --smush-placeholder-aspect-ratio: 150\/150;\" \/><\/div><h2 class=\"flip-box-heading\">Avery<\/h2>Relations publiques<\/div><\/div><div class=\"flip-box-back\"><div class=\"flip-box-back-inner\"><h3 class=\"flip-box-heading-back\">Adh\u00e9sion en 2023<\/h3>\n<p>Bonjour! J\u2019ai d\u00e9velopp\u00e9 une alop\u00e9cie areata pour la premi\u00e8re fois \u00e0 l\u2019\u00e2ge de 22 ans et depuis, je porte des perruques. Je suis honor\u00e9 de faire partie du conseil d&rsquo;administration de la CANAAF pour contribuer \u00e0 faire conna\u00eetre l&rsquo;alop\u00e9cie et, esp\u00e9rons-le, connecter d&rsquo;autres personnes \u00e0 la fondation.<\/p>\n<\/div><\/div><\/div><\/div><\/div><div class=\"fusion-flip-box-wrapper fusion-column col-lg-4 col-md-4 col-sm-4\"><div class=\"fusion-flip-box flip-right\" tabindex=\"0\"><div class=\"flip-box-inner-wrapper\"><div class=\"flip-box-front\" style=\"--awb-background-color-front:#e5e5e5;\"><div class=\"flip-box-front-inner\"><div class=\"flip-box-grafix flip-box-image\"><img decoding=\"async\" data-src=\"https:\/\/www.canaaf.org\/wp-content\/uploads\/2024\/06\/Yvonne-headshot-150x150.jpg\" width=\"150\" height=\"150\" alt=\"\" src=\"data:image\/svg+xml;base64,PHN2ZyB3aWR0aD0iMSIgaGVpZ2h0PSIxIiB4bWxucz0iaHR0cDovL3d3dy53My5vcmcvMjAwMC9zdmciPjwvc3ZnPg==\" class=\"lazyload\" style=\"--smush-placeholder-width: 150px; --smush-placeholder-aspect-ratio: 150\/150;\" \/><\/div><h2 class=\"flip-box-heading\">Yvonne<\/h2>Secretaire<\/div><\/div><div class=\"flip-box-back\"><div class=\"flip-box-back-inner\"><h3 class=\"flip-box-heading-back\">Adh\u00e9sion en 2023<\/h3><\/div><\/div><\/div><\/div><\/div><div class=\"fusion-flip-box-wrapper fusion-column col-lg-4 col-md-4 col-sm-4\"><div class=\"fusion-flip-box flip-right\" tabindex=\"0\"><div class=\"flip-box-inner-wrapper\"><div class=\"flip-box-front\" style=\"--awb-background-color-front:#e5e5e5;\"><div class=\"flip-box-front-inner\"><div class=\"flip-box-grafix flip-box-image\"><img decoding=\"async\" data-src=\"https:\/\/www.canaaf.org\/wp-content\/uploads\/2024\/07\/IMG_2661-150x150.jpg\" width=\"150\" height=\"150\" alt=\"\" src=\"data:image\/svg+xml;base64,PHN2ZyB3aWR0aD0iMSIgaGVpZ2h0PSIxIiB4bWxucz0iaHR0cDovL3d3dy53My5vcmcvMjAwMC9zdmciPjwvc3ZnPg==\" class=\"lazyload\" style=\"--smush-placeholder-width: 150px; --smush-placeholder-aspect-ratio: 150\/150;\" \/><\/div><h2 class=\"flip-box-heading\">Genevi\u00e8ve<\/h2>Liaison avec les francophonesMontr\u00e9al, QC<\/div><\/div><div class=\"flip-box-back\"><div class=\"flip-box-back-inner\"><h3 class=\"flip-box-heading-back\">Adh\u00e9sion en 2024<\/h3>\n<p>Bonjour, Je suis ergoth\u00e9rapeute en p\u00e9diatrie et une passionn\u00e9e de danse et d\u2019animaux. Je vis avec l\u2019alop\u00e9cie depuis l\u2019\u00e2ge de 9 ans. J\u2019ai le d\u00e9sir de contribuer \u00e0 l\u2019accessibilit\u00e9 de la FCANAA et de toutes ses ressources et connaissances \u00e0 la communaut\u00e9 francophone du Canada et de sensibiliser la population \u00e0 cette\u00a0 condition auto-immune.<\/p>\n<\/div><\/div><\/div><\/div><\/div><div class=\"fusion-flip-box-wrapper fusion-column col-lg-4 col-md-4 col-sm-4\"><div class=\"fusion-flip-box flip-right\" tabindex=\"0\"><div class=\"flip-box-inner-wrapper\"><div class=\"flip-box-front\" style=\"--awb-background-color-front:#e5e5e5;\"><div class=\"flip-box-front-inner\"><div class=\"flip-box-grafix flip-box-image\"><img decoding=\"async\" data-src=\"https:\/\/www.canaaf.org\/wp-content\/uploads\/2021\/09\/5-1-150x150.png\" width=\"150\" height=\"150\" alt=\"\" src=\"data:image\/svg+xml;base64,PHN2ZyB3aWR0aD0iMSIgaGVpZ2h0PSIxIiB4bWxucz0iaHR0cDovL3d3dy53My5vcmcvMjAwMC9zdmciPjwvc3ZnPg==\" class=\"lazyload\" style=\"--smush-placeholder-width: 150px; --smush-placeholder-aspect-ratio: 150\/150;\" \/><\/div><h2 class=\"flip-box-heading\">Audrey <\/h2>Communication Scientifique et de Recherche Montr\u00e9al, QC<\/div><\/div><div class=\"flip-box-back\"><div class=\"flip-box-back-inner\"><h3 class=\"flip-box-heading-back\">Adh\u00e9sion en 2021<\/h3>\n<p>Bonjour, je suis une \u00e9tudiante au doctorat en microbiologie et en immunologie \u00e0 l&rsquo;Universit\u00e9 McGill. Mon parcours avec l\u2019alop\u00e9cie universelle a commenc\u00e9 lorsque j\u2019ai perdu tous mes cheveux, mes cils et mes sourcils \u00e0 l\u2019\u00e2ge de 7 ans. Ma mission est de promouvoir la recherche scientifique, d&rsquo;offrir un soutien sur les sujets li\u00e9s aux sciences et de rendre les r\u00e9sultats scientifiques publi\u00e9s accessibles \u00e0 notre communaut\u00e9.<\/p>\n<\/div><\/div><\/div><\/div><\/div><\/div><\/div><\/div><\/div><\/div><div class=\"fusion-fullwidth fullwidth-box fusion-builder-row-2 fusion-flex-container nonhundred-percent-fullwidth non-hundred-percent-height-scrolling\" style=\"--awb-border-radius-top-left:0px;--awb-border-radius-top-right:0px;--awb-border-radius-bottom-right:0px;--awb-border-radius-bottom-left:0px;--awb-flex-wrap:wrap;\" ><div class=\"fusion-builder-row fusion-row fusion-flex-align-items-flex-start fusion-flex-content-wrap\" style=\"max-width:1331.2px;margin-left: calc(-4% \/ 2 );margin-right: calc(-4% \/ 2 );\"><div class=\"fusion-layout-column fusion_builder_column fusion-builder-column-1 fusion_builder_column_1_1 1_1 fusion-flex-column\" style=\"--awb-bg-size:cover;--awb-width-large:100%;--awb-margin-top-large:0px;--awb-spacing-right-large:1.92%;--awb-margin-bottom-large:0px;--awb-spacing-left-large:1.92%;--awb-width-medium:100%;--awb-order-medium:0;--awb-spacing-right-medium:1.92%;--awb-spacing-left-medium:1.92%;--awb-width-small:100%;--awb-order-small:0;--awb-spacing-right-small:1.92%;--awb-spacing-left-small:1.92%;\"><div class=\"fusion-column-wrapper fusion-column-has-shadow fusion-flex-justify-content-flex-start fusion-content-layout-column\"><div class=\"fusion-text fusion-text-1\"><h2 class=\"fusion-responsive-typography-calculated\" style=\"margin-top: 32px; line-height: 1; --fontsize: 35; font-size: 34.844722747802734px;\" data-fusion-font=\"true\" data-fontsize=\"35\" data-lineheight=\"35px\"><span style=\"color: var(--h2_typography-color); font-family: var(--h2_typography-font-family); font-style: var(--h2_typography-font-style,normal); letter-spacing: var(--h2_typography-letter-spacing); line-height: 45px;\" data-fusion-font=\"true\">Assistante administrative<\/span><\/h2>\n<\/div><div class=\"fusion-flip-boxes flip-boxes row fusion-columns-3 flip-effect-classic equal-heights\"><div class=\"fusion-flip-box-wrapper fusion-column col-lg-4 col-md-4 col-sm-4\"><div class=\"fusion-flip-box flip-right\" tabindex=\"0\"><div class=\"flip-box-inner-wrapper\"><div class=\"flip-box-front\" style=\"--awb-background-color-front:#e5e5e5;\"><div class=\"flip-box-front-inner\"><div class=\"flip-box-grafix flip-box-image\"><img decoding=\"async\" data-src=\"https:\/\/www.canaaf.org\/wp-content\/uploads\/2023\/05\/292338542_10159079637216447_7515138435616543587_n-150x150.jpg\" width=\"150\" height=\"150\" alt=\"\" src=\"data:image\/svg+xml;base64,PHN2ZyB3aWR0aD0iMSIgaGVpZ2h0PSIxIiB4bWxucz0iaHR0cDovL3d3dy53My5vcmcvMjAwMC9zdmciPjwvc3ZnPg==\" class=\"lazyload\" style=\"--smush-placeholder-width: 150px; --smush-placeholder-aspect-ratio: 150\/150;\" \/><\/div><h2 class=\"flip-box-heading\">Valerie <\/h2>Assistante administrative Cambridge, ON<\/div><\/div><div class=\"flip-box-back\"><div class=\"flip-box-back-inner\"><h3 class=\"flip-box-heading-back\">Adh\u00e9sion en 2023<\/h3>\n<p>Bonjour! J\u2019ai d\u00e9velopp\u00e9 une alop\u00e9cie areata \u00e0 l\u2019\u00e2ge de 16 ans.<\/p>\n<\/div><\/div><\/div><\/div><\/div><\/div><div ><a class=\"fusion-button button-flat fusion-button-default-size button-default fusion-button-default button-1 fusion-button-span-no fusion-button-default-type\" target=\"_self\" href=\"https:\/\/www.canaaf.org\/fr\/a-propos-de-nous\/anciennes-et-anciens-membres-du-conseil-dadministration\/\"><span class=\"fusion-button-text\">Cliquez ici pour voir les anciennes et anciens membres du conseil d\u2019administration<\/span><\/a><\/div><\/div><\/div><\/div><\/div><\/p>\n","protected":false},"excerpt":{"rendered":"","protected":false},"author":3,"featured_media":0,"parent":16063,"menu_order":0,"comment_status":"closed","ping_status":"closed","template":"","meta":{"_monsterinsights_skip_tracking":false,"_monsterinsights_sitenote_active":false,"_monsterinsights_sitenote_note":"","_monsterinsights_sitenote_category":0,"footnotes":""},"class_list":["post-16111","page","type-page","status-publish","hentry"],"yoast_head":"<!-- This site is optimized with the Yoast SEO plugin v27.4 - https:\/\/yoast.com\/product\/yoast-seo-wordpress\/ -->\n<title>Conseil d\u2019administration - Fondation Canadienne de l\u2019Alop\u00e9cie Areata<\/title>\n<meta name=\"description\" content=\"Rencontrez les b\u00e9n\u00e9voles d\u00e9vou\u00e9s du conseil d&#039;administration de la FCANAA et apprenez-en plus sur leurs exp\u00e9riences personnelles avec l\u2019alop\u00e9cie.\" \/>\n<meta name=\"robots\" content=\"index, follow, max-snippet:-1, max-image-preview:large, max-video-preview:-1\" \/>\n<link rel=\"canonical\" href=\"https:\/\/www.canaaf.org\/fr\/a-propos-de-nous\/administration\/\" \/>\n<meta property=\"og:locale\" content=\"fr_FR\" \/>\n<meta property=\"og:type\" content=\"article\" \/>\n<meta property=\"og:title\" content=\"Conseil d\u2019administration - Fondation Canadienne de l\u2019Alop\u00e9cie Areata\" \/>\n<meta property=\"og:description\" content=\"Rencontrez les b\u00e9n\u00e9voles d\u00e9vou\u00e9s du conseil d&#039;administration de la FCANAA et apprenez-en plus sur leurs exp\u00e9riences personnelles avec l\u2019alop\u00e9cie.\" \/>\n<meta property=\"og:url\" content=\"https:\/\/www.canaaf.org\/fr\/a-propos-de-nous\/administration\/\" \/>\n<meta property=\"og:site_name\" content=\"Fondation Canadienne de l\u2019Alop\u00e9cie Areata\" \/>\n<meta property=\"article:modified_time\" content=\"2024-10-16T23:46:35+00:00\" \/>\n<meta name=\"twitter:label1\" content=\"Dur\u00e9e de lecture estim\u00e9e\" \/>\n\t<meta name=\"twitter:data1\" content=\"4 minutes\" \/>\n<script type=\"application\/ld+json\" class=\"yoast-schema-graph\">{\"@context\":\"https:\\\/\\\/schema.org\",\"@graph\":[{\"@type\":\"WebPage\",\"@id\":\"https:\\\/\\\/www.canaaf.org\\\/fr\\\/a-propos-de-nous\\\/administration\\\/\",\"url\":\"https:\\\/\\\/www.canaaf.org\\\/fr\\\/a-propos-de-nous\\\/administration\\\/\",\"name\":\"Conseil d\u2019administration - Fondation Canadienne de l\u2019Alop\u00e9cie Areata\",\"isPartOf\":{\"@id\":\"https:\\\/\\\/www.canaaf.org\\\/fr\\\/#website\"},\"datePublished\":\"2021-09-17T18:57:20+00:00\",\"dateModified\":\"2024-10-16T23:46:35+00:00\",\"description\":\"Rencontrez les b\u00e9n\u00e9voles d\u00e9vou\u00e9s du conseil d'administration de la FCANAA et apprenez-en plus sur leurs exp\u00e9riences personnelles avec l\u2019alop\u00e9cie.\",\"breadcrumb\":{\"@id\":\"https:\\\/\\\/www.canaaf.org\\\/fr\\\/a-propos-de-nous\\\/administration\\\/#breadcrumb\"},\"inLanguage\":\"fr-FR\",\"potentialAction\":[{\"@type\":\"ReadAction\",\"target\":[\"https:\\\/\\\/www.canaaf.org\\\/fr\\\/a-propos-de-nous\\\/administration\\\/\"]}]},{\"@type\":\"BreadcrumbList\",\"@id\":\"https:\\\/\\\/www.canaaf.org\\\/fr\\\/a-propos-de-nous\\\/administration\\\/#breadcrumb\",\"itemListElement\":[{\"@type\":\"ListItem\",\"position\":1,\"name\":\"Home\",\"item\":\"https:\\\/\\\/www.canaaf.org\\\/fr\\\/\"},{\"@type\":\"ListItem\",\"position\":2,\"name\":\"A propos de nous\",\"item\":\"https:\\\/\\\/www.canaaf.org\\\/fr\\\/a-propos-de-nous\\\/\"},{\"@type\":\"ListItem\",\"position\":3,\"name\":\"Conseil d\u2019administration\"}]},{\"@type\":\"WebSite\",\"@id\":\"https:\\\/\\\/www.canaaf.org\\\/fr\\\/#website\",\"url\":\"https:\\\/\\\/www.canaaf.org\\\/fr\\\/\",\"name\":\"Fondation Canadienne de l\u2019Alop\u00e9cie Areata\",\"description\":\"Pr\u00e9visible pour une maladie impr\u00e9visible.\",\"potentialAction\":[{\"@type\":\"SearchAction\",\"target\":{\"@type\":\"EntryPoint\",\"urlTemplate\":\"https:\\\/\\\/www.canaaf.org\\\/fr\\\/?s={search_term_string}\"},\"query-input\":{\"@type\":\"PropertyValueSpecification\",\"valueRequired\":true,\"valueName\":\"search_term_string\"}}],\"inLanguage\":\"fr-FR\"}]}<\/script>\n<!-- \/ Yoast SEO plugin. -->","yoast_head_json":{"title":"Conseil d\u2019administration - Fondation Canadienne de l\u2019Alop\u00e9cie Areata","description":"Rencontrez les b\u00e9n\u00e9voles d\u00e9vou\u00e9s du conseil d'administration de la FCANAA et apprenez-en plus sur leurs exp\u00e9riences personnelles avec l\u2019alop\u00e9cie.","robots":{"index":"index","follow":"follow","max-snippet":"max-snippet:-1","max-image-preview":"max-image-preview:large","max-video-preview":"max-video-preview:-1"},"canonical":"https:\/\/www.canaaf.org\/fr\/a-propos-de-nous\/administration\/","og_locale":"fr_FR","og_type":"article","og_title":"Conseil d\u2019administration - Fondation Canadienne de l\u2019Alop\u00e9cie Areata","og_description":"Rencontrez les b\u00e9n\u00e9voles d\u00e9vou\u00e9s du conseil d'administration de la FCANAA et apprenez-en plus sur leurs exp\u00e9riences personnelles avec l\u2019alop\u00e9cie.","og_url":"https:\/\/www.canaaf.org\/fr\/a-propos-de-nous\/administration\/","og_site_name":"Fondation Canadienne de l\u2019Alop\u00e9cie Areata","article_modified_time":"2024-10-16T23:46:35+00:00","twitter_misc":{"Dur\u00e9e de lecture estim\u00e9e":"4 minutes"},"schema":{"@context":"https:\/\/schema.org","@graph":[{"@type":"WebPage","@id":"https:\/\/www.canaaf.org\/fr\/a-propos-de-nous\/administration\/","url":"https:\/\/www.canaaf.org\/fr\/a-propos-de-nous\/administration\/","name":"Conseil d\u2019administration - Fondation Canadienne de l\u2019Alop\u00e9cie Areata","isPartOf":{"@id":"https:\/\/www.canaaf.org\/fr\/#website"},"datePublished":"2021-09-17T18:57:20+00:00","dateModified":"2024-10-16T23:46:35+00:00","description":"Rencontrez les b\u00e9n\u00e9voles d\u00e9vou\u00e9s du conseil d'administration de la FCANAA et apprenez-en plus sur leurs exp\u00e9riences personnelles avec l\u2019alop\u00e9cie.","breadcrumb":{"@id":"https:\/\/www.canaaf.org\/fr\/a-propos-de-nous\/administration\/#breadcrumb"},"inLanguage":"fr-FR","potentialAction":[{"@type":"ReadAction","target":["https:\/\/www.canaaf.org\/fr\/a-propos-de-nous\/administration\/"]}]},{"@type":"BreadcrumbList","@id":"https:\/\/www.canaaf.org\/fr\/a-propos-de-nous\/administration\/#breadcrumb","itemListElement":[{"@type":"ListItem","position":1,"name":"Home","item":"https:\/\/www.canaaf.org\/fr\/"},{"@type":"ListItem","position":2,"name":"A propos de nous","item":"https:\/\/www.canaaf.org\/fr\/a-propos-de-nous\/"},{"@type":"ListItem","position":3,"name":"Conseil d\u2019administration"}]},{"@type":"WebSite","@id":"https:\/\/www.canaaf.org\/fr\/#website","url":"https:\/\/www.canaaf.org\/fr\/","name":"Fondation Canadienne de l\u2019Alop\u00e9cie Areata","description":"Pr\u00e9visible pour une maladie impr\u00e9visible.","potentialAction":[{"@type":"SearchAction","target":{"@type":"EntryPoint","urlTemplate":"https:\/\/www.canaaf.org\/fr\/?s={search_term_string}"},"query-input":{"@type":"PropertyValueSpecification","valueRequired":true,"valueName":"search_term_string"}}],"inLanguage":"fr-FR"}]}},"_links":{"self":[{"href":"https:\/\/www.canaaf.org\/fr\/wp-json\/wp\/v2\/pages\/16111","targetHints":{"allow":["GET"]}}],"collection":[{"href":"https:\/\/www.canaaf.org\/fr\/wp-json\/wp\/v2\/pages"}],"about":[{"href":"https:\/\/www.canaaf.org\/fr\/wp-json\/wp\/v2\/types\/page"}],"author":[{"embeddable":true,"href":"https:\/\/www.canaaf.org\/fr\/wp-json\/wp\/v2\/users\/3"}],"replies":[{"embeddable":true,"href":"https:\/\/www.canaaf.org\/fr\/wp-json\/wp\/v2\/comments?post=16111"}],"version-history":[{"count":5,"href":"https:\/\/www.canaaf.org\/fr\/wp-json\/wp\/v2\/pages\/16111\/revisions"}],"predecessor-version":[{"id":18105,"href":"https:\/\/www.canaaf.org\/fr\/wp-json\/wp\/v2\/pages\/16111\/revisions\/18105"}],"up":[{"embeddable":true,"href":"https:\/\/www.canaaf.org\/fr\/wp-json\/wp\/v2\/pages\/16063"}],"wp:attachment":[{"href":"https:\/\/www.canaaf.org\/fr\/wp-json\/wp\/v2\/media?parent=16111"}],"curies":[{"name":"wp","href":"https:\/\/api.w.org\/{rel}","templated":true}]}}