{"id":16120,"date":"2021-10-13T18:07:40","date_gmt":"2021-10-13T18:07:40","guid":{"rendered":"https:\/\/www.canaaf.org\/a-propos-de-nous\/notre-histoire\/"},"modified":"2022-08-10T15:20:08","modified_gmt":"2022-08-10T15:20:08","slug":"notre-histoire","status":"publish","type":"page","link":"https:\/\/www.canaaf.org\/fr\/a-propos-de-nous\/notre-histoire\/","title":{"rendered":"Notre histoire"},"content":{"rendered":"<div class=\"fusion-fullwidth fullwidth-box fusion-builder-row-1 fusion-flex-container nonhundred-percent-fullwidth non-hundred-percent-height-scrolling\" style=\"--awb-border-radius-top-left:0px;--awb-border-radius-top-right:0px;--awb-border-radius-bottom-right:0px;--awb-border-radius-bottom-left:0px;--awb-flex-wrap:wrap;\" ><div class=\"fusion-builder-row fusion-row fusion-flex-align-items-flex-start fusion-flex-content-wrap\" style=\"max-width:1331.2px;margin-left: calc(-4% \/ 2 );margin-right: calc(-4% \/ 2 );\"><div class=\"fusion-layout-column fusion_builder_column fusion-builder-column-0 fusion_builder_column_1_6 1_6 fusion-flex-column\" style=\"--awb-bg-size:cover;--awb-width-large:16.666666666667%;--awb-margin-top-large:0px;--awb-spacing-right-large:11.52%;--awb-margin-bottom-large:0px;--awb-spacing-left-large:11.52%;--awb-width-medium:100%;--awb-order-medium:0;--awb-spacing-right-medium:1.92%;--awb-spacing-left-medium:1.92%;--awb-width-small:100%;--awb-order-small:0;--awb-spacing-right-small:1.92%;--awb-spacing-left-small:1.92%;\"><div class=\"fusion-column-wrapper fusion-column-has-shadow fusion-flex-justify-content-flex-start fusion-content-layout-column\"><\/div><\/div><div class=\"fusion-layout-column fusion_builder_column fusion-builder-column-1 fusion_builder_column_2_3 2_3 fusion-flex-column\" style=\"--awb-bg-size:cover;--awb-width-large:66.666666666667%;--awb-margin-top-large:0px;--awb-spacing-right-large:2.88%;--awb-margin-bottom-large:0px;--awb-spacing-left-large:2.88%;--awb-width-medium:100%;--awb-order-medium:0;--awb-spacing-right-medium:1.92%;--awb-spacing-left-medium:1.92%;--awb-width-small:100%;--awb-order-small:0;--awb-spacing-right-small:1.92%;--awb-spacing-left-small:1.92%;\"><div class=\"fusion-column-wrapper fusion-column-has-shadow fusion-flex-justify-content-flex-start fusion-content-layout-column\"><div class=\"fusion-title title fusion-title-1 fusion-title-text fusion-title-size-two\" style=\"--awb-font-size:30px;\"><div class=\"title-sep-container title-sep-container-left fusion-no-large-visibility fusion-no-medium-visibility fusion-no-small-visibility\"><div class=\"title-sep sep- sep-solid\" style=\"border-color:#e0dede;\"><\/div><\/div><span class=\"awb-title-spacer fusion-no-large-visibility fusion-no-medium-visibility fusion-no-small-visibility\"><\/span><h2 class=\"fusion-title-heading title-heading-left fusion-responsive-typography-calculated\" style=\"font-family:&quot;Merriweather&quot;;font-style:normal;font-weight:400;margin:0;font-size:1em;--fontSize:30;line-height:1;\">Les d\u00e9buts<\/h2><span class=\"awb-title-spacer\"><\/span><div class=\"title-sep-container title-sep-container-right\"><div class=\"title-sep sep- sep-solid\" style=\"border-color:#e0dede;\"><\/div><\/div><\/div><div class=\"fusion-separator\" style=\"align-self: flex-start;margin-right:auto;margin-bottom:20px;width:100%;max-width:100px;\"><div class=\"fusion-separator-border sep-single sep-solid\" style=\"--awb-height:20px;--awb-amount:20px;border-color:#e0dede;border-top-width:2px;\"><\/div><\/div><div class=\"fusion-text fusion-text-1\" style=\"--awb-font-size:15.5px;--awb-line-height:1.6;--awb-letter-spacing:0.1px;--awb-text-color:#000000;\"><p>L\u2019id\u00e9e de cr\u00e9er la Fondation canadienne de l\u2019alop\u00e9cie areata (FCANAA) est n\u00e9e, au cours de l\u2019\u00e9t\u00e9 2008, lors d&rsquo;un pique-nique d&rsquo;un groupe de soutien \u00e0 Toronto. Deux parents d\u2019enfants atteints d\u2019alop\u00e9cie areata ont d\u00e9cid\u00e9 qu\u2019ils voulaient cr\u00e9er une organisation canadienne de soutien ax\u00e9e sur l\u2019alop\u00e9cie. La premi\u00e8re r\u00e9union du conseil d\u2019administration de la FCANAA a eu lieu moins d\u2019un an plus tard, en mars 2009. La Fondation canadienne de l\u2019alop\u00e9cie areata a \u00e9t\u00e9 enregistr\u00e9e comme organisme de bienfaisance canadien en mai 2010.<\/p>\n<\/div><div class=\"fusion-separator\" style=\"align-self: flex-start;margin-right:auto;margin-bottom:20px;width:100%;max-width:100px;\"><\/div><div class=\"fusion-title title fusion-title-2 fusion-title-text fusion-title-size-two\" style=\"--awb-font-size:30px;\"><div class=\"title-sep-container title-sep-container-left fusion-no-large-visibility fusion-no-medium-visibility fusion-no-small-visibility\"><div class=\"title-sep sep- sep-solid\" style=\"border-color:#e0dede;\"><\/div><\/div><span class=\"awb-title-spacer fusion-no-large-visibility fusion-no-medium-visibility fusion-no-small-visibility\"><\/span><h2 class=\"fusion-title-heading title-heading-left fusion-responsive-typography-calculated\" style=\"font-family:&quot;Merriweather&quot;;font-style:normal;font-weight:400;margin:0;font-size:1em;--fontSize:30;line-height:1;\">Croissance<\/h2><span class=\"awb-title-spacer\"><\/span><div class=\"title-sep-container title-sep-container-right\"><div class=\"title-sep sep- sep-solid\" style=\"border-color:#e0dede;\"><\/div><\/div><\/div><div class=\"fusion-separator\" style=\"align-self: flex-start;margin-right:auto;margin-bottom:20px;width:100%;max-width:100px;\"><div class=\"fusion-separator-border sep-single sep-solid\" style=\"--awb-height:20px;--awb-amount:20px;border-color:#e0dede;border-top-width:2px;\"><\/div><\/div><div class=\"fusion-text fusion-text-2\" style=\"--awb-font-size:15.5px;--awb-line-height:1.6;--awb-letter-spacing:0.1px;--awb-text-color:#000000;\"><p>En 2012, la FCANAA a \u00e9largi son conseil d\u2019administration pour inclure les premiers membres de l\u2019ext\u00e9rieur de la r\u00e9gion du Grand Toronto. La Colombie-Britannique, l\u2019Alberta et le Nord de l\u2019Ontario se sont joints \u00e0 la FCANAA pour repr\u00e9senter la communaut\u00e9 canadienne. Un responsable d\u2019un groupe de soutien de Nouvelle-\u00c9cosse s\u2019est manifest\u00e9 en 2013.<\/p>\n<p>De puis 2012, la FCANAA organise une conf\u00e9rence annuelle et nationale de trois jours, sa <span style=\"text-decoration: underline;\"><span style=\"color: #e31836; text-decoration: underline;\"><a style=\"color: #e31836; text-decoration: underline;\" href=\"https:\/\/www.canaaf.org\/fr\/conference-come-together\/\">conf\u00e9rence d\u2019\u00e9t\u00e9<\/a><\/span><\/span>. La conf\u00e9rence permet aux adultes, aux adolescents, aux enfants et \u00e0 leurs familles de se r\u00e9unir, de s\u2019informer sur l\u2019alop\u00e9cie, de partager leurs exp\u00e9riences et de se faire de nouveaux amis.<\/p>\n<p>En mai 2020, la FCANAA a d\u00e9plac\u00e9 ses activit\u00e9s de soutien, de sensibilisation et d\u2019\u00e9ducation vers une plateforme en ligne en raison de la pand\u00e9mie de COVID-19.<\/p>\n<p>Depuis 2021, la FCANAA a comme objectif d\u2019\u00e9tablir des groupes de soutien dans chaque province et territoire canadien au cours des trois prochaines ann\u00e9es.<\/p>\n<\/div><\/div><\/div><div class=\"fusion-layout-column fusion_builder_column fusion-builder-column-2 fusion_builder_column_1_6 1_6 fusion-flex-column\" style=\"--awb-bg-size:cover;--awb-width-large:16.666666666667%;--awb-margin-top-large:0px;--awb-spacing-right-large:11.52%;--awb-margin-bottom-large:0px;--awb-spacing-left-large:11.52%;--awb-width-medium:100%;--awb-order-medium:0;--awb-spacing-right-medium:1.92%;--awb-spacing-left-medium:1.92%;--awb-width-small:100%;--awb-order-small:0;--awb-spacing-right-small:1.92%;--awb-spacing-left-small:1.92%;\"><div class=\"fusion-column-wrapper fusion-column-has-shadow fusion-flex-justify-content-flex-start fusion-content-layout-column\"><\/div><\/div><\/div><\/div>\n","protected":false},"excerpt":{"rendered":"","protected":false},"author":3,"featured_media":15510,"parent":16063,"menu_order":0,"comment_status":"closed","ping_status":"closed","template":"","meta":{"_monsterinsights_skip_tracking":false,"_monsterinsights_sitenote_active":false,"_monsterinsights_sitenote_note":"","_monsterinsights_sitenote_category":0,"footnotes":""},"class_list":["post-16120","page","type-page","status-publish","has-post-thumbnail","hentry"],"yoast_head":"<!-- This site is optimized with the Yoast SEO plugin v27.4 - https:\/\/yoast.com\/product\/yoast-seo-wordpress\/ -->\n<title>Notre histoire - Fondation Canadienne de l\u2019Alop\u00e9cie Areata<\/title>\n<meta name=\"description\" content=\"La FCANAA a \u00e9t\u00e9 fond\u00e9e en 2010 en tant qu\u2019organisme de bienfaisance canadien enregistr\u00e9. D\u00e9couvrez notre histoire et d\u2019o\u00f9 le besoin de cr\u00e9er la FCANAA origine.\" \/>\n<meta name=\"robots\" content=\"index, follow, max-snippet:-1, max-image-preview:large, max-video-preview:-1\" \/>\n<link rel=\"canonical\" href=\"https:\/\/www.canaaf.org\/fr\/a-propos-de-nous\/notre-histoire\/\" \/>\n<meta property=\"og:locale\" content=\"fr_FR\" \/>\n<meta property=\"og:type\" content=\"article\" \/>\n<meta property=\"og:title\" content=\"Notre histoire - Fondation Canadienne de l\u2019Alop\u00e9cie Areata\" \/>\n<meta property=\"og:description\" content=\"La FCANAA a \u00e9t\u00e9 fond\u00e9e en 2010 en tant qu\u2019organisme de bienfaisance canadien enregistr\u00e9. D\u00e9couvrez notre histoire et d\u2019o\u00f9 le besoin de cr\u00e9er la FCANAA origine.\" \/>\n<meta property=\"og:url\" content=\"https:\/\/www.canaaf.org\/fr\/a-propos-de-nous\/notre-histoire\/\" \/>\n<meta property=\"og:site_name\" content=\"Fondation Canadienne de l\u2019Alop\u00e9cie Areata\" \/>\n<meta property=\"article:modified_time\" content=\"2022-08-10T15:20:08+00:00\" \/>\n<meta property=\"og:image\" content=\"https:\/\/www.canaaf.org\/wp-content\/uploads\/2021\/10\/About5.png\" \/>\n\t<meta property=\"og:image:width\" content=\"1350\" \/>\n\t<meta property=\"og:image:height\" content=\"650\" \/>\n\t<meta property=\"og:image:type\" content=\"image\/png\" \/>\n<meta name=\"twitter:label1\" content=\"Dur\u00e9e de lecture estim\u00e9e\" \/>\n\t<meta name=\"twitter:data1\" content=\"4 minutes\" \/>\n<script type=\"application\/ld+json\" class=\"yoast-schema-graph\">{\"@context\":\"https:\\\/\\\/schema.org\",\"@graph\":[{\"@type\":\"WebPage\",\"@id\":\"https:\\\/\\\/www.canaaf.org\\\/fr\\\/a-propos-de-nous\\\/notre-histoire\\\/\",\"url\":\"https:\\\/\\\/www.canaaf.org\\\/fr\\\/a-propos-de-nous\\\/notre-histoire\\\/\",\"name\":\"Notre histoire - Fondation Canadienne de l\u2019Alop\u00e9cie Areata\",\"isPartOf\":{\"@id\":\"https:\\\/\\\/www.canaaf.org\\\/fr\\\/#website\"},\"primaryImageOfPage\":{\"@id\":\"https:\\\/\\\/www.canaaf.org\\\/fr\\\/a-propos-de-nous\\\/notre-histoire\\\/#primaryimage\"},\"image\":{\"@id\":\"https:\\\/\\\/www.canaaf.org\\\/fr\\\/a-propos-de-nous\\\/notre-histoire\\\/#primaryimage\"},\"thumbnailUrl\":\"https:\\\/\\\/www.canaaf.org\\\/wp-content\\\/uploads\\\/2021\\\/10\\\/About5.png\",\"datePublished\":\"2021-10-13T18:07:40+00:00\",\"dateModified\":\"2022-08-10T15:20:08+00:00\",\"description\":\"La FCANAA a \u00e9t\u00e9 fond\u00e9e en 2010 en tant qu\u2019organisme de bienfaisance canadien enregistr\u00e9. D\u00e9couvrez notre histoire et d\u2019o\u00f9 le besoin de cr\u00e9er la FCANAA origine.\",\"breadcrumb\":{\"@id\":\"https:\\\/\\\/www.canaaf.org\\\/fr\\\/a-propos-de-nous\\\/notre-histoire\\\/#breadcrumb\"},\"inLanguage\":\"fr-FR\",\"potentialAction\":[{\"@type\":\"ReadAction\",\"target\":[\"https:\\\/\\\/www.canaaf.org\\\/fr\\\/a-propos-de-nous\\\/notre-histoire\\\/\"]}]},{\"@type\":\"ImageObject\",\"inLanguage\":\"fr-FR\",\"@id\":\"https:\\\/\\\/www.canaaf.org\\\/fr\\\/a-propos-de-nous\\\/notre-histoire\\\/#primaryimage\",\"url\":\"https:\\\/\\\/www.canaaf.org\\\/wp-content\\\/uploads\\\/2021\\\/10\\\/About5.png\",\"contentUrl\":\"https:\\\/\\\/www.canaaf.org\\\/wp-content\\\/uploads\\\/2021\\\/10\\\/About5.png\",\"width\":1350,\"height\":650},{\"@type\":\"BreadcrumbList\",\"@id\":\"https:\\\/\\\/www.canaaf.org\\\/fr\\\/a-propos-de-nous\\\/notre-histoire\\\/#breadcrumb\",\"itemListElement\":[{\"@type\":\"ListItem\",\"position\":1,\"name\":\"Home\",\"item\":\"https:\\\/\\\/www.canaaf.org\\\/fr\\\/\"},{\"@type\":\"ListItem\",\"position\":2,\"name\":\"A propos de nous\",\"item\":\"https:\\\/\\\/www.canaaf.org\\\/fr\\\/a-propos-de-nous\\\/\"},{\"@type\":\"ListItem\",\"position\":3,\"name\":\"Notre histoire\"}]},{\"@type\":\"WebSite\",\"@id\":\"https:\\\/\\\/www.canaaf.org\\\/fr\\\/#website\",\"url\":\"https:\\\/\\\/www.canaaf.org\\\/fr\\\/\",\"name\":\"Fondation Canadienne de l\u2019Alop\u00e9cie Areata\",\"description\":\"Pr\u00e9visible pour une maladie impr\u00e9visible.\",\"potentialAction\":[{\"@type\":\"SearchAction\",\"target\":{\"@type\":\"EntryPoint\",\"urlTemplate\":\"https:\\\/\\\/www.canaaf.org\\\/fr\\\/?s={search_term_string}\"},\"query-input\":{\"@type\":\"PropertyValueSpecification\",\"valueRequired\":true,\"valueName\":\"search_term_string\"}}],\"inLanguage\":\"fr-FR\"}]}<\/script>\n<!-- \/ Yoast SEO plugin. -->","yoast_head_json":{"title":"Notre histoire - Fondation Canadienne de l\u2019Alop\u00e9cie Areata","description":"La FCANAA a \u00e9t\u00e9 fond\u00e9e en 2010 en tant qu\u2019organisme de bienfaisance canadien enregistr\u00e9. D\u00e9couvrez notre histoire et d\u2019o\u00f9 le besoin de cr\u00e9er la FCANAA origine.","robots":{"index":"index","follow":"follow","max-snippet":"max-snippet:-1","max-image-preview":"max-image-preview:large","max-video-preview":"max-video-preview:-1"},"canonical":"https:\/\/www.canaaf.org\/fr\/a-propos-de-nous\/notre-histoire\/","og_locale":"fr_FR","og_type":"article","og_title":"Notre histoire - Fondation Canadienne de l\u2019Alop\u00e9cie Areata","og_description":"La FCANAA a \u00e9t\u00e9 fond\u00e9e en 2010 en tant qu\u2019organisme de bienfaisance canadien enregistr\u00e9. D\u00e9couvrez notre histoire et d\u2019o\u00f9 le besoin de cr\u00e9er la FCANAA origine.","og_url":"https:\/\/www.canaaf.org\/fr\/a-propos-de-nous\/notre-histoire\/","og_site_name":"Fondation Canadienne de l\u2019Alop\u00e9cie Areata","article_modified_time":"2022-08-10T15:20:08+00:00","og_image":[{"width":1350,"height":650,"url":"https:\/\/www.canaaf.org\/wp-content\/uploads\/2021\/10\/About5.png","type":"image\/png"}],"twitter_misc":{"Dur\u00e9e de lecture estim\u00e9e":"4 minutes"},"schema":{"@context":"https:\/\/schema.org","@graph":[{"@type":"WebPage","@id":"https:\/\/www.canaaf.org\/fr\/a-propos-de-nous\/notre-histoire\/","url":"https:\/\/www.canaaf.org\/fr\/a-propos-de-nous\/notre-histoire\/","name":"Notre histoire - Fondation Canadienne de l\u2019Alop\u00e9cie Areata","isPartOf":{"@id":"https:\/\/www.canaaf.org\/fr\/#website"},"primaryImageOfPage":{"@id":"https:\/\/www.canaaf.org\/fr\/a-propos-de-nous\/notre-histoire\/#primaryimage"},"image":{"@id":"https:\/\/www.canaaf.org\/fr\/a-propos-de-nous\/notre-histoire\/#primaryimage"},"thumbnailUrl":"https:\/\/www.canaaf.org\/wp-content\/uploads\/2021\/10\/About5.png","datePublished":"2021-10-13T18:07:40+00:00","dateModified":"2022-08-10T15:20:08+00:00","description":"La FCANAA a \u00e9t\u00e9 fond\u00e9e en 2010 en tant qu\u2019organisme de bienfaisance canadien enregistr\u00e9. D\u00e9couvrez notre histoire et d\u2019o\u00f9 le besoin de cr\u00e9er la FCANAA origine.","breadcrumb":{"@id":"https:\/\/www.canaaf.org\/fr\/a-propos-de-nous\/notre-histoire\/#breadcrumb"},"inLanguage":"fr-FR","potentialAction":[{"@type":"ReadAction","target":["https:\/\/www.canaaf.org\/fr\/a-propos-de-nous\/notre-histoire\/"]}]},{"@type":"ImageObject","inLanguage":"fr-FR","@id":"https:\/\/www.canaaf.org\/fr\/a-propos-de-nous\/notre-histoire\/#primaryimage","url":"https:\/\/www.canaaf.org\/wp-content\/uploads\/2021\/10\/About5.png","contentUrl":"https:\/\/www.canaaf.org\/wp-content\/uploads\/2021\/10\/About5.png","width":1350,"height":650},{"@type":"BreadcrumbList","@id":"https:\/\/www.canaaf.org\/fr\/a-propos-de-nous\/notre-histoire\/#breadcrumb","itemListElement":[{"@type":"ListItem","position":1,"name":"Home","item":"https:\/\/www.canaaf.org\/fr\/"},{"@type":"ListItem","position":2,"name":"A propos de nous","item":"https:\/\/www.canaaf.org\/fr\/a-propos-de-nous\/"},{"@type":"ListItem","position":3,"name":"Notre histoire"}]},{"@type":"WebSite","@id":"https:\/\/www.canaaf.org\/fr\/#website","url":"https:\/\/www.canaaf.org\/fr\/","name":"Fondation Canadienne de l\u2019Alop\u00e9cie Areata","description":"Pr\u00e9visible pour une maladie impr\u00e9visible.","potentialAction":[{"@type":"SearchAction","target":{"@type":"EntryPoint","urlTemplate":"https:\/\/www.canaaf.org\/fr\/?s={search_term_string}"},"query-input":{"@type":"PropertyValueSpecification","valueRequired":true,"valueName":"search_term_string"}}],"inLanguage":"fr-FR"}]}},"_links":{"self":[{"href":"https:\/\/www.canaaf.org\/fr\/wp-json\/wp\/v2\/pages\/16120","targetHints":{"allow":["GET"]}}],"collection":[{"href":"https:\/\/www.canaaf.org\/fr\/wp-json\/wp\/v2\/pages"}],"about":[{"href":"https:\/\/www.canaaf.org\/fr\/wp-json\/wp\/v2\/types\/page"}],"author":[{"embeddable":true,"href":"https:\/\/www.canaaf.org\/fr\/wp-json\/wp\/v2\/users\/3"}],"replies":[{"embeddable":true,"href":"https:\/\/www.canaaf.org\/fr\/wp-json\/wp\/v2\/comments?post=16120"}],"version-history":[{"count":3,"href":"https:\/\/www.canaaf.org\/fr\/wp-json\/wp\/v2\/pages\/16120\/revisions"}],"predecessor-version":[{"id":16327,"href":"https:\/\/www.canaaf.org\/fr\/wp-json\/wp\/v2\/pages\/16120\/revisions\/16327"}],"up":[{"embeddable":true,"href":"https:\/\/www.canaaf.org\/fr\/wp-json\/wp\/v2\/pages\/16063"}],"wp:featuredmedia":[{"embeddable":true,"href":"https:\/\/www.canaaf.org\/fr\/wp-json\/wp\/v2\/media\/15510"}],"wp:attachment":[{"href":"https:\/\/www.canaaf.org\/fr\/wp-json\/wp\/v2\/media?parent=16120"}],"curies":[{"name":"wp","href":"https:\/\/api.w.org\/{rel}","templated":true}]}}