{"id":16215,"date":"2021-06-22T14:02:51","date_gmt":"2021-06-22T14:02:51","guid":{"rendered":"https:\/\/www.canaaf.org\/lettre-type-aux-parents-et-aux-enseignantes-et-enseignants\/"},"modified":"2022-08-06T13:34:24","modified_gmt":"2022-08-06T13:34:24","slug":"lettre-type-aux-parents-et-aux-enseignantes-et-enseignants","status":"publish","type":"page","link":"https:\/\/www.canaaf.org\/fr\/ressources-pour-enfants\/lettre-type-aux-parents-et-aux-enseignantes-et-enseignants\/","title":{"rendered":"Lettre type aux parents et aux enseignantes et enseignants"},"content":{"rendered":"<div class=\"fusion-fullwidth fullwidth-box fusion-builder-row-1 fusion-flex-container nonhundred-percent-fullwidth non-hundred-percent-height-scrolling\" style=\"--awb-border-radius-top-left:0px;--awb-border-radius-top-right:0px;--awb-border-radius-bottom-right:0px;--awb-border-radius-bottom-left:0px;--awb-flex-wrap:wrap;\" ><div class=\"fusion-builder-row fusion-row fusion-flex-align-items-flex-start fusion-flex-content-wrap\" style=\"max-width:1331.2px;margin-left: calc(-4% \/ 2 );margin-right: calc(-4% \/ 2 );\"><div class=\"fusion-layout-column fusion_builder_column fusion-builder-column-0 fusion_builder_column_2_3 2_3 fusion-flex-column\" style=\"--awb-bg-size:cover;--awb-width-large:66.666666666667%;--awb-margin-top-large:0px;--awb-spacing-right-large:2.88%;--awb-margin-bottom-large:0px;--awb-spacing-left-large:2.88%;--awb-width-medium:100%;--awb-order-medium:0;--awb-spacing-right-medium:1.92%;--awb-spacing-left-medium:1.92%;--awb-width-small:100%;--awb-order-small:0;--awb-spacing-right-small:1.92%;--awb-spacing-left-small:1.92%;\"><div class=\"fusion-column-wrapper fusion-column-has-shadow fusion-flex-justify-content-flex-start fusion-content-layout-column\"><div class=\"fusion-title title fusion-title-1 fusion-title-text fusion-title-size-one\" style=\"--awb-font-size:30px;\"><div class=\"title-sep-container title-sep-container-left fusion-no-large-visibility fusion-no-medium-visibility fusion-no-small-visibility\"><div class=\"title-sep sep- sep-solid\" style=\"border-color:#e0dede;\"><\/div><\/div><span class=\"awb-title-spacer fusion-no-large-visibility fusion-no-medium-visibility fusion-no-small-visibility\"><\/span><h1 class=\"fusion-title-heading title-heading-left fusion-responsive-typography-calculated\" style=\"margin:0;font-size:1em;--fontSize:30;line-height:1;\">Lettre type aux parents ou familles<\/h1><span class=\"awb-title-spacer\"><\/span><div class=\"title-sep-container title-sep-container-right\"><div class=\"title-sep sep- sep-solid\" style=\"border-color:#e0dede;\"><\/div><\/div><\/div><div class=\"fusion-separator\" style=\"align-self: flex-start;margin-right:auto;margin-bottom:20px;width:100%;max-width:100px;\"><div class=\"fusion-separator-border sep-single sep-solid\" style=\"--awb-height:20px;--awb-amount:20px;border-color:#e0dede;border-top-width:2px;\"><\/div><\/div><div class=\"fusion-text fusion-text-1\" style=\"--awb-font-size:15.5px;--awb-line-height:1.6;--awb-letter-spacing:0.1px;--awb-text-color:#000000;\"><p>Chers parents et familles,<\/p>\n<p>Nous profitons de cette occasion pour nous pr\u00e9senter et vous informer des circonstances particuli\u00e8res concernant notre fils\/fille <span style=\"text-decoration: underline;\"><span style=\"color: #808080; text-decoration: underline;\">(nom)<\/span><\/span>. Il\/Elle est atteint\/e d\u2019une maladie auto-immune appel\u00e9e alop\u00e9cie areata qui entra\u00eene la perte des cheveux et des poils. Vous ne pouvez pas \u00ab attraper \u00bb l\u2019alop\u00e9cie : ce n\u2019est pas contagieux. Lorsqu\u2019on nous le demande, nous d\u00e9crivons l&rsquo;alop\u00e9cie areata comme \u00ab si quelqu&rsquo;un est allergique \u00e0 ses cheveux \u00bb, ce qui est une description simplifi\u00e9e, mais pas exacte au niveau m\u00e9dical. Il n\u2019existe actuellement pas de traitement efficace pour l\u2019alop\u00e9cie areata. L\u2019\u00e9volution de l\u2019alop\u00e9cie est tr\u00e8s impr\u00e9visible; les cheveux peuvent repousser spontan\u00e9ment m\u00eame apr\u00e8s des ann\u00e9es de perte importante. Ils peuvent aussi retomber (et retomberont souvent).<\/p>\n<p>L\u2019alop\u00e9cie n\u2019occasionne pas de douleur ni d&rsquo;inconfort. Heureusement, <span style=\"text-decoration: underline;\"><span style=\"color: #808080; text-decoration: underline;\">(nom)<\/span><\/span> a toujours \u00e9t\u00e9 et continue d\u2019\u00eatre en tr\u00e8s bonne sant\u00e9. En raison de la maladie de <span style=\"text-decoration: underline;\"><span style=\"color: #808080; text-decoration: underline;\">(nom)<\/span><\/span>, nous nous sommes engag\u00e9s aupr\u00e8s de la Fondation canadienne de l\u2019alop\u00e9cie areata (FCANAA). Cette organisation caritative enregistr\u00e9e fournit des informations et un soutien aux familles touch\u00e9es par l\u2019alop\u00e9cie. Si vous souhaitez obtenir plus de renseignements sur l\u2019alop\u00e9cie ou la FCANAA, veuillez consulter le site www.canaaf.org.<\/p>\n<p>Nous vous remercions d\u2019avoir pris le temps de lire notre lettre et nous esp\u00e9rons que vous partagerez ces informations avec votre famille. Nous pensons que d\u2019\u00eatre inform\u00e9 est tr\u00e8s important, notamment pour comprendre les diff\u00e9rences entre les personnes. Si vous avez des questions concernant l\u2019\u00e9tat de sant\u00e9 de <span style=\"text-decoration: underline;\"><span style=\"color: #808080; text-decoration: underline;\">(nom)<\/span><\/span>, n\u2019h\u00e9sitez pas \u00e0 nous contacter.<\/p>\n<p>Sinc\u00e8rement,<\/p>\n<\/div><div class=\"fusion-separator\" style=\"align-self: flex-start;margin-right:auto;margin-bottom:20px;width:100%;max-width:100px;\"><\/div><div class=\"fusion-title title fusion-title-2 fusion-title-text fusion-title-size-one\" style=\"--awb-font-size:30px;\"><div class=\"title-sep-container title-sep-container-left fusion-no-large-visibility fusion-no-medium-visibility fusion-no-small-visibility\"><div class=\"title-sep sep- sep-solid\" style=\"border-color:#e0dede;\"><\/div><\/div><span class=\"awb-title-spacer fusion-no-large-visibility fusion-no-medium-visibility fusion-no-small-visibility\"><\/span><h1 class=\"fusion-title-heading title-heading-left fusion-responsive-typography-calculated\" style=\"margin:0;font-size:1em;--fontSize:30;line-height:1;\">Lettre type aux parents et aux enseignantes et enseignants<\/h1><span class=\"awb-title-spacer\"><\/span><div class=\"title-sep-container title-sep-container-right\"><div class=\"title-sep sep- sep-solid\" style=\"border-color:#e0dede;\"><\/div><\/div><\/div><div class=\"fusion-separator\" style=\"align-self: flex-start;margin-right:auto;margin-bottom:20px;width:100%;max-width:100px;\"><div class=\"fusion-separator-border sep-single sep-solid\" style=\"--awb-height:20px;--awb-amount:20px;border-color:#e0dede;border-top-width:2px;\"><\/div><\/div><div class=\"fusion-text fusion-text-2\" style=\"--awb-font-size:15.5px;--awb-line-height:1.6;--awb-letter-spacing:0.1px;--awb-text-color:#000000;\"><p>Chers parents, enseignantes et enseignants, et directrice ou directeur de ( <span style=\"text-decoration: underline;\"><span style=\"color: #808080; text-decoration: underline;\">nom de l&rsquo;\u00e9cole)<\/span><\/span>,<\/p>\n<p>Mon fils\/fille, <span style=\"text-decoration: underline;\"><span style=\"color: #808080; text-decoration: underline;\">(nom)<\/span><\/span>, sera en ___ ann\u00e9e\/ ___e_ secondaire cet automne. Je voulais vous expliquer bri\u00e8vement une situation unique avec <span style=\"text-decoration: underline;\"><span style=\"color: #808080; text-decoration: underline;\">(nom)<\/span><\/span>. Il\/Elle a\/ont une maladie appel\u00e9e alop\u00e9cie areata. Il sagit d\u2019une maladie auto-immune hautement impr\u00e9visible, non contagieuse, qui entra\u00eene la perte de cheveux sur le cuir chevelu et parfois des poils sur d&rsquo;autres parties du corps. L\u2019alop\u00e9cie areata touche environ 2% de la population et n\u2019a pas de cure connue.<\/p>\n<p>L\u2019alop\u00e9cie peut entra\u00eener un isolement \u00e9motionnel et social. Pour cette raison, nous vous demandons d\u2019\u00eatre conscient des brimades, des taquineries ou du regard des autres \u00e9l\u00e8ves, (il y a eu des incidents de brimades dans le pass\u00e9\/ bien que nous n\u2019en ayons pas eu).<\/p>\n<p> <span style=\"text-decoration: underline;\"><span style=\"color: #808080; text-decoration: underline;\">(nom)<\/span><\/span> porte habituellement une perruque\/un chapeau\/un bonnet\/un foulard\/aucun couvre-chef, et il\/elle est autoris\u00e9\/e \u00e0 le porter \u00e0 l\u2019int\u00e9rieur et pendant la classe. Veuillez ne pas demander \u00e0 <span style=\"text-decoration: underline;\"><span style=\"color: #808080; text-decoration: underline;\">(nom)<\/span><\/span> d\u2019enlever ou d\u2019expliquer son couvre-chef.<\/p>\n<p>Je crois que la connaissance donne du pouvoir et que si les camarades de classe de <span style=\"text-decoration: underline;\"><span style=\"color: #808080; text-decoration: underline;\">(nom)<\/span><\/span>sont au courant de son histoire, ils seront moins enclins \u00e0 se moquer ou \u00e0 faire des remarques blessantes. J\u2019appr\u00e9cie votre coop\u00e9ration et votre compr\u00e9hension. N\u2019h\u00e9sitez pas \u00e0 me contacter pour toute question ou pr\u00e9occupation. Pour de plus amples informations, veuillez consulter le site www.canaaf.org.<\/p>\n<p>Merci,<\/p>\n<\/div><\/div><\/div><div class=\"fusion-layout-column fusion_builder_column fusion-builder-column-1 fusion_builder_column_1_6 1_6 fusion-flex-column\" style=\"--awb-bg-size:cover;--awb-width-large:16.666666666667%;--awb-margin-top-large:0px;--awb-spacing-right-large:11.52%;--awb-margin-bottom-large:0px;--awb-spacing-left-large:11.52%;--awb-width-medium:100%;--awb-order-medium:0;--awb-spacing-right-medium:1.92%;--awb-spacing-left-medium:1.92%;--awb-width-small:100%;--awb-order-small:0;--awb-spacing-right-small:1.92%;--awb-spacing-left-small:1.92%;\"><div class=\"fusion-column-wrapper fusion-column-has-shadow fusion-flex-justify-content-flex-start fusion-content-layout-column\"><\/div><\/div><\/div><\/div>\n","protected":false},"excerpt":{"rendered":"","protected":false},"author":3,"featured_media":0,"parent":16310,"menu_order":0,"comment_status":"closed","ping_status":"closed","template":"","meta":{"_monsterinsights_skip_tracking":false,"_monsterinsights_sitenote_active":false,"_monsterinsights_sitenote_note":"","_monsterinsights_sitenote_category":0,"footnotes":""},"class_list":["post-16215","page","type-page","status-publish","hentry"],"yoast_head":"<!-- This site is optimized with the Yoast SEO plugin v27.4 - https:\/\/yoast.com\/product\/yoast-seo-wordpress\/ -->\n<title>Lettre type aux parents et aux enseignantes et enseignants - Fondation Canadienne de l\u2019Alop\u00e9cie Areata<\/title>\n<meta name=\"robots\" content=\"index, follow, max-snippet:-1, max-image-preview:large, max-video-preview:-1\" \/>\n<link rel=\"canonical\" href=\"https:\/\/www.canaaf.org\/fr\/ressources-pour-enfants\/lettre-type-aux-parents-et-aux-enseignantes-et-enseignants\/\" \/>\n<meta property=\"og:locale\" content=\"fr_FR\" \/>\n<meta property=\"og:type\" content=\"article\" \/>\n<meta property=\"og:title\" content=\"Lettre type aux parents et aux enseignantes et enseignants - Fondation Canadienne de l\u2019Alop\u00e9cie Areata\" \/>\n<meta property=\"og:url\" content=\"https:\/\/www.canaaf.org\/fr\/ressources-pour-enfants\/lettre-type-aux-parents-et-aux-enseignantes-et-enseignants\/\" \/>\n<meta property=\"og:site_name\" content=\"Fondation Canadienne de l\u2019Alop\u00e9cie Areata\" \/>\n<meta property=\"article:modified_time\" content=\"2022-08-06T13:34:24+00:00\" \/>\n<meta name=\"twitter:label1\" content=\"Dur\u00e9e de lecture estim\u00e9e\" \/>\n\t<meta name=\"twitter:data1\" content=\"9 minutes\" \/>\n<script type=\"application\/ld+json\" class=\"yoast-schema-graph\">{\"@context\":\"https:\\\/\\\/schema.org\",\"@graph\":[{\"@type\":\"WebPage\",\"@id\":\"https:\\\/\\\/www.canaaf.org\\\/fr\\\/ressources-pour-enfants\\\/lettre-type-aux-parents-et-aux-enseignantes-et-enseignants\\\/\",\"url\":\"https:\\\/\\\/www.canaaf.org\\\/fr\\\/ressources-pour-enfants\\\/lettre-type-aux-parents-et-aux-enseignantes-et-enseignants\\\/\",\"name\":\"Lettre type aux parents et aux enseignantes et enseignants - Fondation Canadienne de l\u2019Alop\u00e9cie Areata\",\"isPartOf\":{\"@id\":\"https:\\\/\\\/www.canaaf.org\\\/fr\\\/#website\"},\"datePublished\":\"2021-06-22T14:02:51+00:00\",\"dateModified\":\"2022-08-06T13:34:24+00:00\",\"breadcrumb\":{\"@id\":\"https:\\\/\\\/www.canaaf.org\\\/fr\\\/ressources-pour-enfants\\\/lettre-type-aux-parents-et-aux-enseignantes-et-enseignants\\\/#breadcrumb\"},\"inLanguage\":\"fr-FR\",\"potentialAction\":[{\"@type\":\"ReadAction\",\"target\":[\"https:\\\/\\\/www.canaaf.org\\\/fr\\\/ressources-pour-enfants\\\/lettre-type-aux-parents-et-aux-enseignantes-et-enseignants\\\/\"]}]},{\"@type\":\"BreadcrumbList\",\"@id\":\"https:\\\/\\\/www.canaaf.org\\\/fr\\\/ressources-pour-enfants\\\/lettre-type-aux-parents-et-aux-enseignantes-et-enseignants\\\/#breadcrumb\",\"itemListElement\":[{\"@type\":\"ListItem\",\"position\":1,\"name\":\"Home\",\"item\":\"https:\\\/\\\/www.canaaf.org\\\/fr\\\/\"},{\"@type\":\"ListItem\",\"position\":2,\"name\":\"Ressources pour les enfants\",\"item\":\"https:\\\/\\\/www.canaaf.org\\\/fr\\\/ressources-pour-enfants\\\/\"},{\"@type\":\"ListItem\",\"position\":3,\"name\":\"Lettre type aux parents et aux enseignantes et enseignants\"}]},{\"@type\":\"WebSite\",\"@id\":\"https:\\\/\\\/www.canaaf.org\\\/fr\\\/#website\",\"url\":\"https:\\\/\\\/www.canaaf.org\\\/fr\\\/\",\"name\":\"Fondation Canadienne de l\u2019Alop\u00e9cie Areata\",\"description\":\"Pr\u00e9visible pour une maladie impr\u00e9visible.\",\"potentialAction\":[{\"@type\":\"SearchAction\",\"target\":{\"@type\":\"EntryPoint\",\"urlTemplate\":\"https:\\\/\\\/www.canaaf.org\\\/fr\\\/?s={search_term_string}\"},\"query-input\":{\"@type\":\"PropertyValueSpecification\",\"valueRequired\":true,\"valueName\":\"search_term_string\"}}],\"inLanguage\":\"fr-FR\"}]}<\/script>\n<!-- \/ Yoast SEO plugin. -->","yoast_head_json":{"title":"Lettre type aux parents et aux enseignantes et enseignants - Fondation Canadienne de l\u2019Alop\u00e9cie Areata","robots":{"index":"index","follow":"follow","max-snippet":"max-snippet:-1","max-image-preview":"max-image-preview:large","max-video-preview":"max-video-preview:-1"},"canonical":"https:\/\/www.canaaf.org\/fr\/ressources-pour-enfants\/lettre-type-aux-parents-et-aux-enseignantes-et-enseignants\/","og_locale":"fr_FR","og_type":"article","og_title":"Lettre type aux parents et aux enseignantes et enseignants - Fondation Canadienne de l\u2019Alop\u00e9cie Areata","og_url":"https:\/\/www.canaaf.org\/fr\/ressources-pour-enfants\/lettre-type-aux-parents-et-aux-enseignantes-et-enseignants\/","og_site_name":"Fondation Canadienne de l\u2019Alop\u00e9cie Areata","article_modified_time":"2022-08-06T13:34:24+00:00","twitter_misc":{"Dur\u00e9e de lecture estim\u00e9e":"9 minutes"},"schema":{"@context":"https:\/\/schema.org","@graph":[{"@type":"WebPage","@id":"https:\/\/www.canaaf.org\/fr\/ressources-pour-enfants\/lettre-type-aux-parents-et-aux-enseignantes-et-enseignants\/","url":"https:\/\/www.canaaf.org\/fr\/ressources-pour-enfants\/lettre-type-aux-parents-et-aux-enseignantes-et-enseignants\/","name":"Lettre type aux parents et aux enseignantes et enseignants - Fondation Canadienne de l\u2019Alop\u00e9cie Areata","isPartOf":{"@id":"https:\/\/www.canaaf.org\/fr\/#website"},"datePublished":"2021-06-22T14:02:51+00:00","dateModified":"2022-08-06T13:34:24+00:00","breadcrumb":{"@id":"https:\/\/www.canaaf.org\/fr\/ressources-pour-enfants\/lettre-type-aux-parents-et-aux-enseignantes-et-enseignants\/#breadcrumb"},"inLanguage":"fr-FR","potentialAction":[{"@type":"ReadAction","target":["https:\/\/www.canaaf.org\/fr\/ressources-pour-enfants\/lettre-type-aux-parents-et-aux-enseignantes-et-enseignants\/"]}]},{"@type":"BreadcrumbList","@id":"https:\/\/www.canaaf.org\/fr\/ressources-pour-enfants\/lettre-type-aux-parents-et-aux-enseignantes-et-enseignants\/#breadcrumb","itemListElement":[{"@type":"ListItem","position":1,"name":"Home","item":"https:\/\/www.canaaf.org\/fr\/"},{"@type":"ListItem","position":2,"name":"Ressources pour les enfants","item":"https:\/\/www.canaaf.org\/fr\/ressources-pour-enfants\/"},{"@type":"ListItem","position":3,"name":"Lettre type aux parents et aux enseignantes et enseignants"}]},{"@type":"WebSite","@id":"https:\/\/www.canaaf.org\/fr\/#website","url":"https:\/\/www.canaaf.org\/fr\/","name":"Fondation Canadienne de l\u2019Alop\u00e9cie Areata","description":"Pr\u00e9visible pour une maladie impr\u00e9visible.","potentialAction":[{"@type":"SearchAction","target":{"@type":"EntryPoint","urlTemplate":"https:\/\/www.canaaf.org\/fr\/?s={search_term_string}"},"query-input":{"@type":"PropertyValueSpecification","valueRequired":true,"valueName":"search_term_string"}}],"inLanguage":"fr-FR"}]}},"_links":{"self":[{"href":"https:\/\/www.canaaf.org\/fr\/wp-json\/wp\/v2\/pages\/16215","targetHints":{"allow":["GET"]}}],"collection":[{"href":"https:\/\/www.canaaf.org\/fr\/wp-json\/wp\/v2\/pages"}],"about":[{"href":"https:\/\/www.canaaf.org\/fr\/wp-json\/wp\/v2\/types\/page"}],"author":[{"embeddable":true,"href":"https:\/\/www.canaaf.org\/fr\/wp-json\/wp\/v2\/users\/3"}],"replies":[{"embeddable":true,"href":"https:\/\/www.canaaf.org\/fr\/wp-json\/wp\/v2\/comments?post=16215"}],"version-history":[{"count":2,"href":"https:\/\/www.canaaf.org\/fr\/wp-json\/wp\/v2\/pages\/16215\/revisions"}],"predecessor-version":[{"id":16217,"href":"https:\/\/www.canaaf.org\/fr\/wp-json\/wp\/v2\/pages\/16215\/revisions\/16217"}],"up":[{"embeddable":true,"href":"https:\/\/www.canaaf.org\/fr\/wp-json\/wp\/v2\/pages\/16310"}],"wp:attachment":[{"href":"https:\/\/www.canaaf.org\/fr\/wp-json\/wp\/v2\/media?parent=16215"}],"curies":[{"name":"wp","href":"https:\/\/api.w.org\/{rel}","templated":true}]}}