{"id":16231,"date":"2021-03-09T15:11:08","date_gmt":"2021-03-09T15:11:08","guid":{"rendered":"https:\/\/www.canaaf.org\/possibilites-de-benevolat\/joignez-vous-a-notre-equipe-de-mentorat\/"},"modified":"2022-08-08T17:02:31","modified_gmt":"2022-08-08T17:02:31","slug":"joignez-vous-a-notre-equipe-de-mentorat","status":"publish","type":"page","link":"https:\/\/www.canaaf.org\/fr\/possibilites-de-benevolat\/joignez-vous-a-notre-equipe-de-mentorat\/","title":{"rendered":"Joignez-vous \u00e0 notre \u00e9quipe de mentorat"},"content":{"rendered":"<div class=\"fusion-fullwidth fullwidth-box fusion-builder-row-1 fusion-flex-container nonhundred-percent-fullwidth non-hundred-percent-height-scrolling\" style=\"--awb-border-radius-top-left:0px;--awb-border-radius-top-right:0px;--awb-border-radius-bottom-right:0px;--awb-border-radius-bottom-left:0px;--awb-flex-wrap:wrap;\" ><div class=\"fusion-builder-row fusion-row fusion-flex-align-items-flex-start fusion-flex-content-wrap\" style=\"max-width:1331.2px;margin-left: calc(-4% \/ 2 );margin-right: calc(-4% \/ 2 );\"><div class=\"fusion-layout-column fusion_builder_column fusion-builder-column-0 fusion_builder_column_1_6 1_6 fusion-flex-column\" style=\"--awb-bg-size:cover;--awb-width-large:16.666666666667%;--awb-margin-top-large:0px;--awb-spacing-right-large:11.52%;--awb-margin-bottom-large:0px;--awb-spacing-left-large:11.52%;--awb-width-medium:100%;--awb-order-medium:0;--awb-spacing-right-medium:1.92%;--awb-spacing-left-medium:1.92%;--awb-width-small:100%;--awb-order-small:0;--awb-spacing-right-small:1.92%;--awb-spacing-left-small:1.92%;\"><div class=\"fusion-column-wrapper fusion-column-has-shadow fusion-flex-justify-content-flex-start fusion-content-layout-column\"><\/div><\/div><div class=\"fusion-layout-column fusion_builder_column fusion-builder-column-1 fusion_builder_column_2_3 2_3 fusion-flex-column\" style=\"--awb-bg-size:cover;--awb-width-large:66.666666666667%;--awb-margin-top-large:0px;--awb-spacing-right-large:2.88%;--awb-margin-bottom-large:0px;--awb-spacing-left-large:2.88%;--awb-width-medium:100%;--awb-order-medium:0;--awb-spacing-right-medium:1.92%;--awb-spacing-left-medium:1.92%;--awb-width-small:100%;--awb-order-small:0;--awb-spacing-right-small:1.92%;--awb-spacing-left-small:1.92%;\"><div class=\"fusion-column-wrapper fusion-column-has-shadow fusion-flex-justify-content-flex-start fusion-content-layout-column\"><div class=\"fusion-text fusion-text-1\" style=\"--awb-font-size:15.5px;--awb-line-height:1.6;--awb-letter-spacing:0.1px;--awb-text-transform:none;--awb-text-color:#000000;\"><p><strong>Lieu<\/strong>: Canada<\/p>\n<p>La FCANAA est une organisation de bienfaisance canadienne enregistr\u00e9e qui fournit de l\u2019\u00e9ducation, du soutien et des ressources essentielles aux familles touch\u00e9es par l\u2019alop\u00e9cie areata. Nous recherchons actuellement des b\u00e9n\u00e9voles pour notre \u00e9quipe de mentors. En tant que mentor de la FCANAA, vous mettrez votre passion \u00e0 contribution pour soutenir des personnes dans leur cheminement avec cette maladie impr\u00e9visible.<\/p>\n<\/div><div class=\"fusion-title title fusion-title-1 fusion-title-text fusion-title-size-three\"><div class=\"title-sep-container title-sep-container-left fusion-no-large-visibility fusion-no-medium-visibility fusion-no-small-visibility\"><div class=\"title-sep sep- sep-solid\" style=\"border-color:#e0dede;\"><\/div><\/div><span class=\"awb-title-spacer fusion-no-large-visibility fusion-no-medium-visibility fusion-no-small-visibility\"><\/span><h3 class=\"fusion-title-heading title-heading-left fusion-responsive-typography-calculated\" style=\"margin:0;--fontSize:26;line-height:1.62;\"><p class=\"fusion-responsive-typography-calculated\" data-fontsize=\"18\" data-lineheight=\"23.94px\"><strong>Comme membre de notre \u00e9quipe de mentorat, vous devrez :<\/strong><\/p><\/h3><span class=\"awb-title-spacer\"><\/span><div class=\"title-sep-container title-sep-container-right\"><div class=\"title-sep sep- sep-solid\" style=\"border-color:#e0dede;\"><\/div><\/div><\/div><div class=\"fusion-text fusion-text-2\" style=\"--awb-font-size:15.5px;--awb-line-height:1.6;--awb-letter-spacing:0.1px;--awb-text-transform:none;--awb-text-color:#000000;--awb-margin-top:-30px;\"><ul>\n<li>Offrir du soutien aux adultes ou aux enfants \u00e0 un moment difficile de leur cheminement avec l\u2019alop\u00e9cie, en ayant une oreille attentive et en prodiguant des conseils et des informations pour les aider \u00e0 prendre leur alop\u00e9cie en charge.<\/li>\n<li>Fournir un environnement s\u00fbr et confidentiel pour le partage des exp\u00e9riences.<\/li>\n<li>Assurer une assistance aux mentor\u00e9es et mentor\u00e9s par le biais d&rsquo;un ou plusieurs des moyens suivants : t\u00e9l\u00e9phone, courriel, interactions en face \u00e0 face ou autres moyens de contact.<\/li>\n<li>Rester \u00e0 jour sur les initiatives, les services, les groupes de soutien et les ressources \u00e9ducatives de la FCANAA, et pr\u00e9senter ces options pour aider une mentor\u00e9e ou un mentor\u00e9.<\/li>\n<li>Participer aux sessions de formation de la FCANAA ainsi qu&rsquo;aux activit\u00e9s de consolidation d\u2019\u00e9quipe.<\/li>\n<\/ul>\n<\/div><div class=\"fusion-title title fusion-title-2 fusion-title-text fusion-title-size-three\" style=\"--awb-margin-top:20px;\"><div class=\"title-sep-container title-sep-container-left fusion-no-large-visibility fusion-no-medium-visibility fusion-no-small-visibility\"><div class=\"title-sep sep- sep-solid\" style=\"border-color:#e0dede;\"><\/div><\/div><span class=\"awb-title-spacer fusion-no-large-visibility fusion-no-medium-visibility fusion-no-small-visibility\"><\/span><h3 class=\"fusion-title-heading title-heading-left fusion-responsive-typography-calculated\" style=\"margin:0;--fontSize:26;line-height:1.62;\"><p class=\"fusion-responsive-typography-calculated\" data-fontsize=\"18\" data-lineheight=\"23.94px\"><strong>Pourquoi faire du b\u00e9n\u00e9volat avec la FCANAA?<\/strong><\/p><\/h3><span class=\"awb-title-spacer\"><\/span><div class=\"title-sep-container title-sep-container-right\"><div class=\"title-sep sep- sep-solid\" style=\"border-color:#e0dede;\"><\/div><\/div><\/div><div class=\"fusion-text fusion-text-3\" style=\"--awb-font-size:15.5px;--awb-line-height:1.6;--awb-letter-spacing:0.1px;--awb-text-transform:none;--awb-text-color:#000000;--awb-margin-top:-20px;\"><p><strong>Communaut\u00e9<\/strong>: la FCANAA n\u2019est pas seulement une \u00e9quipe d\u00e9vou\u00e9e. Nous sommes une famille qui c\u00e9l\u00e8bre ensemble nos cheminement avec l\u2019alop\u00e9cie.<\/p>\n<p>Un <strong>travail qui a du sens<\/strong>: l\u2019alop\u00e9cie areata peut avoir un s\u00e9rieux impact psychosocial sur une vie. Vous pouvez changer la vie de quelqu\u2019un pour le mieux en \u00e9tant une alli\u00e9e ou un alli\u00e9.<\/p>\n<p><strong>Flexibilit\u00e9<\/strong>: des postes de b\u00e9n\u00e9voles sont offerts dans chaque province et territoire du Canada, avec des engagements en temps qui varient de quelques heures par semaine \u00e0 quelques heures par mois.<\/p>\n<p><strong>Croissance personnelle<\/strong>: l\u2019une des meilleures fa\u00e7ons de se d\u00e9velopper est d\u2019aider les autres. Plusieurs de nos b\u00e9n\u00e9voles ont r\u00e9alis\u00e9 \u00eatre devenus plus confiants et \u00eatre mieux soutenus depuis le d\u00e9but de leur b\u00e9n\u00e9volat avec la FCANAA.<\/p>\n<\/div><div class=\"fusion-title title fusion-title-3 fusion-title-text fusion-title-size-three\" style=\"--awb-margin-top:20px;\"><div class=\"title-sep-container title-sep-container-left fusion-no-large-visibility fusion-no-medium-visibility fusion-no-small-visibility\"><div class=\"title-sep sep- sep-solid\" style=\"border-color:#e0dede;\"><\/div><\/div><span class=\"awb-title-spacer fusion-no-large-visibility fusion-no-medium-visibility fusion-no-small-visibility\"><\/span><h3 class=\"fusion-title-heading title-heading-left fusion-responsive-typography-calculated\" style=\"margin:0;--fontSize:26;line-height:1.62;\"><p class=\"fusion-responsive-typography-calculated\" data-fontsize=\"18\" data-lineheight=\"23.94px\"><strong>Comment poser sa candidature<\/strong><\/p><\/h3><span class=\"awb-title-spacer\"><\/span><div class=\"title-sep-container title-sep-container-right\"><div class=\"title-sep sep- sep-solid\" style=\"border-color:#e0dede;\"><\/div><\/div><\/div><div class=\"fusion-text fusion-text-4\" style=\"--awb-font-size:15.5px;--awb-line-height:1.6;--awb-letter-spacing:0.1px;--awb-text-transform:none;--awb-text-color:#000000;--awb-margin-top:-20px;\"><p>Les candidates et candidats doivent avoir 18 ans ou plus.<\/p>\n<p>Pour poser votre candidature, veuillez envoyer le formulaire ci-dessous \u00e0 <span style=\"text-decoration: underline;color: #e31836\"><a style=\"color: #e31836;text-decoration: underline\" href=\"mailto:info@canaaf.org\" target=\"_blank\" rel=\"noopener\">info@canaaf.org<\/a><\/span> accompagn\u00e9 d&rsquo;un curriculum vitae \u00e0 jour.<\/p>\n<p>Il vous sera \u00e9galement demand\u00e9 de pr\u00e9senter une v\u00e9rification satisfaisante de votre casier judiciaire lors de votre int\u00e9gration \u00e0 l&rsquo;\u00e9quipe.<\/p>\n<p><span style=\"text-decoration: underline\"><span style=\"color: #e31836;text-decoration: underline\"><a style=\"color: #e31836;text-decoration: underline\" href=\"https:\/\/www.canaaf.org\/wp-content\/uploads\/2022\/05\/CANAAF-Mentor-Package-2022.pdf\" target=\"_blank\" rel=\"noopener\">Trousse de mentorat de la FCANAA 2022<\/a><\/span><\/span><\/p>\n<\/div><\/div><\/div><div class=\"fusion-layout-column fusion_builder_column fusion-builder-column-2 fusion_builder_column_1_6 1_6 fusion-flex-column\" style=\"--awb-bg-size:cover;--awb-width-large:16.666666666667%;--awb-margin-top-large:0px;--awb-spacing-right-large:11.52%;--awb-margin-bottom-large:0px;--awb-spacing-left-large:11.52%;--awb-width-medium:100%;--awb-order-medium:0;--awb-spacing-right-medium:1.92%;--awb-spacing-left-medium:1.92%;--awb-width-small:100%;--awb-order-small:0;--awb-spacing-right-small:1.92%;--awb-spacing-left-small:1.92%;\"><div class=\"fusion-column-wrapper fusion-column-has-shadow fusion-flex-justify-content-flex-start fusion-content-layout-column\"><\/div><\/div><\/div><\/div>\n","protected":false},"excerpt":{"rendered":"","protected":false},"author":3,"featured_media":15569,"parent":16084,"menu_order":0,"comment_status":"closed","ping_status":"closed","template":"","meta":{"_monsterinsights_skip_tracking":false,"_monsterinsights_sitenote_active":false,"_monsterinsights_sitenote_note":"","_monsterinsights_sitenote_category":0,"footnotes":""},"class_list":["post-16231","page","type-page","status-publish","has-post-thumbnail","hentry"],"yoast_head":"<!-- This site is optimized with the Yoast SEO plugin v27.4 - https:\/\/yoast.com\/product\/yoast-seo-wordpress\/ -->\n<title>Joignez-vous \u00e0 notre \u00e9quipe de mentorat - Fondation Canadienne de l\u2019Alop\u00e9cie Areata<\/title>\n<meta name=\"description\" content=\"Vous pouvez faire la diff\u00e9rence en vous joignant \u00e0 notre \u00e9quipe de mentorat et en apportant un soutien d\u2019\u00e9gal \u00e0 \u00e9gal \u00e0 une personne atteinte d\u2019alop\u00e9cie.\" \/>\n<meta name=\"robots\" content=\"index, follow, max-snippet:-1, max-image-preview:large, max-video-preview:-1\" \/>\n<link rel=\"canonical\" href=\"https:\/\/www.canaaf.org\/fr\/possibilites-de-benevolat\/joignez-vous-a-notre-equipe-de-mentorat\/\" \/>\n<meta property=\"og:locale\" content=\"fr_FR\" \/>\n<meta property=\"og:type\" content=\"article\" \/>\n<meta property=\"og:title\" content=\"Joignez-vous \u00e0 notre \u00e9quipe de mentorat - Fondation Canadienne de l\u2019Alop\u00e9cie Areata\" \/>\n<meta property=\"og:description\" content=\"Vous pouvez faire la diff\u00e9rence en vous joignant \u00e0 notre \u00e9quipe de mentorat et en apportant un soutien d\u2019\u00e9gal \u00e0 \u00e9gal \u00e0 une personne atteinte d\u2019alop\u00e9cie.\" \/>\n<meta property=\"og:url\" content=\"https:\/\/www.canaaf.org\/fr\/possibilites-de-benevolat\/joignez-vous-a-notre-equipe-de-mentorat\/\" \/>\n<meta property=\"og:site_name\" content=\"Fondation Canadienne de l\u2019Alop\u00e9cie Areata\" \/>\n<meta property=\"article:modified_time\" content=\"2022-08-08T17:02:31+00:00\" \/>\n<meta property=\"og:image\" content=\"https:\/\/www.canaaf.org\/wp-content\/uploads\/2022\/02\/NoHairDontCare1-768x1024.jpg\" \/>\n\t<meta property=\"og:image:width\" content=\"768\" \/>\n\t<meta property=\"og:image:height\" content=\"1024\" \/>\n\t<meta property=\"og:image:type\" content=\"image\/jpeg\" \/>\n<meta name=\"twitter:label1\" content=\"Dur\u00e9e de lecture estim\u00e9e\" \/>\n\t<meta name=\"twitter:data1\" content=\"11 minutes\" \/>\n<script type=\"application\/ld+json\" class=\"yoast-schema-graph\">{\"@context\":\"https:\\\/\\\/schema.org\",\"@graph\":[{\"@type\":\"WebPage\",\"@id\":\"https:\\\/\\\/www.canaaf.org\\\/fr\\\/possibilites-de-benevolat\\\/joignez-vous-a-notre-equipe-de-mentorat\\\/\",\"url\":\"https:\\\/\\\/www.canaaf.org\\\/fr\\\/possibilites-de-benevolat\\\/joignez-vous-a-notre-equipe-de-mentorat\\\/\",\"name\":\"Joignez-vous \u00e0 notre \u00e9quipe de mentorat - Fondation Canadienne de l\u2019Alop\u00e9cie Areata\",\"isPartOf\":{\"@id\":\"https:\\\/\\\/www.canaaf.org\\\/fr\\\/#website\"},\"primaryImageOfPage\":{\"@id\":\"https:\\\/\\\/www.canaaf.org\\\/fr\\\/possibilites-de-benevolat\\\/joignez-vous-a-notre-equipe-de-mentorat\\\/#primaryimage\"},\"image\":{\"@id\":\"https:\\\/\\\/www.canaaf.org\\\/fr\\\/possibilites-de-benevolat\\\/joignez-vous-a-notre-equipe-de-mentorat\\\/#primaryimage\"},\"thumbnailUrl\":\"https:\\\/\\\/www.canaaf.org\\\/wp-content\\\/uploads\\\/2022\\\/02\\\/NoHairDontCare1-scaled.jpg\",\"datePublished\":\"2021-03-09T15:11:08+00:00\",\"dateModified\":\"2022-08-08T17:02:31+00:00\",\"description\":\"Vous pouvez faire la diff\u00e9rence en vous joignant \u00e0 notre \u00e9quipe de mentorat et en apportant un soutien d\u2019\u00e9gal \u00e0 \u00e9gal \u00e0 une personne atteinte d\u2019alop\u00e9cie.\",\"breadcrumb\":{\"@id\":\"https:\\\/\\\/www.canaaf.org\\\/fr\\\/possibilites-de-benevolat\\\/joignez-vous-a-notre-equipe-de-mentorat\\\/#breadcrumb\"},\"inLanguage\":\"fr-FR\",\"potentialAction\":[{\"@type\":\"ReadAction\",\"target\":[\"https:\\\/\\\/www.canaaf.org\\\/fr\\\/possibilites-de-benevolat\\\/joignez-vous-a-notre-equipe-de-mentorat\\\/\"]}]},{\"@type\":\"ImageObject\",\"inLanguage\":\"fr-FR\",\"@id\":\"https:\\\/\\\/www.canaaf.org\\\/fr\\\/possibilites-de-benevolat\\\/joignez-vous-a-notre-equipe-de-mentorat\\\/#primaryimage\",\"url\":\"https:\\\/\\\/www.canaaf.org\\\/wp-content\\\/uploads\\\/2022\\\/02\\\/NoHairDontCare1-scaled.jpg\",\"contentUrl\":\"https:\\\/\\\/www.canaaf.org\\\/wp-content\\\/uploads\\\/2022\\\/02\\\/NoHairDontCare1-scaled.jpg\",\"width\":2048,\"height\":1536},{\"@type\":\"BreadcrumbList\",\"@id\":\"https:\\\/\\\/www.canaaf.org\\\/fr\\\/possibilites-de-benevolat\\\/joignez-vous-a-notre-equipe-de-mentorat\\\/#breadcrumb\",\"itemListElement\":[{\"@type\":\"ListItem\",\"position\":1,\"name\":\"Home\",\"item\":\"https:\\\/\\\/www.canaaf.org\\\/fr\\\/\"},{\"@type\":\"ListItem\",\"position\":2,\"name\":\"Possibilit\u00e9s de b\u00e9n\u00e9volat\",\"item\":\"https:\\\/\\\/www.canaaf.org\\\/fr\\\/possibilites-de-benevolat\\\/\"},{\"@type\":\"ListItem\",\"position\":3,\"name\":\"Joignez-vous \u00e0 notre \u00e9quipe de mentorat\"}]},{\"@type\":\"WebSite\",\"@id\":\"https:\\\/\\\/www.canaaf.org\\\/fr\\\/#website\",\"url\":\"https:\\\/\\\/www.canaaf.org\\\/fr\\\/\",\"name\":\"Fondation Canadienne de l\u2019Alop\u00e9cie Areata\",\"description\":\"Pr\u00e9visible pour une maladie impr\u00e9visible.\",\"potentialAction\":[{\"@type\":\"SearchAction\",\"target\":{\"@type\":\"EntryPoint\",\"urlTemplate\":\"https:\\\/\\\/www.canaaf.org\\\/fr\\\/?s={search_term_string}\"},\"query-input\":{\"@type\":\"PropertyValueSpecification\",\"valueRequired\":true,\"valueName\":\"search_term_string\"}}],\"inLanguage\":\"fr-FR\"}]}<\/script>\n<!-- \/ Yoast SEO plugin. -->","yoast_head_json":{"title":"Joignez-vous \u00e0 notre \u00e9quipe de mentorat - Fondation Canadienne de l\u2019Alop\u00e9cie Areata","description":"Vous pouvez faire la diff\u00e9rence en vous joignant \u00e0 notre \u00e9quipe de mentorat et en apportant un soutien d\u2019\u00e9gal \u00e0 \u00e9gal \u00e0 une personne atteinte d\u2019alop\u00e9cie.","robots":{"index":"index","follow":"follow","max-snippet":"max-snippet:-1","max-image-preview":"max-image-preview:large","max-video-preview":"max-video-preview:-1"},"canonical":"https:\/\/www.canaaf.org\/fr\/possibilites-de-benevolat\/joignez-vous-a-notre-equipe-de-mentorat\/","og_locale":"fr_FR","og_type":"article","og_title":"Joignez-vous \u00e0 notre \u00e9quipe de mentorat - Fondation Canadienne de l\u2019Alop\u00e9cie Areata","og_description":"Vous pouvez faire la diff\u00e9rence en vous joignant \u00e0 notre \u00e9quipe de mentorat et en apportant un soutien d\u2019\u00e9gal \u00e0 \u00e9gal \u00e0 une personne atteinte d\u2019alop\u00e9cie.","og_url":"https:\/\/www.canaaf.org\/fr\/possibilites-de-benevolat\/joignez-vous-a-notre-equipe-de-mentorat\/","og_site_name":"Fondation Canadienne de l\u2019Alop\u00e9cie Areata","article_modified_time":"2022-08-08T17:02:31+00:00","og_image":[{"width":768,"height":1024,"url":"https:\/\/www.canaaf.org\/wp-content\/uploads\/2022\/02\/NoHairDontCare1-768x1024.jpg","type":"image\/jpeg"}],"twitter_misc":{"Dur\u00e9e de lecture estim\u00e9e":"11 minutes"},"schema":{"@context":"https:\/\/schema.org","@graph":[{"@type":"WebPage","@id":"https:\/\/www.canaaf.org\/fr\/possibilites-de-benevolat\/joignez-vous-a-notre-equipe-de-mentorat\/","url":"https:\/\/www.canaaf.org\/fr\/possibilites-de-benevolat\/joignez-vous-a-notre-equipe-de-mentorat\/","name":"Joignez-vous \u00e0 notre \u00e9quipe de mentorat - Fondation Canadienne de l\u2019Alop\u00e9cie Areata","isPartOf":{"@id":"https:\/\/www.canaaf.org\/fr\/#website"},"primaryImageOfPage":{"@id":"https:\/\/www.canaaf.org\/fr\/possibilites-de-benevolat\/joignez-vous-a-notre-equipe-de-mentorat\/#primaryimage"},"image":{"@id":"https:\/\/www.canaaf.org\/fr\/possibilites-de-benevolat\/joignez-vous-a-notre-equipe-de-mentorat\/#primaryimage"},"thumbnailUrl":"https:\/\/www.canaaf.org\/wp-content\/uploads\/2022\/02\/NoHairDontCare1-scaled.jpg","datePublished":"2021-03-09T15:11:08+00:00","dateModified":"2022-08-08T17:02:31+00:00","description":"Vous pouvez faire la diff\u00e9rence en vous joignant \u00e0 notre \u00e9quipe de mentorat et en apportant un soutien d\u2019\u00e9gal \u00e0 \u00e9gal \u00e0 une personne atteinte d\u2019alop\u00e9cie.","breadcrumb":{"@id":"https:\/\/www.canaaf.org\/fr\/possibilites-de-benevolat\/joignez-vous-a-notre-equipe-de-mentorat\/#breadcrumb"},"inLanguage":"fr-FR","potentialAction":[{"@type":"ReadAction","target":["https:\/\/www.canaaf.org\/fr\/possibilites-de-benevolat\/joignez-vous-a-notre-equipe-de-mentorat\/"]}]},{"@type":"ImageObject","inLanguage":"fr-FR","@id":"https:\/\/www.canaaf.org\/fr\/possibilites-de-benevolat\/joignez-vous-a-notre-equipe-de-mentorat\/#primaryimage","url":"https:\/\/www.canaaf.org\/wp-content\/uploads\/2022\/02\/NoHairDontCare1-scaled.jpg","contentUrl":"https:\/\/www.canaaf.org\/wp-content\/uploads\/2022\/02\/NoHairDontCare1-scaled.jpg","width":2048,"height":1536},{"@type":"BreadcrumbList","@id":"https:\/\/www.canaaf.org\/fr\/possibilites-de-benevolat\/joignez-vous-a-notre-equipe-de-mentorat\/#breadcrumb","itemListElement":[{"@type":"ListItem","position":1,"name":"Home","item":"https:\/\/www.canaaf.org\/fr\/"},{"@type":"ListItem","position":2,"name":"Possibilit\u00e9s de b\u00e9n\u00e9volat","item":"https:\/\/www.canaaf.org\/fr\/possibilites-de-benevolat\/"},{"@type":"ListItem","position":3,"name":"Joignez-vous \u00e0 notre \u00e9quipe de mentorat"}]},{"@type":"WebSite","@id":"https:\/\/www.canaaf.org\/fr\/#website","url":"https:\/\/www.canaaf.org\/fr\/","name":"Fondation Canadienne de l\u2019Alop\u00e9cie Areata","description":"Pr\u00e9visible pour une maladie impr\u00e9visible.","potentialAction":[{"@type":"SearchAction","target":{"@type":"EntryPoint","urlTemplate":"https:\/\/www.canaaf.org\/fr\/?s={search_term_string}"},"query-input":{"@type":"PropertyValueSpecification","valueRequired":true,"valueName":"search_term_string"}}],"inLanguage":"fr-FR"}]}},"_links":{"self":[{"href":"https:\/\/www.canaaf.org\/fr\/wp-json\/wp\/v2\/pages\/16231","targetHints":{"allow":["GET"]}}],"collection":[{"href":"https:\/\/www.canaaf.org\/fr\/wp-json\/wp\/v2\/pages"}],"about":[{"href":"https:\/\/www.canaaf.org\/fr\/wp-json\/wp\/v2\/types\/page"}],"author":[{"embeddable":true,"href":"https:\/\/www.canaaf.org\/fr\/wp-json\/wp\/v2\/users\/3"}],"replies":[{"embeddable":true,"href":"https:\/\/www.canaaf.org\/fr\/wp-json\/wp\/v2\/comments?post=16231"}],"version-history":[{"count":5,"href":"https:\/\/www.canaaf.org\/fr\/wp-json\/wp\/v2\/pages\/16231\/revisions"}],"predecessor-version":[{"id":16239,"href":"https:\/\/www.canaaf.org\/fr\/wp-json\/wp\/v2\/pages\/16231\/revisions\/16239"}],"up":[{"embeddable":true,"href":"https:\/\/www.canaaf.org\/fr\/wp-json\/wp\/v2\/pages\/16084"}],"wp:featuredmedia":[{"embeddable":true,"href":"https:\/\/www.canaaf.org\/fr\/wp-json\/wp\/v2\/media\/15569"}],"wp:attachment":[{"href":"https:\/\/www.canaaf.org\/fr\/wp-json\/wp\/v2\/media?parent=16231"}],"curies":[{"name":"wp","href":"https:\/\/api.w.org\/{rel}","templated":true}]}}