{"id":16277,"date":"2021-06-22T14:00:51","date_gmt":"2021-06-22T14:00:51","guid":{"rendered":"https:\/\/www.canaaf.org\/parler-de-lalopecie-areata\/"},"modified":"2022-08-08T17:06:21","modified_gmt":"2022-08-08T17:06:21","slug":"parler-de-lalopecie-areata","status":"publish","type":"page","link":"https:\/\/www.canaaf.org\/fr\/ressources-pour-enfants\/parler-de-lalopecie-areata\/","title":{"rendered":"Parler de l\u2019alop\u00e9cie areata"},"content":{"rendered":"<div class=\"fusion-fullwidth fullwidth-box fusion-builder-row-1 fusion-flex-container nonhundred-percent-fullwidth non-hundred-percent-height-scrolling\" style=\"--awb-border-radius-top-left:0px;--awb-border-radius-top-right:0px;--awb-border-radius-bottom-right:0px;--awb-border-radius-bottom-left:0px;--awb-flex-wrap:wrap;\" ><div class=\"fusion-builder-row fusion-row fusion-flex-align-items-flex-start fusion-flex-content-wrap\" style=\"max-width:1331.2px;margin-left: calc(-4% \/ 2 );margin-right: calc(-4% \/ 2 );\"><div class=\"fusion-layout-column fusion_builder_column fusion-builder-column-0 fusion_builder_column_5_6 5_6 fusion-flex-column\" style=\"--awb-bg-size:cover;--awb-width-large:83.333333333333%;--awb-margin-top-large:0px;--awb-spacing-right-large:2.304%;--awb-margin-bottom-large:0px;--awb-spacing-left-large:2.304%;--awb-width-medium:100%;--awb-order-medium:0;--awb-spacing-right-medium:1.92%;--awb-spacing-left-medium:1.92%;--awb-width-small:100%;--awb-order-small:0;--awb-spacing-right-small:1.92%;--awb-spacing-left-small:1.92%;\"><div class=\"fusion-column-wrapper fusion-column-has-shadow fusion-flex-justify-content-flex-start fusion-content-layout-column\"><div class=\"fusion-text fusion-text-1\" style=\"--awb-font-size:15.5px;--awb-text-color:#000000;\"><p>L\u2019alop\u00e9cie areata est une maladie auto-immune courante qui entra\u00eene souvent une perte de cheveux impr\u00e9visible. Elle touche environ 2 % de la population. Dans la majorit\u00e9 des cas, les cheveux tombent par petites plaques de la taille d\u2019une pi\u00e8ce de 25 cents. Pour la plupart des gens, la perte de cheveux se limite \u00e0 quelques plaques, mais dans certains cas, elle peut \u00eatre plus importante. Parfois, elle peut entra\u00eener la perte totale des cheveux sur le cuir chevelu (alop\u00e9cie totale) ou, dans les cas extr\u00eames, la perte des cheveux et de tous les poils sur tout le corps (alop\u00e9cie universelle). Cette affection peut toucher n\u2019importe qui, ind\u00e9pendamment de l\u2019\u00e2ge ou du sexe.<\/p>\n<p>Vous trouverez ci-dessous des fa\u00e7ons de parler de l\u2019alop\u00e9cie areata avec des enfants de diff\u00e9rents \u00e2ges.<\/p>\n<\/div><div class=\"fusion-tabs fusion-tabs-1 classic nav-is-justified horizontal-tabs icon-position-left mobile-mode-accordion\" style=\"--awb-title-border-radius-top-left:0px;--awb-title-border-radius-top-right:0px;--awb-title-border-radius-bottom-right:0px;--awb-title-border-radius-bottom-left:0px;--awb-inactive-color:#ffffff;--awb-background-color:#f4f4f4;--awb-border-color:#f4f4f4;--awb-active-border-color:#e41837;\"><div class=\"nav\"><ul class=\"nav-tabs nav-justified\" role=\"tablist\"><li class=\"active\" role=\"presentation\"><a class=\"tab-link\" data-toggle=\"tab\" role=\"tab\" aria-controls=\"tab-99ced4b3e17441325cc\" aria-selected=\"true\" id=\"fusion-tab-enfantsd\u2019\u00e2gepr\u00e9scolaire\" href=\"#tab-99ced4b3e17441325cc\"><h4 class=\"fusion-tab-heading\">Enfants d\u2019\u00e2ge pr\u00e9scolaire<\/h4><\/a><\/li><li role=\"presentation\"><a class=\"tab-link\" data-toggle=\"tab\" role=\"tab\" aria-controls=\"tab-cf9d4b489cb092705ab\" aria-selected=\"false\" tabindex=\"-1\" id=\"fusion-tab-\u00c2gedel\u2019\u00e9cole\u00e9l\u00e9mentaire\" href=\"#tab-cf9d4b489cb092705ab\"><h4 class=\"fusion-tab-heading\">\u00c2ge de l\u2019\u00e9cole \u00e9l\u00e9mentaire<\/h4><\/a><\/li><li role=\"presentation\"><a class=\"tab-link\" data-toggle=\"tab\" role=\"tab\" aria-controls=\"tab-0c16c853a2dd3577045\" aria-selected=\"false\" tabindex=\"-1\" id=\"fusion-tab-\u00c2gedel\u2019\u00e9colesecondaire\" href=\"#tab-0c16c853a2dd3577045\"><h4 class=\"fusion-tab-heading\">\u00c2ge de l\u2019\u00e9cole secondaire<\/h4><\/a><\/li><\/ul><\/div><div class=\"tab-content\"><div class=\"nav fusion-mobile-tab-nav\"><ul class=\"nav-tabs nav-justified\" role=\"tablist\"><li class=\"active\" role=\"presentation\"><a class=\"tab-link\" data-toggle=\"tab\" role=\"tab\" aria-controls=\"tab-99ced4b3e17441325cc\" aria-selected=\"true\" id=\"mobile-fusion-tab-enfantsd\u2019\u00e2gepr\u00e9scolaire\" href=\"#tab-99ced4b3e17441325cc\"><h4 class=\"fusion-tab-heading\">Enfants d\u2019\u00e2ge pr\u00e9scolaire<\/h4><\/a><\/li><\/ul><\/div><div class=\"tab-pane fade fusion-clearfix in active\" role=\"tabpanel\" tabindex=\"0\" aria-labelledby=\"fusion-tab-enfantsd\u2019\u00e2gepr\u00e9scolaire\" id=\"tab-99ced4b3e17441325cc\"><img decoding=\"async\" class=\"wp-image-10501 alignleft lazyload\" data-src=\"https:\/\/www.canaaf.org\/wp-content\/uploads\/2021\/06\/alopeciafriends.png\" alt=\"\" width=\"301\" height=\"188\" data-srcset=\"https:\/\/www.canaaf.org\/wp-content\/uploads\/2021\/06\/alopeciafriends-200x125.png 200w, https:\/\/www.canaaf.org\/wp-content\/uploads\/2021\/06\/alopeciafriends-300x187.png 300w, https:\/\/www.canaaf.org\/wp-content\/uploads\/2021\/06\/alopeciafriends-400x249.png 400w, https:\/\/www.canaaf.org\/wp-content\/uploads\/2021\/06\/alopeciafriends-600x374.png 600w, https:\/\/www.canaaf.org\/wp-content\/uploads\/2021\/06\/alopeciafriends.png 624w\" data-sizes=\"(max-width: 301px) 100vw, 301px\" src=\"data:image\/svg+xml;base64,PHN2ZyB3aWR0aD0iMSIgaGVpZ2h0PSIxIiB4bWxucz0iaHR0cDovL3d3dy53My5vcmcvMjAwMC9zdmciPjwvc3ZnPg==\" style=\"--smush-placeholder-width: 301px; --smush-placeholder-aspect-ratio: 301\/188;\" \/><span style=\"color: #000000; font-size: 15.5px;\">Vous avez peut-\u00eatre remarqu\u00e9 que les hommes adultes sont parfois chauves ou qu\u2019il leur manque des cheveux \u00e0 certains endroits sur le dessus de la t\u00eate. Cela peut arriver \u00e0 des femmes adultes, aussi. Lorsque cela se produit chez les adultes, cela peut \u00eatre d\u00fb \u00e0 une calvitie familiale ou \u00e0 l\u2019amincissement des cheveux avec l\u2019\u00e2ge. Parfois, mais pas aussi souvent, cela peut arriver aux enfants et aux jeunes, sans raison apparente. C\u2019est ce qu\u2019on appelle l\u2019alop\u00e9cie.<\/span><\/p>\n<p><span style=\"color: #000000; font-size: 15.5px;\">Il existe diff\u00e9rents types d\u2019alop\u00e9cie. Parfois, une personne ne perd qu\u2019une petite partie de ses cheveux sur la t\u00eate, et d\u2019autres fois elle peut perdre tous ses cheveux et ses poils, m\u00eame ses sourcils et ses cils. Il existe des m\u00e9dicaments qui peuvent aider \u00e0 traiter l\u2019alop\u00e9cie, mais ils ne sont pas toujours efficaces, tout le temps. C\u2019est correct d\u2019essayer les m\u00e9dicaments ou c\u2019est aussi correct de ne pas les essayer. Parfois, les cheveux reviennent tout seuls.<\/span><\/p>\n<p><span style=\"color: #000000; font-size: 15.5px;\">La plupart du temps, l\u2019alop\u00e9cie est quelque chose qui peut se produire tout seul, sans que le corps ait besoin d\u2019autres m\u00e9dicaments. Mais il est bon de consulter un m\u00e9decin et de faire un bilan de sant\u00e9 lorsque l\u2019alop\u00e9cie se d\u00e9clare, afin de s\u2019assurer que le reste du corps est sain et bien portant.<\/span><\/p>\n<p><span style=\"color: #000000; font-size: 15.5px;\">Une fa\u00e7on d\u2019\u00eatre une bonne amie ou un bon ami pour une personne atteinte d\u2019alop\u00e9cie, c\u2019est d\u2019\u00eatre gentille ou gentil avec elle lorsque vous voyez ses cheveux changer et de la laisser vous parler de ses cheveux ou de leur perte lorsqu\u2019elle en a envie.<\/span><\/div><div class=\"nav fusion-mobile-tab-nav\"><ul class=\"nav-tabs nav-justified\" role=\"tablist\"><li role=\"presentation\"><a class=\"tab-link\" data-toggle=\"tab\" role=\"tab\" aria-controls=\"tab-cf9d4b489cb092705ab\" aria-selected=\"false\" tabindex=\"-1\" id=\"mobile-fusion-tab-\u00c2gedel\u2019\u00e9cole\u00e9l\u00e9mentaire\" href=\"#tab-cf9d4b489cb092705ab\"><h4 class=\"fusion-tab-heading\">\u00c2ge de l\u2019\u00e9cole \u00e9l\u00e9mentaire<\/h4><\/a><\/li><\/ul><\/div><div class=\"tab-pane fade fusion-clearfix\" role=\"tabpanel\" tabindex=\"0\" aria-labelledby=\"fusion-tab-\u00c2gedel\u2019\u00e9cole\u00e9l\u00e9mentaire\" id=\"tab-cf9d4b489cb092705ab\"><span style=\"color: #000000; font-size: 15.5px;\">La plupart du temps, nous pensons que la calvitie ou la perte de cheveux concerne les personnes \u00e2g\u00e9es ou les personnes qui suivent une chimioth\u00e9rapie (un m\u00e9dicament sp\u00e9cial) pour combattre le cancer. L\u2019alop\u00e9cie est une perte de cheveux qui peut arriver \u00e0 tout le monde et \u00e0 tout \u00e2ge. Ce n\u2019est pas la m\u00eame chose que la perte de cheveux provoqu\u00e9e par les m\u00e9dicaments utilis\u00e9s pour traiter le cancer et les enfants qui souffrent d\u2019alop\u00e9cie n\u2019ont pas de cancer. En fait, la plupart du temps, la personne atteinte d\u2019alop\u00e9cie n\u2019a pas d\u2019autre besoin de soin m\u00e9dical. C\u2019est juste qu\u2019elles ou ils ont perdu leurs cheveux.<\/span><\/p>\n<p><span style=\"color: #000000; font-size: 15.5px;\">Il existe 3 types diff\u00e9rents d\u2019alop\u00e9cie.<\/span><\/p>\n<ol>\n<li><span style=\"color: #000000; font-size: 15.5px;\">L\u2019<strong>alop\u00e9cie areata<\/strong> est appel\u00e9e ainsi lorsqu\u2019une personne perd simplement des cheveux par endroits ou par plaques.<\/span><\/li>\n<li><span style=\"color: #000000; font-size: 15.5px;\">On parle d\u2019<strong>alop\u00e9cie totale<\/strong> lorsqu\u2019une personne perd tous les cheveux de sa t\u00eate.<\/span><\/li>\n<li><span style=\"color: #000000; font-size: 15.5px;\">L\u2019<strong>alop\u00e9cie universelle<\/strong> se caract\u00e9rise par la perte de tous les cheveux et de tous les poils : sur la t\u00eate, les sourcils et les cils, et m\u00eame sur les bras et les jambes.<\/span><\/li>\n<\/ol>\n<p><span style=\"color: #000000; font-size: 15.5px;\">L\u2019alop\u00e9cie n\u2019est la faute de personne. C\u2019est juste quelque chose qui arrive parfois dans le corps de certaines personnes. Les m\u00e9decins pensent que l\u2019alop\u00e9cie provient de signaux contradictoires dans le syst\u00e8me immunitaire. Le syst\u00e8me immunitaire est l\u2019\u00e9quipe qui combat les microbes de notre corps. Les cellules de notre syst\u00e8me immunitaire travaillent dur pour combattre et tuer tous les microbes (bact\u00e9ries ou virus) qui parviennent \u00e0 franchir notre syst\u00e8me de d\u00e9fense \u00e0 l\u2019int\u00e9rieur de notre corps.<\/span><\/p>\n<p><span style=\"color: #000000; font-size: 15.5px;\">Mais parfois, dans certains corps, les combattants des microbes du syst\u00e8me immunitaire peuvent \u00eatre un peu confus agir comme si des choses dans notre corps sont des microbes quand finalement elles n\u2019en sont pas. Les m\u00e9decins pensent que dans le cas de l\u2019alop\u00e9cie, le syst\u00e8me immunitaire ne sait plus o\u00f9 donner de la t\u00eate et traite certains follicules pileux (les petits tunnels minuscules \u00e0 partir desquels poussent nos cheveux) comme des microbes. Ce serait parce que les cheveux changent et poussent tr\u00e8s vite, comme de nombreux microbes.<\/span><\/p>\n<p><span style=\"color: #000000; font-size: 15.5px;\">Si une personne est atteinte d\u2019alop\u00e9cie, son m\u00e9decin peut lui demander de faire un test sanguin pour v\u00e9rifier que tout le reste de son syst\u00e8me immunitaire fonctionne correctement. Il existe certains m\u00e9dicaments qui peuvent aider l\u2019alop\u00e9cie, mais ils ne sont pas toujours efficaces, tout le temps. Il est possible d\u2019essayer les m\u00e9dicaments ou de ne pas les essayer. Parfois, les cheveux repoussent tout seuls.<\/span><\/p>\n<p><span style=\"color: #000000; font-size: 15.5px;\">Un enfant qui souffre d\u2019alop\u00e9cie peut essayer de porter des chapeaux, des perruques, des \u00e9charpes ou d\u2019autres accessoires. Une fa\u00e7on d\u2019\u00eatre une bonne amie ou un bon ami pour une personne qui perd ses cheveux serait d\u2019\u00eatre gentille ou gentil avec elle si elle veut porter un chapeau ou une perruque, ou si elle ne veut rien porter. R\u00e9fl\u00e9chissez aux choses que vous allez dire ou demander sur leurs cheveux AVANT de les dire ou de les demander. Vous pourrez ensuite r\u00e9fl\u00e9chir \u00e0 ce que vous ressentiriez si vous \u00e9tiez \u00e0 leur place.<\/span><\/div><div class=\"nav fusion-mobile-tab-nav\"><ul class=\"nav-tabs nav-justified\" role=\"tablist\"><li role=\"presentation\"><a class=\"tab-link\" data-toggle=\"tab\" role=\"tab\" aria-controls=\"tab-0c16c853a2dd3577045\" aria-selected=\"false\" tabindex=\"-1\" id=\"mobile-fusion-tab-\u00c2gedel\u2019\u00e9colesecondaire\" href=\"#tab-0c16c853a2dd3577045\"><h4 class=\"fusion-tab-heading\">\u00c2ge de l\u2019\u00e9cole secondaire<\/h4><\/a><\/li><\/ul><\/div><div class=\"tab-pane fade fusion-clearfix\" role=\"tabpanel\" tabindex=\"0\" aria-labelledby=\"fusion-tab-\u00c2gedel\u2019\u00e9colesecondaire\" id=\"tab-0c16c853a2dd3577045\"><span style=\"color: #000000; font-size: 15.5px;\">Alop\u00e9cie signifie perte de cheveux. Elle est diff\u00e9rente de la perte de cheveux occasionn\u00e9e par la chimioth\u00e9rapie (groupe de m\u00e9dicaments le plus souvent utilis\u00e9s pour traiter le cancer) ou le vieillissement. On pense que l\u2019alop\u00e9cie est une maladie auto-immune dans laquelle le syst\u00e8me immunitaire (le syst\u00e8me de cellules de notre corps qui combat les bact\u00e9ries et les virus), pour une raison quelconque, attaque les follicules pileux, ce qui entra\u00eene la chute des cheveux.<\/span><\/p>\n<p><span style=\"color: #000000; font-size: 15.5px;\">Parfois, les cheveux tombent par plaques (alop\u00e9cie areata). Parfois, tous les cheveux de la t\u00eate tombent (alop\u00e9cie totalis) et parfois tous les cheveux et poils du corps entier tombent (alop\u00e9cie universalis). Autrefois, les gens attribuaient la perte de cheveux au stress ou \u00e0 la nervosit\u00e9. Cependant, les m\u00e9decins ont d\u00e9couvert gr\u00e2ce \u00e0 la recherche que l\u2019alop\u00e9cie n\u2019est pas caus\u00e9e par le stress. (Apr\u00e8s tout, pensez \u00e0 toutes les personnes stress\u00e9es que vous connaissez et qui ont une chevelure bien fournie). L\u2019alop\u00e9cie n\u2019est la faute de personne.<\/span><\/p>\n<p><span style=\"color: #000000; font-size: 15.5px;\">Certaines personnes atteintes d\u2019alop\u00e9cie peuvent constater que la maladie s\u2019aggrave lorsqu\u2019elles sont stress\u00e9es, mais c\u2019est le cas de beaucoup de choses qui peuvent se manifester dans notre corps. (ecz\u00e9ma, probl\u00e8mes cardiaques, troubles mentaux, pression sanguine, entre autres). Il existe diff\u00e9rents traitements qu\u2019une ou un dermatologue peut prescrire pour lutter contre l\u2019alop\u00e9cie, mais ils semblent tous fonctionner diff\u00e9remment selon les personnes.<\/span><\/p>\n<p><span style=\"color: #000000; font-size: 15.5px;\">Certaines personnes peuvent choisir de ne pas traiter du tout leur alop\u00e9cie. C\u2019est bien aussi ! C\u2019est une chose que chaque famille doit d\u00e9terminer pour elle-m\u00eame. Outre les m\u00e9dicaments, les personnes atteintes d\u2019alop\u00e9cie peuvent d\u00e9cider de porter des perruques, des chapeaux ou des bandeaux afin de prot\u00e9ger leur cuir chevelu ou d\u2019avoir le style qu\u2019elles souhaitent.<\/span><\/p>\n<p><span style=\"color: #000000; font-size: 15.5px;\">Si elles sont atteintes d\u2019alop\u00e9cie, elles peuvent d\u00e9cider d\u2019essayer diff\u00e9rentes coiffures cool qui cachent leurs zones chauves ou rendent leur coiffure asym\u00e9trique. Tout cela est bien correct et c&rsquo;est des moyens sains de faire face \u00e0 l\u2019alop\u00e9cie.<\/span><\/p>\n<p><span style=\"color: #000000; font-size: 15.5px;\">Une fa\u00e7on d\u2019\u00eatre une bonne amie ou un bon ami pour une personne atteinte d\u2019alop\u00e9cie est de l\u2019\u00e9couter exprimer ce qu\u2019elle ressent face \u00e0 sa perte de cheveux, de la soutenir et d\u2019\u00eatre pr\u00eat \u00e0 apprendre. Les poils de notre corps font beaucoup de choses auxquelles on ne pense peut-\u00eatre jamais! Une personne atteinte d\u2019alop\u00e9cie universelle peut avoir des probl\u00e8mes de larmoiement parce qu\u2019elle n\u2019a pas de sourcils et de cils pour la prot\u00e9ger des \u00e9l\u00e9ments, par exemple. Conna\u00eetre ces difficult\u00e9s peut vous aider \u00e0 faire preuve de gentillesse et d\u2019empathie.<\/span><\/div><\/div><\/div><div class=\"fusion-text fusion-text-2\" style=\"--awb-font-size:15.5px;--awb-text-color:#000000;\"><p>Source : achildrenshouse.org<\/p>\n<\/div><\/div><\/div><\/div><\/div>\n","protected":false},"excerpt":{"rendered":"","protected":false},"author":3,"featured_media":0,"parent":16310,"menu_order":0,"comment_status":"closed","ping_status":"closed","template":"","meta":{"_monsterinsights_skip_tracking":false,"_monsterinsights_sitenote_active":false,"_monsterinsights_sitenote_note":"","_monsterinsights_sitenote_category":0,"footnotes":""},"class_list":["post-16277","page","type-page","status-publish","hentry"],"yoast_head":"<!-- This site is optimized with the Yoast SEO plugin v27.4 - https:\/\/yoast.com\/product\/yoast-seo-wordpress\/ -->\n<title>Parler de l\u2019alop\u00e9cie areata - Fondation Canadienne de l\u2019Alop\u00e9cie Areata<\/title>\n<meta name=\"robots\" content=\"index, follow, max-snippet:-1, max-image-preview:large, max-video-preview:-1\" \/>\n<link rel=\"canonical\" href=\"https:\/\/www.canaaf.org\/fr\/ressources-pour-enfants\/parler-de-lalopecie-areata\/\" \/>\n<meta property=\"og:locale\" content=\"fr_FR\" \/>\n<meta property=\"og:type\" content=\"article\" \/>\n<meta property=\"og:title\" content=\"Parler de l\u2019alop\u00e9cie areata - Fondation Canadienne de l\u2019Alop\u00e9cie Areata\" \/>\n<meta property=\"og:url\" content=\"https:\/\/www.canaaf.org\/fr\/ressources-pour-enfants\/parler-de-lalopecie-areata\/\" \/>\n<meta property=\"og:site_name\" content=\"Fondation Canadienne de l\u2019Alop\u00e9cie Areata\" \/>\n<meta property=\"article:modified_time\" content=\"2022-08-08T17:06:21+00:00\" \/>\n<meta property=\"og:image\" content=\"https:\/\/www.canaaf.org\/wp-content\/uploads\/2021\/06\/alopeciafriends.png\" \/>\n<meta name=\"twitter:label1\" content=\"Dur\u00e9e de lecture estim\u00e9e\" \/>\n\t<meta name=\"twitter:data1\" content=\"11 minutes\" \/>\n<script type=\"application\/ld+json\" class=\"yoast-schema-graph\">{\"@context\":\"https:\\\/\\\/schema.org\",\"@graph\":[{\"@type\":\"WebPage\",\"@id\":\"https:\\\/\\\/www.canaaf.org\\\/fr\\\/ressources-pour-enfants\\\/parler-de-lalopecie-areata\\\/\",\"url\":\"https:\\\/\\\/www.canaaf.org\\\/fr\\\/ressources-pour-enfants\\\/parler-de-lalopecie-areata\\\/\",\"name\":\"Parler de l\u2019alop\u00e9cie areata - Fondation Canadienne de l\u2019Alop\u00e9cie Areata\",\"isPartOf\":{\"@id\":\"https:\\\/\\\/www.canaaf.org\\\/fr\\\/#website\"},\"primaryImageOfPage\":{\"@id\":\"https:\\\/\\\/www.canaaf.org\\\/fr\\\/ressources-pour-enfants\\\/parler-de-lalopecie-areata\\\/#primaryimage\"},\"image\":{\"@id\":\"https:\\\/\\\/www.canaaf.org\\\/fr\\\/ressources-pour-enfants\\\/parler-de-lalopecie-areata\\\/#primaryimage\"},\"thumbnailUrl\":\"https:\\\/\\\/www.canaaf.org\\\/wp-content\\\/uploads\\\/2021\\\/06\\\/alopeciafriends.png\",\"datePublished\":\"2021-06-22T14:00:51+00:00\",\"dateModified\":\"2022-08-08T17:06:21+00:00\",\"breadcrumb\":{\"@id\":\"https:\\\/\\\/www.canaaf.org\\\/fr\\\/ressources-pour-enfants\\\/parler-de-lalopecie-areata\\\/#breadcrumb\"},\"inLanguage\":\"fr-FR\",\"potentialAction\":[{\"@type\":\"ReadAction\",\"target\":[\"https:\\\/\\\/www.canaaf.org\\\/fr\\\/ressources-pour-enfants\\\/parler-de-lalopecie-areata\\\/\"]}]},{\"@type\":\"ImageObject\",\"inLanguage\":\"fr-FR\",\"@id\":\"https:\\\/\\\/www.canaaf.org\\\/fr\\\/ressources-pour-enfants\\\/parler-de-lalopecie-areata\\\/#primaryimage\",\"url\":\"https:\\\/\\\/www.canaaf.org\\\/wp-content\\\/uploads\\\/2021\\\/06\\\/alopeciafriends.png\",\"contentUrl\":\"https:\\\/\\\/www.canaaf.org\\\/wp-content\\\/uploads\\\/2021\\\/06\\\/alopeciafriends.png\"},{\"@type\":\"BreadcrumbList\",\"@id\":\"https:\\\/\\\/www.canaaf.org\\\/fr\\\/ressources-pour-enfants\\\/parler-de-lalopecie-areata\\\/#breadcrumb\",\"itemListElement\":[{\"@type\":\"ListItem\",\"position\":1,\"name\":\"Home\",\"item\":\"https:\\\/\\\/www.canaaf.org\\\/fr\\\/\"},{\"@type\":\"ListItem\",\"position\":2,\"name\":\"Ressources pour les enfants\",\"item\":\"https:\\\/\\\/www.canaaf.org\\\/fr\\\/ressources-pour-enfants\\\/\"},{\"@type\":\"ListItem\",\"position\":3,\"name\":\"Parler de l\u2019alop\u00e9cie areata\"}]},{\"@type\":\"WebSite\",\"@id\":\"https:\\\/\\\/www.canaaf.org\\\/fr\\\/#website\",\"url\":\"https:\\\/\\\/www.canaaf.org\\\/fr\\\/\",\"name\":\"Fondation Canadienne de l\u2019Alop\u00e9cie Areata\",\"description\":\"Pr\u00e9visible pour une maladie impr\u00e9visible.\",\"potentialAction\":[{\"@type\":\"SearchAction\",\"target\":{\"@type\":\"EntryPoint\",\"urlTemplate\":\"https:\\\/\\\/www.canaaf.org\\\/fr\\\/?s={search_term_string}\"},\"query-input\":{\"@type\":\"PropertyValueSpecification\",\"valueRequired\":true,\"valueName\":\"search_term_string\"}}],\"inLanguage\":\"fr-FR\"}]}<\/script>\n<!-- \/ Yoast SEO plugin. -->","yoast_head_json":{"title":"Parler de l\u2019alop\u00e9cie areata - Fondation Canadienne de l\u2019Alop\u00e9cie Areata","robots":{"index":"index","follow":"follow","max-snippet":"max-snippet:-1","max-image-preview":"max-image-preview:large","max-video-preview":"max-video-preview:-1"},"canonical":"https:\/\/www.canaaf.org\/fr\/ressources-pour-enfants\/parler-de-lalopecie-areata\/","og_locale":"fr_FR","og_type":"article","og_title":"Parler de l\u2019alop\u00e9cie areata - Fondation Canadienne de l\u2019Alop\u00e9cie Areata","og_url":"https:\/\/www.canaaf.org\/fr\/ressources-pour-enfants\/parler-de-lalopecie-areata\/","og_site_name":"Fondation Canadienne de l\u2019Alop\u00e9cie Areata","article_modified_time":"2022-08-08T17:06:21+00:00","og_image":[{"url":"https:\/\/www.canaaf.org\/wp-content\/uploads\/2021\/06\/alopeciafriends.png","type":"","width":"","height":""}],"twitter_misc":{"Dur\u00e9e de lecture estim\u00e9e":"11 minutes"},"schema":{"@context":"https:\/\/schema.org","@graph":[{"@type":"WebPage","@id":"https:\/\/www.canaaf.org\/fr\/ressources-pour-enfants\/parler-de-lalopecie-areata\/","url":"https:\/\/www.canaaf.org\/fr\/ressources-pour-enfants\/parler-de-lalopecie-areata\/","name":"Parler de l\u2019alop\u00e9cie areata - Fondation Canadienne de l\u2019Alop\u00e9cie Areata","isPartOf":{"@id":"https:\/\/www.canaaf.org\/fr\/#website"},"primaryImageOfPage":{"@id":"https:\/\/www.canaaf.org\/fr\/ressources-pour-enfants\/parler-de-lalopecie-areata\/#primaryimage"},"image":{"@id":"https:\/\/www.canaaf.org\/fr\/ressources-pour-enfants\/parler-de-lalopecie-areata\/#primaryimage"},"thumbnailUrl":"https:\/\/www.canaaf.org\/wp-content\/uploads\/2021\/06\/alopeciafriends.png","datePublished":"2021-06-22T14:00:51+00:00","dateModified":"2022-08-08T17:06:21+00:00","breadcrumb":{"@id":"https:\/\/www.canaaf.org\/fr\/ressources-pour-enfants\/parler-de-lalopecie-areata\/#breadcrumb"},"inLanguage":"fr-FR","potentialAction":[{"@type":"ReadAction","target":["https:\/\/www.canaaf.org\/fr\/ressources-pour-enfants\/parler-de-lalopecie-areata\/"]}]},{"@type":"ImageObject","inLanguage":"fr-FR","@id":"https:\/\/www.canaaf.org\/fr\/ressources-pour-enfants\/parler-de-lalopecie-areata\/#primaryimage","url":"https:\/\/www.canaaf.org\/wp-content\/uploads\/2021\/06\/alopeciafriends.png","contentUrl":"https:\/\/www.canaaf.org\/wp-content\/uploads\/2021\/06\/alopeciafriends.png"},{"@type":"BreadcrumbList","@id":"https:\/\/www.canaaf.org\/fr\/ressources-pour-enfants\/parler-de-lalopecie-areata\/#breadcrumb","itemListElement":[{"@type":"ListItem","position":1,"name":"Home","item":"https:\/\/www.canaaf.org\/fr\/"},{"@type":"ListItem","position":2,"name":"Ressources pour les enfants","item":"https:\/\/www.canaaf.org\/fr\/ressources-pour-enfants\/"},{"@type":"ListItem","position":3,"name":"Parler de l\u2019alop\u00e9cie areata"}]},{"@type":"WebSite","@id":"https:\/\/www.canaaf.org\/fr\/#website","url":"https:\/\/www.canaaf.org\/fr\/","name":"Fondation Canadienne de l\u2019Alop\u00e9cie Areata","description":"Pr\u00e9visible pour une maladie impr\u00e9visible.","potentialAction":[{"@type":"SearchAction","target":{"@type":"EntryPoint","urlTemplate":"https:\/\/www.canaaf.org\/fr\/?s={search_term_string}"},"query-input":{"@type":"PropertyValueSpecification","valueRequired":true,"valueName":"search_term_string"}}],"inLanguage":"fr-FR"}]}},"_links":{"self":[{"href":"https:\/\/www.canaaf.org\/fr\/wp-json\/wp\/v2\/pages\/16277","targetHints":{"allow":["GET"]}}],"collection":[{"href":"https:\/\/www.canaaf.org\/fr\/wp-json\/wp\/v2\/pages"}],"about":[{"href":"https:\/\/www.canaaf.org\/fr\/wp-json\/wp\/v2\/types\/page"}],"author":[{"embeddable":true,"href":"https:\/\/www.canaaf.org\/fr\/wp-json\/wp\/v2\/users\/3"}],"replies":[{"embeddable":true,"href":"https:\/\/www.canaaf.org\/fr\/wp-json\/wp\/v2\/comments?post=16277"}],"version-history":[{"count":1,"href":"https:\/\/www.canaaf.org\/fr\/wp-json\/wp\/v2\/pages\/16277\/revisions"}],"predecessor-version":[{"id":16280,"href":"https:\/\/www.canaaf.org\/fr\/wp-json\/wp\/v2\/pages\/16277\/revisions\/16280"}],"up":[{"embeddable":true,"href":"https:\/\/www.canaaf.org\/fr\/wp-json\/wp\/v2\/pages\/16310"}],"wp:attachment":[{"href":"https:\/\/www.canaaf.org\/fr\/wp-json\/wp\/v2\/media?parent=16277"}],"curies":[{"name":"wp","href":"https:\/\/api.w.org\/{rel}","templated":true}]}}