{"id":16304,"date":"2021-03-03T00:27:18","date_gmt":"2021-03-03T00:27:18","guid":{"rendered":"https:\/\/www.canaaf.org\/possibilites-de-benevolat\/chef-de-groupe-de-soutien\/"},"modified":"2022-08-09T16:31:34","modified_gmt":"2022-08-09T16:31:34","slug":"chef-de-groupe-de-soutien","status":"publish","type":"page","link":"https:\/\/www.canaaf.org\/fr\/possibilites-de-benevolat\/chef-de-groupe-de-soutien\/","title":{"rendered":"Responsable d&rsquo;un groupe de soutien"},"content":{"rendered":"<div class=\"fusion-fullwidth fullwidth-box fusion-builder-row-1 fusion-flex-container nonhundred-percent-fullwidth non-hundred-percent-height-scrolling\" style=\"--awb-border-radius-top-left:0px;--awb-border-radius-top-right:0px;--awb-border-radius-bottom-right:0px;--awb-border-radius-bottom-left:0px;--awb-flex-wrap:wrap;\" ><div class=\"fusion-builder-row fusion-row fusion-flex-align-items-flex-start fusion-flex-content-wrap\" style=\"max-width:1331.2px;margin-left: calc(-4% \/ 2 );margin-right: calc(-4% \/ 2 );\"><div class=\"fusion-layout-column fusion_builder_column fusion-builder-column-0 fusion_builder_column_1_6 1_6 fusion-flex-column\" style=\"--awb-bg-size:cover;--awb-width-large:16.666666666667%;--awb-margin-top-large:0px;--awb-spacing-right-large:11.52%;--awb-margin-bottom-large:0px;--awb-spacing-left-large:11.52%;--awb-width-medium:100%;--awb-order-medium:0;--awb-spacing-right-medium:1.92%;--awb-spacing-left-medium:1.92%;--awb-width-small:100%;--awb-order-small:0;--awb-spacing-right-small:1.92%;--awb-spacing-left-small:1.92%;\"><div class=\"fusion-column-wrapper fusion-column-has-shadow fusion-flex-justify-content-flex-start fusion-content-layout-column\"><\/div><\/div><div class=\"fusion-layout-column fusion_builder_column fusion-builder-column-1 fusion_builder_column_2_3 2_3 fusion-flex-column\" style=\"--awb-bg-size:cover;--awb-width-large:66.666666666667%;--awb-margin-top-large:0px;--awb-spacing-right-large:2.88%;--awb-margin-bottom-large:0px;--awb-spacing-left-large:2.88%;--awb-width-medium:100%;--awb-order-medium:0;--awb-spacing-right-medium:1.92%;--awb-spacing-left-medium:1.92%;--awb-width-small:100%;--awb-order-small:0;--awb-spacing-right-small:1.92%;--awb-spacing-left-small:1.92%;\"><div class=\"fusion-column-wrapper fusion-column-has-shadow fusion-flex-justify-content-flex-start fusion-content-layout-column\"><div class=\"fusion-text fusion-text-1\" style=\"--awb-font-size:15.5px;--awb-line-height:1.6;--awb-letter-spacing:0.1px;--awb-text-transform:none;--awb-text-color:#000000;\"><p><strong>Lieu<\/strong>: Canada<\/p>\n<p><strong>Engagement en temps<\/strong>: 2-3 heures\/mois<\/p>\n<p>La FCANAA est une organisation de bienfaisance canadienne enregistr\u00e9e qui fournit de l\u2019\u00e9ducation, du soutien et des ressources essentielles aux familles touch\u00e9es par l\u2019alop\u00e9cie areata. Nous recherchons actuellement des volontaires pour rejoindre notre \u00e9quipe d&rsquo;animateurs de groupes de soutien.<\/p>\n<p>En tant que responsable du groupe de soutien du CANAAF, vous dirigerez un groupe de soutien o\u00f9 vous-m\u00eame et d&rsquo;autres personnes touch\u00e9es par l&rsquo;alop\u00e9cie areata se r\u00e9unissent pour partager leurs exp\u00e9riences et offrir des conseils. Ce faisant, vous ferez partie d&rsquo;une communaut\u00e9 attentive qui se connectera, apprendra et c\u00e9l\u00e9brera ensemble tout en relevant les d\u00e9fis de la perte de cheveux. Vous faites la diff\u00e9rence en offrant un environnement s\u00fbr et confidentiel dans lequel les points de vue de chacun sont entendus et respect\u00e9s.<\/p>\n<\/div><div class=\"fusion-title title fusion-title-1 fusion-title-text fusion-title-size-three\"><div class=\"title-sep-container title-sep-container-left fusion-no-large-visibility fusion-no-medium-visibility fusion-no-small-visibility\"><div class=\"title-sep sep- sep-solid\" style=\"border-color:#e0dede;\"><\/div><\/div><span class=\"awb-title-spacer fusion-no-large-visibility fusion-no-medium-visibility fusion-no-small-visibility\"><\/span><h3 class=\"fusion-title-heading title-heading-left fusion-responsive-typography-calculated\" style=\"margin:0;--fontSize:26;line-height:1.62;\"><p class=\"fusion-responsive-typography-calculated\" data-fontsize=\"18\" data-lineheight=\"23.94px\"><strong>Qui peut devenir responsable d&rsquo;un groupe de soutien ?<\/strong><\/p><\/h3><span class=\"awb-title-spacer\"><\/span><div class=\"title-sep-container title-sep-container-right\"><div class=\"title-sep sep- sep-solid\" style=\"border-color:#e0dede;\"><\/div><\/div><\/div><div class=\"fusion-text fusion-text-2\" style=\"--awb-font-size:15.5px;--awb-line-height:1.6;--awb-letter-spacing:0.1px;--awb-text-transform:none;--awb-text-color:#000000;--awb-margin-top:-30px;\"><ul>\n<li>Toute personne ayant une exp\u00e9rience actuelle ou pass\u00e9e de l&rsquo;alop\u00e9cie areata peut apporter son soutien aux personnes qui traversent une perte de cheveux.<\/li>\n<li>Les parents et les soignants d&rsquo;une personne atteinte d&rsquo;alop\u00e9cie peuvent animer un groupe de soutien pour d&rsquo;autres parents et soignants.<\/li>\n<li>Les membres de la famille et les amis d&rsquo;une personne atteinte d&rsquo;alop\u00e9cie peuvent \u00e9galement animer un groupe de soutien pour les personnes se trouvant dans une situation similaire (groupe de soutien pour les conjoints, les fr\u00e8res et s\u0153urs, les amis, etc.)<\/li>\n<\/ul>\n<p>Une exp\u00e9rience\/\u00e9ducation pr\u00e9alable en travail social ou dans un domaine connexe est encourag\u00e9e mais pas n\u00e9cessaire pour devenir un leader de soutien. Nous fournissons une formation, des ressources et des conseils continus pour vous permettre de gagner en confiance en tant que chef de groupe de soutien du CANAAF.<\/p>\n<\/div><div class=\"fusion-title title fusion-title-2 fusion-title-text fusion-title-size-three\"><div class=\"title-sep-container title-sep-container-left fusion-no-large-visibility fusion-no-medium-visibility fusion-no-small-visibility\"><div class=\"title-sep sep- sep-solid\" style=\"border-color:#e0dede;\"><\/div><\/div><span class=\"awb-title-spacer fusion-no-large-visibility fusion-no-medium-visibility fusion-no-small-visibility\"><\/span><h3 class=\"fusion-title-heading title-heading-left fusion-responsive-typography-calculated\" style=\"margin:0;--fontSize:26;line-height:1.62;\"><p class=\"fusion-responsive-typography-calculated\" data-fontsize=\"18\" data-lineheight=\"23.94px\"><strong>Quelles sont les qualit\u00e9s importantes d&rsquo;un animateur de groupe de soutien ?<\/strong><\/p><\/h3><span class=\"awb-title-spacer\"><\/span><div class=\"title-sep-container title-sep-container-right\"><div class=\"title-sep sep- sep-solid\" style=\"border-color:#e0dede;\"><\/div><\/div><\/div><div class=\"fusion-text fusion-text-3\" style=\"--awb-font-size:15.5px;--awb-line-height:1.6;--awb-letter-spacing:0.1px;--awb-text-transform:none;--awb-text-color:#000000;--awb-margin-top:-30px;\"><p>Un chef de groupe de soutien du CANAAF est<\/p>\n<ul>\n<li>Bienveillant, compatissant et sensible aux exp\u00e9riences des autres en mati\u00e8re de perte de cheveux.<\/li>\n<li>La passion de faire la diff\u00e9rence<\/li>\n<li>Compr\u00e9hension des r\u00e9percussions \u00e9motionnelles, sociales et mentales de l&rsquo;alop\u00e9cie areata<\/li>\n<li>Fiabilit\u00e9, responsabilit\u00e9 et respect de la vie priv\u00e9e des membres du groupe.<\/li>\n<li>Une grande capacit\u00e9 d&rsquo;\u00e9coute<\/li>\n<li style=\"list-style-type: none;\">\n<\/li>\n<\/ul>\n<\/div><div class=\"fusion-title title fusion-title-3 fusion-title-text fusion-title-size-three\"><div class=\"title-sep-container title-sep-container-left fusion-no-large-visibility fusion-no-medium-visibility fusion-no-small-visibility\"><div class=\"title-sep sep- sep-solid\" style=\"border-color:#e0dede;\"><\/div><\/div><span class=\"awb-title-spacer fusion-no-large-visibility fusion-no-medium-visibility fusion-no-small-visibility\"><\/span><h3 class=\"fusion-title-heading title-heading-left fusion-responsive-typography-calculated\" style=\"margin:0;--fontSize:26;line-height:1.62;\"><p class=\"fusion-responsive-typography-calculated\" data-fontsize=\"18\" data-lineheight=\"23.94px\"><strong>En tant que membre de notre \u00e9quipe de chefs d&rsquo;assistance, vous devrez :<\/strong><\/p><\/h3><span class=\"awb-title-spacer\"><\/span><div class=\"title-sep-container title-sep-container-right\"><div class=\"title-sep sep- sep-solid\" style=\"border-color:#e0dede;\"><\/div><\/div><\/div><div class=\"fusion-text fusion-text-4\" style=\"--awb-font-size:15.5px;--awb-line-height:1.6;--awb-letter-spacing:0.1px;--awb-text-transform:none;--awb-text-color:#000000;--awb-margin-top:-30px;\"><ul>\n<li>Fournir un espace s\u00fbr pour que les personnes puissent discuter de l&rsquo;impact de l&rsquo;alop\u00e9cie areata sur leur vie.<\/li>\n<li>Offrir des conseils aux personnes atteintes d&rsquo;alop\u00e9cie et\/ou \u00e0 leurs familles dans le cadre d&rsquo;un groupe.<\/li>\n<li>Aider les personnes \u00e0 partager leurs exp\u00e9riences et leurs strat\u00e9gies d&rsquo;adaptation \u00e0 l&rsquo;alop\u00e9cie areata.<\/li>\n<li>Maintenir un environnement de groupe priv\u00e9 pour le partage d&rsquo;exp\u00e9riences personnelles.<\/li>\n<li>Veiller \u00e0 ce que le groupe soit ouvert aux nouveaux participants, en tenant compte de leurs exp\u00e9riences, r\u00e9actions et int\u00e9r\u00eats individuels.<\/li>\n<li>Se tenir au courant des initiatives, des services, des offres de groupes de soutien et des ressources \u00e9ducatives de la CANAAF et pr\u00e9senter ces options au besoin.<\/li>\n<li>Participer aux sessions de formation de la FCANAA ainsi qu&rsquo;aux activit\u00e9s de consolidation d\u2019\u00e9quipe.<\/li>\n<\/ul>\n<\/div><div class=\"fusion-title title fusion-title-4 fusion-title-text fusion-title-size-three\" style=\"--awb-margin-top:20px;\"><div class=\"title-sep-container title-sep-container-left fusion-no-large-visibility fusion-no-medium-visibility fusion-no-small-visibility\"><div class=\"title-sep sep- sep-solid\" style=\"border-color:#e0dede;\"><\/div><\/div><span class=\"awb-title-spacer fusion-no-large-visibility fusion-no-medium-visibility fusion-no-small-visibility\"><\/span><h3 class=\"fusion-title-heading title-heading-left fusion-responsive-typography-calculated\" style=\"margin:0;--fontSize:26;line-height:1.62;\"><p class=\"fusion-responsive-typography-calculated\" data-fontsize=\"18\" data-lineheight=\"23.94px\"><strong>Pourquoi faire du b\u00e9n\u00e9volat avec la FCANAA?<\/strong><\/p><\/h3><span class=\"awb-title-spacer\"><\/span><div class=\"title-sep-container title-sep-container-right\"><div class=\"title-sep sep- sep-solid\" style=\"border-color:#e0dede;\"><\/div><\/div><\/div><div class=\"fusion-text fusion-text-5\" style=\"--awb-font-size:15.5px;--awb-line-height:1.6;--awb-letter-spacing:0.1px;--awb-text-transform:none;--awb-text-color:#000000;--awb-margin-top:-20px;\"><p><strong>Communaut\u00e9<\/strong>: la FCANAA n\u2019est pas seulement une \u00e9quipe d\u00e9vou\u00e9e. Nous sommes une famille qui c\u00e9l\u00e8bre ensemble nos cheminement avec l\u2019alop\u00e9cie.<\/p>\n<p>Un <strong>travail qui a du sens<\/strong>: l\u2019alop\u00e9cie areata peut avoir un s\u00e9rieux impact psychosocial sur une vie. Vous pouvez changer la vie de quelqu\u2019un pour le mieux en \u00e9tant une alli\u00e9e ou un alli\u00e9.<\/p>\n<p><strong>Flexibilit\u00e9<\/strong>: des postes de b\u00e9n\u00e9voles sont offerts dans chaque province et territoire du Canada, avec des engagements en temps qui varient de quelques heures par semaine \u00e0 quelques heures par mois.<\/p>\n<p><strong>Croissance personnelle<\/strong>: l\u2019une des meilleures fa\u00e7ons de se d\u00e9velopper est d\u2019aider les autres. Plusieurs de nos b\u00e9n\u00e9voles ont r\u00e9alis\u00e9 \u00eatre devenus plus confiants et \u00eatre mieux soutenus depuis le d\u00e9but de leur b\u00e9n\u00e9volat avec la FCANAA.<\/p>\n<\/div><div class=\"fusion-title title fusion-title-5 fusion-title-text fusion-title-size-three\" style=\"--awb-margin-top:20px;\"><div class=\"title-sep-container title-sep-container-left fusion-no-large-visibility fusion-no-medium-visibility fusion-no-small-visibility\"><div class=\"title-sep sep- sep-solid\" style=\"border-color:#e0dede;\"><\/div><\/div><span class=\"awb-title-spacer fusion-no-large-visibility fusion-no-medium-visibility fusion-no-small-visibility\"><\/span><h3 class=\"fusion-title-heading title-heading-left fusion-responsive-typography-calculated\" style=\"margin:0;--fontSize:26;line-height:1.62;\"><p class=\"fusion-responsive-typography-calculated\" data-fontsize=\"18\" data-lineheight=\"23.94px\"><strong>Comment poser sa candidature<\/strong><\/p><\/h3><span class=\"awb-title-spacer\"><\/span><div class=\"title-sep-container title-sep-container-right\"><div class=\"title-sep sep- sep-solid\" style=\"border-color:#e0dede;\"><\/div><\/div><\/div><div class=\"fusion-text fusion-text-6\" style=\"--awb-font-size:15.5px;--awb-line-height:1.6;--awb-letter-spacing:0.1px;--awb-text-transform:none;--awb-text-color:#000000;--awb-margin-top:-20px;\"><p>Pour poser votre candidature, veuillez envoyer le formulaire ci-dessous \u00e0 <span style=\"text-decoration: underline; color: #e31836;\"><a style=\"color: #e31836; text-decoration: underline;\" href=\"mailto:info@canaaf.org\" target=\"_blank\" rel=\"noopener\">info@canaaf.org<\/a><\/span> accompagn\u00e9 d&rsquo;un curriculum vitae \u00e0 jour.<\/p>\n<p>Il vous sera \u00e9galement demand\u00e9 de pr\u00e9senter une v\u00e9rification satisfaisante de votre casier judiciaire lors de votre int\u00e9gration \u00e0 l&rsquo;\u00e9quipe.<\/p>\n<p><span style=\"text-decoration: underline;\"><span style=\"color: #e31836; text-decoration: underline;\"><a style=\"color: #e31836; text-decoration: underline;\" href=\"https:\/\/www.canaaf.org\/wp-content\/uploads\/2022\/02\/CANAAF-Support-Group-Leader-Package-2022.pdf\" target=\"_blank\" rel=\"noopener\">Paquet de chef de soutien de la CANAAF 2022<\/a><\/span><\/span><\/p>\n<\/div><\/div><\/div><div class=\"fusion-layout-column fusion_builder_column fusion-builder-column-2 fusion_builder_column_1_6 1_6 fusion-flex-column\" style=\"--awb-bg-size:cover;--awb-width-large:16.666666666667%;--awb-margin-top-large:0px;--awb-spacing-right-large:11.52%;--awb-margin-bottom-large:0px;--awb-spacing-left-large:11.52%;--awb-width-medium:100%;--awb-order-medium:0;--awb-spacing-right-medium:1.92%;--awb-spacing-left-medium:1.92%;--awb-width-small:100%;--awb-order-small:0;--awb-spacing-right-small:1.92%;--awb-spacing-left-small:1.92%;\"><div class=\"fusion-column-wrapper fusion-column-has-shadow fusion-flex-justify-content-flex-start fusion-content-layout-column\"><\/div><\/div><\/div><\/div>\n","protected":false},"excerpt":{"rendered":"","protected":false},"author":3,"featured_media":15585,"parent":16084,"menu_order":0,"comment_status":"closed","ping_status":"closed","template":"","meta":{"_monsterinsights_skip_tracking":false,"_monsterinsights_sitenote_active":false,"_monsterinsights_sitenote_note":"","_monsterinsights_sitenote_category":0,"footnotes":""},"class_list":["post-16304","page","type-page","status-publish","has-post-thumbnail","hentry"],"yoast_head":"<!-- This site is optimized with the Yoast SEO plugin v27.4 - https:\/\/yoast.com\/product\/yoast-seo-wordpress\/ -->\n<title>Responsable d&#039;un groupe de soutien - Fondation Canadienne de l\u2019Alop\u00e9cie Areata<\/title>\n<meta name=\"description\" content=\"Demandez \u00e0 devenir un leader de soutien aupr\u00e8s de la CANAAF et cr\u00e9ez un groupe de soutien pour les personnes atteintes d&#039;alop\u00e9cie areata dans votre r\u00e9gion.\" \/>\n<meta name=\"robots\" content=\"index, follow, max-snippet:-1, max-image-preview:large, max-video-preview:-1\" \/>\n<link rel=\"canonical\" href=\"https:\/\/www.canaaf.org\/fr\/possibilites-de-benevolat\/chef-de-groupe-de-soutien\/\" \/>\n<meta property=\"og:locale\" content=\"fr_FR\" \/>\n<meta property=\"og:type\" content=\"article\" \/>\n<meta property=\"og:title\" content=\"Responsable d&#039;un groupe de soutien - Fondation Canadienne de l\u2019Alop\u00e9cie Areata\" \/>\n<meta property=\"og:description\" content=\"Demandez \u00e0 devenir un leader de soutien aupr\u00e8s de la CANAAF et cr\u00e9ez un groupe de soutien pour les personnes atteintes d&#039;alop\u00e9cie areata dans votre r\u00e9gion.\" \/>\n<meta property=\"og:url\" content=\"https:\/\/www.canaaf.org\/fr\/possibilites-de-benevolat\/chef-de-groupe-de-soutien\/\" \/>\n<meta property=\"og:site_name\" content=\"Fondation Canadienne de l\u2019Alop\u00e9cie Areata\" \/>\n<meta property=\"article:modified_time\" content=\"2022-08-09T16:31:34+00:00\" \/>\n<meta property=\"og:image\" content=\"https:\/\/www.canaaf.org\/wp-content\/uploads\/2022\/02\/image-from-rawpixel-id-5922302-original-scaled.jpg\" \/>\n\t<meta property=\"og:image:width\" content=\"2560\" \/>\n\t<meta property=\"og:image:height\" content=\"1707\" \/>\n\t<meta property=\"og:image:type\" content=\"image\/jpeg\" \/>\n<meta name=\"twitter:label1\" content=\"Dur\u00e9e de lecture estim\u00e9e\" \/>\n\t<meta name=\"twitter:data1\" content=\"15 minutes\" \/>\n<script type=\"application\/ld+json\" class=\"yoast-schema-graph\">{\"@context\":\"https:\\\/\\\/schema.org\",\"@graph\":[{\"@type\":\"WebPage\",\"@id\":\"https:\\\/\\\/www.canaaf.org\\\/fr\\\/possibilites-de-benevolat\\\/chef-de-groupe-de-soutien\\\/\",\"url\":\"https:\\\/\\\/www.canaaf.org\\\/fr\\\/possibilites-de-benevolat\\\/chef-de-groupe-de-soutien\\\/\",\"name\":\"Responsable d'un groupe de soutien - Fondation Canadienne de l\u2019Alop\u00e9cie Areata\",\"isPartOf\":{\"@id\":\"https:\\\/\\\/www.canaaf.org\\\/fr\\\/#website\"},\"primaryImageOfPage\":{\"@id\":\"https:\\\/\\\/www.canaaf.org\\\/fr\\\/possibilites-de-benevolat\\\/chef-de-groupe-de-soutien\\\/#primaryimage\"},\"image\":{\"@id\":\"https:\\\/\\\/www.canaaf.org\\\/fr\\\/possibilites-de-benevolat\\\/chef-de-groupe-de-soutien\\\/#primaryimage\"},\"thumbnailUrl\":\"https:\\\/\\\/www.canaaf.org\\\/wp-content\\\/uploads\\\/2022\\\/02\\\/image-from-rawpixel-id-5922302-original-scaled.jpg\",\"datePublished\":\"2021-03-03T00:27:18+00:00\",\"dateModified\":\"2022-08-09T16:31:34+00:00\",\"description\":\"Demandez \u00e0 devenir un leader de soutien aupr\u00e8s de la CANAAF et cr\u00e9ez un groupe de soutien pour les personnes atteintes d'alop\u00e9cie areata dans votre r\u00e9gion.\",\"breadcrumb\":{\"@id\":\"https:\\\/\\\/www.canaaf.org\\\/fr\\\/possibilites-de-benevolat\\\/chef-de-groupe-de-soutien\\\/#breadcrumb\"},\"inLanguage\":\"fr-FR\",\"potentialAction\":[{\"@type\":\"ReadAction\",\"target\":[\"https:\\\/\\\/www.canaaf.org\\\/fr\\\/possibilites-de-benevolat\\\/chef-de-groupe-de-soutien\\\/\"]}]},{\"@type\":\"ImageObject\",\"inLanguage\":\"fr-FR\",\"@id\":\"https:\\\/\\\/www.canaaf.org\\\/fr\\\/possibilites-de-benevolat\\\/chef-de-groupe-de-soutien\\\/#primaryimage\",\"url\":\"https:\\\/\\\/www.canaaf.org\\\/wp-content\\\/uploads\\\/2022\\\/02\\\/image-from-rawpixel-id-5922302-original-scaled.jpg\",\"contentUrl\":\"https:\\\/\\\/www.canaaf.org\\\/wp-content\\\/uploads\\\/2022\\\/02\\\/image-from-rawpixel-id-5922302-original-scaled.jpg\",\"width\":2560,\"height\":1707,\"caption\":\"Image gratuite de conseil de groupe, photo CC0 du domaine public.\"},{\"@type\":\"BreadcrumbList\",\"@id\":\"https:\\\/\\\/www.canaaf.org\\\/fr\\\/possibilites-de-benevolat\\\/chef-de-groupe-de-soutien\\\/#breadcrumb\",\"itemListElement\":[{\"@type\":\"ListItem\",\"position\":1,\"name\":\"Home\",\"item\":\"https:\\\/\\\/www.canaaf.org\\\/fr\\\/\"},{\"@type\":\"ListItem\",\"position\":2,\"name\":\"Possibilit\u00e9s de b\u00e9n\u00e9volat\",\"item\":\"https:\\\/\\\/www.canaaf.org\\\/fr\\\/possibilites-de-benevolat\\\/\"},{\"@type\":\"ListItem\",\"position\":3,\"name\":\"Responsable d&rsquo;un groupe de soutien\"}]},{\"@type\":\"WebSite\",\"@id\":\"https:\\\/\\\/www.canaaf.org\\\/fr\\\/#website\",\"url\":\"https:\\\/\\\/www.canaaf.org\\\/fr\\\/\",\"name\":\"Fondation Canadienne de l\u2019Alop\u00e9cie Areata\",\"description\":\"Pr\u00e9visible pour une maladie impr\u00e9visible.\",\"potentialAction\":[{\"@type\":\"SearchAction\",\"target\":{\"@type\":\"EntryPoint\",\"urlTemplate\":\"https:\\\/\\\/www.canaaf.org\\\/fr\\\/?s={search_term_string}\"},\"query-input\":{\"@type\":\"PropertyValueSpecification\",\"valueRequired\":true,\"valueName\":\"search_term_string\"}}],\"inLanguage\":\"fr-FR\"}]}<\/script>\n<!-- \/ Yoast SEO plugin. -->","yoast_head_json":{"title":"Responsable d'un groupe de soutien - Fondation Canadienne de l\u2019Alop\u00e9cie Areata","description":"Demandez \u00e0 devenir un leader de soutien aupr\u00e8s de la CANAAF et cr\u00e9ez un groupe de soutien pour les personnes atteintes d'alop\u00e9cie areata dans votre r\u00e9gion.","robots":{"index":"index","follow":"follow","max-snippet":"max-snippet:-1","max-image-preview":"max-image-preview:large","max-video-preview":"max-video-preview:-1"},"canonical":"https:\/\/www.canaaf.org\/fr\/possibilites-de-benevolat\/chef-de-groupe-de-soutien\/","og_locale":"fr_FR","og_type":"article","og_title":"Responsable d'un groupe de soutien - Fondation Canadienne de l\u2019Alop\u00e9cie Areata","og_description":"Demandez \u00e0 devenir un leader de soutien aupr\u00e8s de la CANAAF et cr\u00e9ez un groupe de soutien pour les personnes atteintes d'alop\u00e9cie areata dans votre r\u00e9gion.","og_url":"https:\/\/www.canaaf.org\/fr\/possibilites-de-benevolat\/chef-de-groupe-de-soutien\/","og_site_name":"Fondation Canadienne de l\u2019Alop\u00e9cie Areata","article_modified_time":"2022-08-09T16:31:34+00:00","og_image":[{"width":2560,"height":1707,"url":"https:\/\/www.canaaf.org\/wp-content\/uploads\/2022\/02\/image-from-rawpixel-id-5922302-original-scaled.jpg","type":"image\/jpeg"}],"twitter_misc":{"Dur\u00e9e de lecture estim\u00e9e":"15 minutes"},"schema":{"@context":"https:\/\/schema.org","@graph":[{"@type":"WebPage","@id":"https:\/\/www.canaaf.org\/fr\/possibilites-de-benevolat\/chef-de-groupe-de-soutien\/","url":"https:\/\/www.canaaf.org\/fr\/possibilites-de-benevolat\/chef-de-groupe-de-soutien\/","name":"Responsable d'un groupe de soutien - Fondation Canadienne de l\u2019Alop\u00e9cie Areata","isPartOf":{"@id":"https:\/\/www.canaaf.org\/fr\/#website"},"primaryImageOfPage":{"@id":"https:\/\/www.canaaf.org\/fr\/possibilites-de-benevolat\/chef-de-groupe-de-soutien\/#primaryimage"},"image":{"@id":"https:\/\/www.canaaf.org\/fr\/possibilites-de-benevolat\/chef-de-groupe-de-soutien\/#primaryimage"},"thumbnailUrl":"https:\/\/www.canaaf.org\/wp-content\/uploads\/2022\/02\/image-from-rawpixel-id-5922302-original-scaled.jpg","datePublished":"2021-03-03T00:27:18+00:00","dateModified":"2022-08-09T16:31:34+00:00","description":"Demandez \u00e0 devenir un leader de soutien aupr\u00e8s de la CANAAF et cr\u00e9ez un groupe de soutien pour les personnes atteintes d'alop\u00e9cie areata dans votre r\u00e9gion.","breadcrumb":{"@id":"https:\/\/www.canaaf.org\/fr\/possibilites-de-benevolat\/chef-de-groupe-de-soutien\/#breadcrumb"},"inLanguage":"fr-FR","potentialAction":[{"@type":"ReadAction","target":["https:\/\/www.canaaf.org\/fr\/possibilites-de-benevolat\/chef-de-groupe-de-soutien\/"]}]},{"@type":"ImageObject","inLanguage":"fr-FR","@id":"https:\/\/www.canaaf.org\/fr\/possibilites-de-benevolat\/chef-de-groupe-de-soutien\/#primaryimage","url":"https:\/\/www.canaaf.org\/wp-content\/uploads\/2022\/02\/image-from-rawpixel-id-5922302-original-scaled.jpg","contentUrl":"https:\/\/www.canaaf.org\/wp-content\/uploads\/2022\/02\/image-from-rawpixel-id-5922302-original-scaled.jpg","width":2560,"height":1707,"caption":"Image gratuite de conseil de groupe, photo CC0 du domaine public."},{"@type":"BreadcrumbList","@id":"https:\/\/www.canaaf.org\/fr\/possibilites-de-benevolat\/chef-de-groupe-de-soutien\/#breadcrumb","itemListElement":[{"@type":"ListItem","position":1,"name":"Home","item":"https:\/\/www.canaaf.org\/fr\/"},{"@type":"ListItem","position":2,"name":"Possibilit\u00e9s de b\u00e9n\u00e9volat","item":"https:\/\/www.canaaf.org\/fr\/possibilites-de-benevolat\/"},{"@type":"ListItem","position":3,"name":"Responsable d&rsquo;un groupe de soutien"}]},{"@type":"WebSite","@id":"https:\/\/www.canaaf.org\/fr\/#website","url":"https:\/\/www.canaaf.org\/fr\/","name":"Fondation Canadienne de l\u2019Alop\u00e9cie Areata","description":"Pr\u00e9visible pour une maladie impr\u00e9visible.","potentialAction":[{"@type":"SearchAction","target":{"@type":"EntryPoint","urlTemplate":"https:\/\/www.canaaf.org\/fr\/?s={search_term_string}"},"query-input":{"@type":"PropertyValueSpecification","valueRequired":true,"valueName":"search_term_string"}}],"inLanguage":"fr-FR"}]}},"_links":{"self":[{"href":"https:\/\/www.canaaf.org\/fr\/wp-json\/wp\/v2\/pages\/16304","targetHints":{"allow":["GET"]}}],"collection":[{"href":"https:\/\/www.canaaf.org\/fr\/wp-json\/wp\/v2\/pages"}],"about":[{"href":"https:\/\/www.canaaf.org\/fr\/wp-json\/wp\/v2\/types\/page"}],"author":[{"embeddable":true,"href":"https:\/\/www.canaaf.org\/fr\/wp-json\/wp\/v2\/users\/3"}],"replies":[{"embeddable":true,"href":"https:\/\/www.canaaf.org\/fr\/wp-json\/wp\/v2\/comments?post=16304"}],"version-history":[{"count":2,"href":"https:\/\/www.canaaf.org\/fr\/wp-json\/wp\/v2\/pages\/16304\/revisions"}],"predecessor-version":[{"id":16306,"href":"https:\/\/www.canaaf.org\/fr\/wp-json\/wp\/v2\/pages\/16304\/revisions\/16306"}],"up":[{"embeddable":true,"href":"https:\/\/www.canaaf.org\/fr\/wp-json\/wp\/v2\/pages\/16084"}],"wp:featuredmedia":[{"embeddable":true,"href":"https:\/\/www.canaaf.org\/fr\/wp-json\/wp\/v2\/media\/15585"}],"wp:attachment":[{"href":"https:\/\/www.canaaf.org\/fr\/wp-json\/wp\/v2\/media?parent=16304"}],"curies":[{"name":"wp","href":"https:\/\/api.w.org\/{rel}","templated":true}]}}