{"id":16307,"date":"2021-04-16T17:02:21","date_gmt":"2021-04-16T17:02:21","guid":{"rendered":"https:\/\/www.canaaf.org\/wll\/"},"modified":"2022-10-04T19:08:29","modified_gmt":"2022-10-04T19:08:29","slug":"bpp","status":"publish","type":"page","link":"https:\/\/www.canaaf.org\/fr\/bpp\/","title":{"rendered":"Biblioth\u00e8que de pr\u00eat de perruques"},"content":{"rendered":"<p><div class=\"fusion-fullwidth fullwidth-box fusion-builder-row-1 fusion-flex-container nonhundred-percent-fullwidth non-hundred-percent-height-scrolling\" style=\"--awb-border-radius-top-left:0px;--awb-border-radius-top-right:0px;--awb-border-radius-bottom-right:0px;--awb-border-radius-bottom-left:0px;--awb-flex-wrap:wrap;\" ><div class=\"fusion-builder-row fusion-row fusion-flex-align-items-flex-start fusion-flex-content-wrap\" style=\"max-width:1331.2px;margin-left: calc(-4% \/ 2 );margin-right: calc(-4% \/ 2 );\"><div class=\"fusion-layout-column fusion_builder_column fusion-builder-column-0 fusion_builder_column_1_1 1_1 fusion-flex-column\" style=\"--awb-bg-size:cover;--awb-width-large:100%;--awb-margin-top-large:0px;--awb-spacing-right-large:1.92%;--awb-margin-bottom-large:0px;--awb-spacing-left-large:1.92%;--awb-width-medium:100%;--awb-order-medium:0;--awb-spacing-right-medium:1.92%;--awb-spacing-left-medium:1.92%;--awb-width-small:100%;--awb-order-small:0;--awb-spacing-right-small:1.92%;--awb-spacing-left-small:1.92%;\"><div class=\"fusion-column-wrapper fusion-column-has-shadow fusion-flex-justify-content-flex-start fusion-content-layout-column\"><div class=\"fusion-text fusion-text-1\" style=\"--awb-text-transform:none;\"><p><span style=\"color: #000000;\">Souvent, nous, les alop\u00e9ciennes, avons du mal \u00e0 acheter des perruques! De nombreuses questions se posent souvent, comme : <\/span><span style=\"color: #000000;\">Est-ce que je choisis une perruque en cheveux humains ou synth\u00e9tiques? Longue ou courte? Blonde ou brune? Coiffe ferm\u00e9e ou ouverte ? <\/span><span style=\"color: #000000;\">La liste est longue. Parfois, nous avons aussi du mal \u00e0 nous adapter \u00e0 une perruque, et avant d&rsquo;en acheter une, nous nous demandons souvent : Est-ce vraiment pour moi?<\/span><\/p>\n<p><span style=\"color: #000000;\">Vous trouverez ci-dessous une s\u00e9lection de perruques qui peuvent \u00eatre pr\u00eat\u00e9es par la biblioth\u00e8que de pr\u00eat de perruques de la FCANAA. Toutes les perruques sont neuves ou l\u00e9g\u00e8rement usag\u00e9es et ont \u00e9t\u00e9 g\u00e9n\u00e9reusement donn\u00e9es \u00e0 la FCANAA. <\/span><span style=\"color: #000000;\">Si vous trouvez une perruque que vous voulez emprunter \u00e0 la biblioth\u00e8que, veuillez remplir un formulaire de demande de pr\u00eat. <a href=\"https:\/\/www.canaaf.org\/wp-content\/uploads\/2022\/02\/CANAAF-Wig-Lending-Library-2022.pdf\" target=\"_blank\" rel=\"noopener\"><span style=\"text-decoration: underline;\"><strong><span style=\"color: #e31836; text-decoration: underline;\">Formulaire de demande de perruque<\/span><\/strong><\/span><\/a>.<\/span><\/p>\n<p><span style=\"color: #000000;\">Veuillez noter que la couleur des perruques peut para\u00eetre plus fonc\u00e9e que sur les photos. Les pr\u00eats de perruque de la biblioth\u00e8que sont offerts au Canada uniquement.<\/span><\/p>\n<p><span style=\"color: #000000;\">Cliquez ci-dessous pour parcourir les diff\u00e9rentes options pr\u00e9sent\u00e9es par utilisation ant\u00e9rieure et qualit\u00e9.<\/span><\/p>\n<\/div><\/div><\/div><\/div><\/div><div class=\"fusion-fullwidth fullwidth-box fusion-builder-row-2 fusion-flex-container nonhundred-percent-fullwidth non-hundred-percent-height-scrolling\" style=\"--awb-border-radius-top-left:0px;--awb-border-radius-top-right:0px;--awb-border-radius-bottom-right:0px;--awb-border-radius-bottom-left:0px;--awb-flex-wrap:wrap;\" ><div class=\"fusion-builder-row fusion-row fusion-flex-align-items-flex-start fusion-flex-content-wrap\" style=\"max-width:1331.2px;margin-left: calc(-4% \/ 2 );margin-right: calc(-4% \/ 2 );\"><div class=\"fusion-layout-column fusion_builder_column fusion-builder-column-1 fusion_builder_column_1_1 1_1 fusion-flex-column\" style=\"--awb-bg-size:cover;--awb-width-large:100%;--awb-margin-top-large:0px;--awb-spacing-right-large:1.92%;--awb-margin-bottom-large:0px;--awb-spacing-left-large:1.92%;--awb-width-medium:100%;--awb-order-medium:0;--awb-spacing-right-medium:1.92%;--awb-spacing-left-medium:1.92%;--awb-width-small:100%;--awb-order-small:0;--awb-spacing-right-small:1.92%;--awb-spacing-left-small:1.92%;\"><div class=\"fusion-column-wrapper fusion-column-has-shadow fusion-flex-justify-content-flex-start fusion-content-layout-column\"><div class=\"fusion-content-boxes content-boxes columns row fusion-columns-4 fusion-columns-total-4 fusion-content-boxes-1 content-boxes-icon-with-title content-left equal-height\" style=\"--awb-body-color:#ffffff;--awb-title-color:#ffffff;--awb-hover-accent-color:#000000;--awb-circle-hover-accent-color:#000000;\" data-animationOffset=\"top-into-view\"><div style=\"--awb-backgroundcolor:#c8102e;\" class=\"fusion-column content-box-column content-box-column content-box-column-1 col-lg-3 col-md-3 col-sm-3 fusion-content-box-hover content-box-column-first-in-row\"><div class=\"col content-box-wrapper content-wrapper-background link-area-link-icon link-type-text icon-hover-animation-fade\" data-animationOffset=\"top-into-view\"><div class=\"heading icon-left\"><a class=\"heading-link\" style=\"float:left;\" href=\"https:\/\/www.canaaf.org\/fr\/bibliotheque-de-pret-de-perruques-jamais-utilisees-nouvelles\/\" target=\"_self\"><h2 class=\"content-box-heading fusion-responsive-typography-calculated\" style=\"--h2_typography-font-size:18px;--fontSize:18;line-height:1.29;\"><\/p>\n<p><center>Jamais utilis\u00e9e (nouvelle)<\/center><\/h2><\/a><\/div><\/div><\/div><div style=\"--awb-backgroundcolor:#c8102e;\" class=\"fusion-column content-box-column content-box-column content-box-column-2 col-lg-3 col-md-3 col-sm-3 fusion-content-box-hover \"><div class=\"col content-box-wrapper content-wrapper-background link-area-link-icon link-type-text icon-hover-animation-fade\" data-animationOffset=\"top-into-view\"><div class=\"heading icon-left\"><a class=\"heading-link\" style=\"float:left;\" href=\"https:\/\/www.canaaf.org\/fr\/bibliotheque-de-pret-de-perruques-legerement-utilisees-grande-qualite\/\" target=\"_self\"><h2 class=\"content-box-heading fusion-responsive-typography-calculated\" style=\"--h2_typography-font-size:18px;--fontSize:18;line-height:1.29;\"><\/p>\n<p><center>L\u00e9g\u00e8rement utilis\u00e9e (grande qualit\u00e9)<\/center><\/h2><\/a><\/div><\/div><\/div><div style=\"--awb-backgroundcolor:#c8102e;\" class=\"fusion-column content-box-column content-box-column content-box-column-3 col-lg-3 col-md-3 col-sm-3 fusion-content-box-hover \"><div class=\"col content-box-wrapper content-wrapper-background link-area-link-icon link-type-text icon-hover-animation-fade\" data-animationOffset=\"top-into-view\"><div class=\"heading icon-left\"><a class=\"heading-link\" style=\"float:left;\" href=\"https:\/\/www.canaaf.org\/fr\/bibliotheque-de-pret-de-perruques-deja-aimees-qualite-bonne-a-moyenne\/\" target=\"_self\"><h2 class=\"content-box-heading fusion-responsive-typography-calculated\" style=\"--h2_typography-font-size:18px;--fontSize:18;line-height:1.29;\"><\/p>\n<p><center>Pr\u00e9c\u00e9demment aim\u00e9e (qualit\u00e9 bonne \u00e0 moyenne)<\/center><\/h2><\/a><\/div><\/div><\/div><div style=\"--awb-backgroundcolor:#c8102e;\" class=\"fusion-column content-box-column content-box-column content-box-column-4 col-lg-3 col-md-3 col-sm-3 fusion-content-box-hover content-box-column-last content-box-column-last-in-row\"><div class=\"col content-box-wrapper content-wrapper-background link-area-link-icon link-type-text icon-hover-animation-fade\" data-animationOffset=\"top-into-view\"><div class=\"heading icon-left\"><a class=\"heading-link\" style=\"float:left;\" href=\"https:\/\/www.canaaf.org\/fr\/bibliotheque-de-pret-de-perruques-options-pour-les-enfants\/\" target=\"_self\"><h2 class=\"content-box-heading fusion-responsive-typography-calculated\" style=\"--h2_typography-font-size:18px;--fontSize:18;line-height:1.29;\"><\/p>\n<p><center>Options pour les enfants<\/center><\/h2><\/a><\/div><\/div><\/div><div class=\"fusion-clearfix\"><\/div><\/div><\/div><\/div><\/div><\/div><div class=\"fusion-fullwidth fullwidth-box fusion-builder-row-3 fusion-flex-container nonhundred-percent-fullwidth non-hundred-percent-height-scrolling\" style=\"--awb-border-radius-top-left:0px;--awb-border-radius-top-right:0px;--awb-border-radius-bottom-right:0px;--awb-border-radius-bottom-left:0px;--awb-flex-wrap:wrap;\" ><div class=\"fusion-builder-row fusion-row fusion-flex-align-items-flex-start fusion-flex-content-wrap\" style=\"max-width:1331.2px;margin-left: calc(-4% \/ 2 );margin-right: calc(-4% \/ 2 );\"><div class=\"fusion-layout-column fusion_builder_column fusion-builder-column-2 fusion_builder_column_1_4 1_4 fusion-flex-column\" style=\"--awb-bg-size:cover;--awb-width-large:25%;--awb-margin-top-large:0px;--awb-spacing-right-large:7.68%;--awb-margin-bottom-large:0px;--awb-spacing-left-large:7.68%;--awb-width-medium:100%;--awb-order-medium:0;--awb-spacing-right-medium:1.92%;--awb-spacing-left-medium:1.92%;--awb-width-small:100%;--awb-order-small:0;--awb-spacing-right-small:1.92%;--awb-spacing-left-small:1.92%;\"><div class=\"fusion-column-wrapper fusion-column-has-shadow fusion-flex-justify-content-flex-start fusion-content-layout-column\"><\/div><\/div><div class=\"fusion-layout-column fusion_builder_column fusion-builder-column-3 fusion_builder_column_1_2 1_2 fusion-flex-column\" style=\"--awb-padding-top:16px;--awb-padding-bottom:32px;--awb-bg-color:rgba(255,200,38,0.62);--awb-bg-color-hover:rgba(255,200,38,0.62);--awb-bg-size:cover;--awb-width-large:50%;--awb-margin-top-large:32px;--awb-spacing-right-large:3.84%;--awb-margin-bottom-large:32px;--awb-spacing-left-large:3.84%;--awb-width-medium:100%;--awb-order-medium:0;--awb-spacing-right-medium:1.92%;--awb-spacing-left-medium:1.92%;--awb-width-small:100%;--awb-order-small:0;--awb-spacing-right-small:1.92%;--awb-spacing-left-small:1.92%;\"><div class=\"fusion-column-wrapper fusion-column-has-shadow fusion-flex-justify-content-flex-start fusion-content-layout-column\"><div class=\"fusion-text fusion-text-2\"><h3 style=\"text-align: center;\"><strong>Vous avez une perruque \u00e0 donner \u00e0 la biblioth\u00e8que de pr\u00eat de perruques?<\/strong><\/h3>\n<p style=\"text-align: center;\"><span style=\"color: #333333;\">Contactez-nous et nous vous enverrons des instructions.<\/span><\/p>\n<\/div><div style=\"text-align:center;\"><a class=\"fusion-button button-flat fusion-button-default-size button-default fusion-button-default button-1 fusion-button-span-no fusion-button-default-type\" target=\"_self\" href=\"https:\/\/www.canaaf.org\/fr\/nous-contacter\/\"><span class=\"fusion-button-text\">Don de perruque<\/span><\/a><\/div><\/div><\/div><div class=\"fusion-layout-column fusion_builder_column fusion-builder-column-4 fusion_builder_column_1_4 1_4 fusion-flex-column\" style=\"--awb-bg-size:cover;--awb-width-large:25%;--awb-margin-top-large:0px;--awb-spacing-right-large:7.68%;--awb-margin-bottom-large:0px;--awb-spacing-left-large:7.68%;--awb-width-medium:100%;--awb-order-medium:0;--awb-spacing-right-medium:1.92%;--awb-spacing-left-medium:1.92%;--awb-width-small:100%;--awb-order-small:0;--awb-spacing-right-small:1.92%;--awb-spacing-left-small:1.92%;\"><div class=\"fusion-column-wrapper fusion-column-has-shadow fusion-flex-justify-content-flex-start fusion-content-layout-column\"><\/div><\/div><\/div><\/div><\/p>\n","protected":false},"excerpt":{"rendered":"","protected":false},"author":3,"featured_media":0,"parent":0,"menu_order":0,"comment_status":"closed","ping_status":"closed","template":"","meta":{"_monsterinsights_skip_tracking":false,"_monsterinsights_sitenote_active":false,"_monsterinsights_sitenote_note":"","_monsterinsights_sitenote_category":0,"footnotes":""},"class_list":["post-16307","page","type-page","status-publish","hentry"],"yoast_head":"<!-- This site is optimized with the Yoast SEO plugin v27.4 - https:\/\/yoast.com\/product\/yoast-seo-wordpress\/ -->\n<title>Biblioth\u00e8que de pr\u00eat de perruques - Fondation Canadienne de l\u2019Alop\u00e9cie Areata<\/title>\n<meta name=\"robots\" content=\"index, follow, max-snippet:-1, max-image-preview:large, max-video-preview:-1\" \/>\n<link rel=\"canonical\" href=\"https:\/\/www.canaaf.org\/fr\/bpp\/\" \/>\n<meta property=\"og:locale\" content=\"fr_FR\" \/>\n<meta property=\"og:type\" content=\"article\" \/>\n<meta property=\"og:title\" content=\"Biblioth\u00e8que de pr\u00eat de perruques - Fondation Canadienne de l\u2019Alop\u00e9cie Areata\" \/>\n<meta property=\"og:url\" content=\"https:\/\/www.canaaf.org\/fr\/bpp\/\" \/>\n<meta property=\"og:site_name\" content=\"Fondation Canadienne de l\u2019Alop\u00e9cie Areata\" \/>\n<meta property=\"article:modified_time\" content=\"2022-10-04T19:08:29+00:00\" \/>\n<meta name=\"twitter:label1\" content=\"Dur\u00e9e de lecture estim\u00e9e\" \/>\n\t<meta name=\"twitter:data1\" content=\"6 minutes\" \/>\n<script type=\"application\/ld+json\" class=\"yoast-schema-graph\">{\"@context\":\"https:\\\/\\\/schema.org\",\"@graph\":[{\"@type\":\"WebPage\",\"@id\":\"https:\\\/\\\/www.canaaf.org\\\/fr\\\/bpp\\\/\",\"url\":\"https:\\\/\\\/www.canaaf.org\\\/fr\\\/bpp\\\/\",\"name\":\"Biblioth\u00e8que de pr\u00eat de perruques - Fondation Canadienne de l\u2019Alop\u00e9cie Areata\",\"isPartOf\":{\"@id\":\"https:\\\/\\\/www.canaaf.org\\\/fr\\\/#website\"},\"datePublished\":\"2021-04-16T17:02:21+00:00\",\"dateModified\":\"2022-10-04T19:08:29+00:00\",\"breadcrumb\":{\"@id\":\"https:\\\/\\\/www.canaaf.org\\\/fr\\\/bpp\\\/#breadcrumb\"},\"inLanguage\":\"fr-FR\",\"potentialAction\":[{\"@type\":\"ReadAction\",\"target\":[\"https:\\\/\\\/www.canaaf.org\\\/fr\\\/bpp\\\/\"]}]},{\"@type\":\"BreadcrumbList\",\"@id\":\"https:\\\/\\\/www.canaaf.org\\\/fr\\\/bpp\\\/#breadcrumb\",\"itemListElement\":[{\"@type\":\"ListItem\",\"position\":1,\"name\":\"Home\",\"item\":\"https:\\\/\\\/www.canaaf.org\\\/fr\\\/\"},{\"@type\":\"ListItem\",\"position\":2,\"name\":\"Biblioth\u00e8que de pr\u00eat de perruques\"}]},{\"@type\":\"WebSite\",\"@id\":\"https:\\\/\\\/www.canaaf.org\\\/fr\\\/#website\",\"url\":\"https:\\\/\\\/www.canaaf.org\\\/fr\\\/\",\"name\":\"Fondation Canadienne de l\u2019Alop\u00e9cie Areata\",\"description\":\"Pr\u00e9visible pour une maladie impr\u00e9visible.\",\"potentialAction\":[{\"@type\":\"SearchAction\",\"target\":{\"@type\":\"EntryPoint\",\"urlTemplate\":\"https:\\\/\\\/www.canaaf.org\\\/fr\\\/?s={search_term_string}\"},\"query-input\":{\"@type\":\"PropertyValueSpecification\",\"valueRequired\":true,\"valueName\":\"search_term_string\"}}],\"inLanguage\":\"fr-FR\"}]}<\/script>\n<!-- \/ Yoast SEO plugin. -->","yoast_head_json":{"title":"Biblioth\u00e8que de pr\u00eat de perruques - Fondation Canadienne de l\u2019Alop\u00e9cie Areata","robots":{"index":"index","follow":"follow","max-snippet":"max-snippet:-1","max-image-preview":"max-image-preview:large","max-video-preview":"max-video-preview:-1"},"canonical":"https:\/\/www.canaaf.org\/fr\/bpp\/","og_locale":"fr_FR","og_type":"article","og_title":"Biblioth\u00e8que de pr\u00eat de perruques - Fondation Canadienne de l\u2019Alop\u00e9cie Areata","og_url":"https:\/\/www.canaaf.org\/fr\/bpp\/","og_site_name":"Fondation Canadienne de l\u2019Alop\u00e9cie Areata","article_modified_time":"2022-10-04T19:08:29+00:00","twitter_misc":{"Dur\u00e9e de lecture estim\u00e9e":"6 minutes"},"schema":{"@context":"https:\/\/schema.org","@graph":[{"@type":"WebPage","@id":"https:\/\/www.canaaf.org\/fr\/bpp\/","url":"https:\/\/www.canaaf.org\/fr\/bpp\/","name":"Biblioth\u00e8que de pr\u00eat de perruques - Fondation Canadienne de l\u2019Alop\u00e9cie Areata","isPartOf":{"@id":"https:\/\/www.canaaf.org\/fr\/#website"},"datePublished":"2021-04-16T17:02:21+00:00","dateModified":"2022-10-04T19:08:29+00:00","breadcrumb":{"@id":"https:\/\/www.canaaf.org\/fr\/bpp\/#breadcrumb"},"inLanguage":"fr-FR","potentialAction":[{"@type":"ReadAction","target":["https:\/\/www.canaaf.org\/fr\/bpp\/"]}]},{"@type":"BreadcrumbList","@id":"https:\/\/www.canaaf.org\/fr\/bpp\/#breadcrumb","itemListElement":[{"@type":"ListItem","position":1,"name":"Home","item":"https:\/\/www.canaaf.org\/fr\/"},{"@type":"ListItem","position":2,"name":"Biblioth\u00e8que de pr\u00eat de perruques"}]},{"@type":"WebSite","@id":"https:\/\/www.canaaf.org\/fr\/#website","url":"https:\/\/www.canaaf.org\/fr\/","name":"Fondation Canadienne de l\u2019Alop\u00e9cie Areata","description":"Pr\u00e9visible pour une maladie impr\u00e9visible.","potentialAction":[{"@type":"SearchAction","target":{"@type":"EntryPoint","urlTemplate":"https:\/\/www.canaaf.org\/fr\/?s={search_term_string}"},"query-input":{"@type":"PropertyValueSpecification","valueRequired":true,"valueName":"search_term_string"}}],"inLanguage":"fr-FR"}]}},"_links":{"self":[{"href":"https:\/\/www.canaaf.org\/fr\/wp-json\/wp\/v2\/pages\/16307","targetHints":{"allow":["GET"]}}],"collection":[{"href":"https:\/\/www.canaaf.org\/fr\/wp-json\/wp\/v2\/pages"}],"about":[{"href":"https:\/\/www.canaaf.org\/fr\/wp-json\/wp\/v2\/types\/page"}],"author":[{"embeddable":true,"href":"https:\/\/www.canaaf.org\/fr\/wp-json\/wp\/v2\/users\/3"}],"replies":[{"embeddable":true,"href":"https:\/\/www.canaaf.org\/fr\/wp-json\/wp\/v2\/comments?post=16307"}],"version-history":[{"count":4,"href":"https:\/\/www.canaaf.org\/fr\/wp-json\/wp\/v2\/pages\/16307\/revisions"}],"predecessor-version":[{"id":16405,"href":"https:\/\/www.canaaf.org\/fr\/wp-json\/wp\/v2\/pages\/16307\/revisions\/16405"}],"wp:attachment":[{"href":"https:\/\/www.canaaf.org\/fr\/wp-json\/wp\/v2\/media?parent=16307"}],"curies":[{"name":"wp","href":"https:\/\/api.w.org\/{rel}","templated":true}]}}