{"id":16310,"date":"2021-06-22T14:00:14","date_gmt":"2021-06-22T14:00:14","guid":{"rendered":"https:\/\/www.canaaf.org\/ressources-pour-enfants\/"},"modified":"2023-04-12T16:09:06","modified_gmt":"2023-04-12T16:09:06","slug":"ressources-pour-enfants","status":"publish","type":"page","link":"https:\/\/www.canaaf.org\/fr\/ressources-pour-enfants\/","title":{"rendered":"Ressources pour les enfants"},"content":{"rendered":"<p><div class=\"fusion-fullwidth fullwidth-box fusion-builder-row-1 fusion-flex-container nonhundred-percent-fullwidth non-hundred-percent-height-scrolling\" style=\"--awb-border-radius-top-left:0px;--awb-border-radius-top-right:0px;--awb-border-radius-bottom-right:0px;--awb-border-radius-bottom-left:0px;--awb-flex-wrap:wrap;\" ><div class=\"fusion-builder-row fusion-row fusion-flex-align-items-flex-start fusion-flex-content-wrap\" style=\"max-width:1331.2px;margin-left: calc(-4% \/ 2 );margin-right: calc(-4% \/ 2 );\"><div class=\"fusion-layout-column fusion_builder_column fusion-builder-column-0 fusion_builder_column_1_6 1_6 fusion-flex-column\" style=\"--awb-bg-size:cover;--awb-width-large:16.666666666667%;--awb-margin-top-large:0px;--awb-spacing-right-large:11.52%;--awb-margin-bottom-large:0px;--awb-spacing-left-large:11.52%;--awb-width-medium:100%;--awb-order-medium:0;--awb-spacing-right-medium:1.92%;--awb-spacing-left-medium:1.92%;--awb-width-small:100%;--awb-order-small:0;--awb-spacing-right-small:1.92%;--awb-spacing-left-small:1.92%;\"><div class=\"fusion-column-wrapper fusion-column-has-shadow fusion-flex-justify-content-flex-start fusion-content-layout-column\"><\/div><\/div><div class=\"fusion-layout-column fusion_builder_column fusion-builder-column-1 fusion_builder_column_2_3 2_3 fusion-flex-column\" style=\"--awb-bg-size:cover;--awb-width-large:66.666666666667%;--awb-margin-top-large:0px;--awb-spacing-right-large:2.88%;--awb-margin-bottom-large:0px;--awb-spacing-left-large:2.88%;--awb-width-medium:100%;--awb-order-medium:0;--awb-spacing-right-medium:1.92%;--awb-spacing-left-medium:1.92%;--awb-width-small:100%;--awb-order-small:0;--awb-spacing-right-small:1.92%;--awb-spacing-left-small:1.92%;\"><div class=\"fusion-column-wrapper fusion-column-has-shadow fusion-flex-justify-content-flex-start fusion-content-layout-column\"><div class=\"fusion-title title fusion-title-1 fusion-title-text fusion-title-size-one\" style=\"--awb-font-size:30px;\"><div class=\"title-sep-container title-sep-container-left fusion-no-large-visibility fusion-no-medium-visibility fusion-no-small-visibility\"><div class=\"title-sep sep- sep-solid\" style=\"border-color:#e0dede;\"><\/div><\/div><span class=\"awb-title-spacer fusion-no-large-visibility fusion-no-medium-visibility fusion-no-small-visibility\"><\/span><h1 class=\"fusion-title-heading title-heading-left fusion-responsive-typography-calculated\" style=\"margin:0;font-size:1em;--fontSize:30;line-height:1;\">Ressources pour les enfants atteints d&rsquo;Alop\u00e9cie Areata<\/h1><span class=\"awb-title-spacer\"><\/span><div class=\"title-sep-container title-sep-container-right\"><div class=\"title-sep sep- sep-solid\" style=\"border-color:#e0dede;\"><\/div><\/div><\/div><div class=\"fusion-separator\" style=\"align-self: flex-start;margin-right:auto;margin-bottom:20px;width:100%;max-width:100px;\"><div class=\"fusion-separator-border sep-single sep-solid\" style=\"--awb-height:20px;--awb-amount:20px;border-color:#e0dede;border-top-width:2px;\"><\/div><\/div><div class=\"fusion-text fusion-text-1\" style=\"--awb-font-size:15.5px;--awb-line-height:1.6;--awb-letter-spacing:0.1px;--awb-text-color:#000000;\"><p>La trousse p\u00e9dagogique du CANAAF est un ensemble de ressources qui peuvent aider \u00e0 introduire l&rsquo;Alopecia Areata dans la classe. Avec les enfants de tous \u00e2ges, la connaissance est la cl\u00e9. Plus ils en savent sur les raisons pour lesquelles votre enfant souffre d&rsquo;alop\u00e9cie, moins il risque d&rsquo;\u00eatre victime de moqueries ou de brimades. Prenez le temps d&rsquo;apprendre aux autres pourquoi votre enfant a perdu ses cheveux. Cela contribuera grandement \u00e0 renforcer l&rsquo;estime de soi de votre enfant et \u00e0 rendre ses journ\u00e9es d&rsquo;\u00e9cole agr\u00e9ables.<\/p>\n<p>Ce dossier comprend une lettre type destin\u00e9e aux parents et aux enseignants, une lettre type destin\u00e9e aux camarades de classe, des lectures recommand\u00e9es, etc.<\/p>\n<\/div><div class=\"fusion-separator\" style=\"align-self: flex-start;margin-right:auto;margin-bottom:20px;width:100%;max-width:100px;\"><\/div><\/div><\/div><div class=\"fusion-layout-column fusion_builder_column fusion-builder-column-2 fusion_builder_column_1_6 1_6 fusion-flex-column\" style=\"--awb-bg-size:cover;--awb-width-large:16.666666666667%;--awb-margin-top-large:0px;--awb-spacing-right-large:11.52%;--awb-margin-bottom-large:0px;--awb-spacing-left-large:11.52%;--awb-width-medium:100%;--awb-order-medium:0;--awb-spacing-right-medium:1.92%;--awb-spacing-left-medium:1.92%;--awb-width-small:100%;--awb-order-small:0;--awb-spacing-right-small:1.92%;--awb-spacing-left-small:1.92%;\"><div class=\"fusion-column-wrapper fusion-column-has-shadow fusion-flex-justify-content-flex-start fusion-content-layout-column\"><\/div><\/div><\/div><\/div><div class=\"fusion-fullwidth fullwidth-box fusion-builder-row-2 fusion-flex-container nonhundred-percent-fullwidth non-hundred-percent-height-scrolling\" style=\"--awb-border-color:#ffcb2f;--awb-border-radius-top-left:0px;--awb-border-radius-top-right:0px;--awb-border-radius-bottom-right:0px;--awb-border-radius-bottom-left:0px;--awb-background-color:#f4f4f4;--awb-flex-wrap:wrap;\" ><div class=\"fusion-builder-row fusion-row fusion-flex-align-items-stretch fusion-flex-content-wrap\" style=\"max-width:1331.2px;margin-left: calc(-4% \/ 2 );margin-right: calc(-4% \/ 2 );\"><div class=\"fusion-layout-column fusion_builder_column fusion-builder-column-3 fusion_builder_column_1_1 1_1 fusion-flex-column fusion-flex-align-self-stretch\" style=\"--awb-padding-right:10px;--awb-padding-left:10px;--awb-bg-size:cover;--awb-border-color:#ffcb2f;--awb-border-top:2px;--awb-border-right:2px;--awb-border-bottom:2px;--awb-border-left:2px;--awb-border-style:solid;--awb-width-large:100%;--awb-margin-top-large:0px;--awb-spacing-right-large:1.92%;--awb-margin-bottom-large:0px;--awb-spacing-left-large:1.92%;--awb-width-medium:100%;--awb-order-medium:0;--awb-spacing-right-medium:1.92%;--awb-spacing-left-medium:1.92%;--awb-width-small:100%;--awb-order-small:0;--awb-spacing-right-small:1.92%;--awb-spacing-left-small:1.92%;\"><div class=\"fusion-column-wrapper fusion-column-has-shadow fusion-flex-justify-content-flex-start fusion-content-layout-column\"><div class=\"fusion-content-boxes content-boxes columns row fusion-columns-1 fusion-columns-total-1 fusion-content-boxes-1 content-boxes-icon-on-top content-left\" style=\"--awb-backgroundcolor:#f4f4f4;--awb-body-color:#000000;--awb-title-color:#e31836;--awb-iconcolor:#e31836;--awb-hover-accent-color:#ffcb2f;--awb-circle-hover-accent-color:#ffcb2f;--awb-item-margin-bottom:40px;\" data-animationOffset=\"top-into-view\"><div style=\"--awb-backgroundcolor:#f4f4f4;--awb-iconcolor:#e31836;\" class=\"fusion-column content-box-column content-box-column content-box-column-1 col-lg-12 col-md-12 col-sm-12 fusion-content-box-hover content-box-column-last content-box-column-last-in-row\"><div class=\"col content-box-wrapper content-wrapper-background link-area-box link-type-text icon-hover-animation-fade\" data-link=\"https:\/\/www.canaaf.org\/fr\/camp-sommet\/\" data-link-target=\"_self\" data-animationOffset=\"top-into-view\"><div class=\"heading heading-with-icon icon-left\"><a class=\"heading-link\" href=\"https:\/\/www.canaaf.org\/fr\/camp-sommet\/\" target=\"_self\"><div class=\"icon\"><i style=\"border-color:#333333;border-width:1px;background-color:#f4f4f4;box-sizing:content-box;height:82px;width:82px;line-height:82px;border-radius:50%;font-size:41px;\" aria-hidden=\"true\" class=\"fontawesome-icon fa-mountain fas circle-yes\"><\/i><\/div><h1 class=\"content-box-heading fusion-responsive-typography-calculated\" style=\"--h1_typography-font-size:28px;--fontSize:28;line-height:1;\"><b>NOUVEAU! Camp Summit par le Camp Maple Leaf<\/b><\/h1><\/a><\/div><div class=\"fusion-clearfix\"><\/div><div class=\"content-container\">\n<p>Le Camp Summit est un nouveau camp d&rsquo;\u00e9t\u00e9 en Ontario destin\u00e9 aux enfants atteints d&rsquo;alop\u00e9cie areata et \u00e0 leurs fr\u00e8res et s\u0153urs.<br \/>\nEn savoir plus et s&rsquo;inscrire d\u00e8s aujourd&rsquo;hui !<\/p>\n<\/div><\/div><\/div><div class=\"fusion-clearfix\"><\/div><\/div><\/div><\/div><\/div><\/div><div class=\"fusion-fullwidth fullwidth-box fusion-builder-row-3 fusion-flex-container nonhundred-percent-fullwidth non-hundred-percent-height-scrolling\" style=\"--awb-border-radius-top-left:0px;--awb-border-radius-top-right:0px;--awb-border-radius-bottom-right:0px;--awb-border-radius-bottom-left:0px;--awb-margin-top:20px;--awb-margin-bottom:20px;--awb-flex-wrap:wrap;\" ><div class=\"fusion-builder-row fusion-row fusion-flex-align-items-flex-start fusion-flex-content-wrap\" style=\"max-width:1331.2px;margin-left: calc(-4% \/ 2 );margin-right: calc(-4% \/ 2 );\"><div class=\"fusion-layout-column fusion_builder_column fusion-builder-column-4 fusion_builder_column_1_3 1_3 fusion-flex-column fusion-column-inner-bg-wrapper\" style=\"--awb-padding-top:50px;--awb-padding-right:35px;--awb-padding-bottom:45px;--awb-padding-left:35px;--awb-inner-bg-color:#ffcb2f;--awb-inner-bg-color-hover:#ffcb2f;--awb-inner-bg-image:url(&#039;https:\/\/www.canaaf.org\/wp-content\/uploads\/2021\/10\/classroom2.png&#039;);--awb-inner-bg-size:cover;--awb-border-color:#e31836;--awb-border-top:2px;--awb-border-right:2px;--awb-border-bottom:2px;--awb-border-left:2px;--awb-border-style:solid;--awb-width-large:33.333333333333%;--awb-margin-top-large:0px;--awb-spacing-right-large:5.76%;--awb-margin-bottom-large:0px;--awb-spacing-left-large:5.76%;--awb-width-medium:100%;--awb-order-medium:0;--awb-spacing-right-medium:1.92%;--awb-spacing-left-medium:1.92%;--awb-width-small:100%;--awb-order-small:0;--awb-spacing-right-small:1.92%;--awb-spacing-left-small:1.92%;\"><span class=\"fusion-column-inner-bg hover-type-zoomin\"><a class=\"fusion-column-anchor\" href=\"https:\/\/www.canaaf.org\/resources-for-children\/reading-materials\/\"><span class=\"fusion-column-inner-bg-image\"><\/span><\/a><\/span><div class=\"fusion-column-wrapper fusion-column-has-shadow fusion-flex-justify-content-center fusion-content-layout-column fusion-column-has-bg-image\" data-bg-url=\"https:\/\/www.canaaf.org\/wp-content\/uploads\/2021\/10\/classroom2.png\"><div class=\"fusion-text fusion-text-2\" style=\"--awb-content-alignment:center;--awb-font-size:25px;--awb-text-color:#000000;\"><p>Mat\u00e9riel de lecture<\/p>\n<\/div><\/div><\/div><div class=\"fusion-layout-column fusion_builder_column fusion-builder-column-5 fusion_builder_column_1_3 1_3 fusion-flex-column fusion-column-inner-bg-wrapper\" style=\"--awb-padding-top:50px;--awb-padding-right:35px;--awb-padding-bottom:45px;--awb-padding-left:35px;--awb-inner-bg-color:#ffcb2f;--awb-inner-bg-color-hover:#ffcb2f;--awb-inner-bg-image:url(&#039;https:\/\/www.canaaf.org\/wp-content\/uploads\/2021\/10\/classroom2.png&#039;);--awb-inner-bg-size:cover;--awb-border-color:#e31836;--awb-border-top:2px;--awb-border-right:2px;--awb-border-bottom:2px;--awb-border-left:2px;--awb-border-style:solid;--awb-width-large:33.333333333333%;--awb-margin-top-large:0px;--awb-spacing-right-large:5.76%;--awb-margin-bottom-large:0px;--awb-spacing-left-large:5.76%;--awb-width-medium:100%;--awb-order-medium:0;--awb-spacing-right-medium:1.92%;--awb-spacing-left-medium:1.92%;--awb-width-small:100%;--awb-order-small:0;--awb-spacing-right-small:1.92%;--awb-spacing-left-small:1.92%;\"><span class=\"fusion-column-inner-bg hover-type-zoomin\"><a class=\"fusion-column-anchor\" href=\"https:\/\/www.canaaf.org\/fr\/jouets-et-activites\/\"><span class=\"fusion-column-inner-bg-image\"><\/span><\/a><\/span><div class=\"fusion-column-wrapper fusion-column-has-shadow fusion-flex-justify-content-center fusion-content-layout-column fusion-column-has-bg-image\" data-bg-url=\"https:\/\/www.canaaf.org\/wp-content\/uploads\/2021\/10\/classroom2.png\"><div class=\"fusion-text fusion-text-3\" style=\"--awb-content-alignment:center;--awb-font-size:25px;--awb-text-color:#000000;\"><p>Jouets et activit\u00e9s<\/p>\n<\/div><\/div><\/div><div class=\"fusion-layout-column fusion_builder_column fusion-builder-column-6 fusion_builder_column_1_3 1_3 fusion-flex-column fusion-column-inner-bg-wrapper\" style=\"--awb-padding-top:50px;--awb-padding-right:35px;--awb-padding-bottom:45px;--awb-padding-left:35px;--awb-inner-bg-color:#ffcb2f;--awb-inner-bg-color-hover:#ffcb2f;--awb-inner-bg-image:url(&#039;https:\/\/www.canaaf.org\/wp-content\/uploads\/2021\/10\/classroom2.png&#039;);--awb-inner-bg-size:cover;--awb-border-color:#e31836;--awb-border-top:2px;--awb-border-right:2px;--awb-border-bottom:2px;--awb-border-left:2px;--awb-border-style:solid;--awb-width-large:33.333333333333%;--awb-margin-top-large:0px;--awb-spacing-right-large:5.76%;--awb-margin-bottom-large:0px;--awb-spacing-left-large:5.76%;--awb-width-medium:100%;--awb-order-medium:0;--awb-spacing-right-medium:1.92%;--awb-spacing-left-medium:1.92%;--awb-width-small:100%;--awb-order-small:0;--awb-spacing-right-small:1.92%;--awb-spacing-left-small:1.92%;\"><span class=\"fusion-column-inner-bg hover-type-zoomin\"><a class=\"fusion-column-anchor\" href=\"https:\/\/www.canaaf.org\/fr\/parler-de-lalopecie-areata\/\"><span class=\"fusion-column-inner-bg-image\"><\/span><\/a><\/span><div class=\"fusion-column-wrapper fusion-column-has-shadow fusion-flex-justify-content-center fusion-content-layout-column fusion-column-has-bg-image\" data-bg-url=\"https:\/\/www.canaaf.org\/wp-content\/uploads\/2021\/10\/classroom2.png\"><div class=\"fusion-text fusion-text-4\" style=\"--awb-content-alignment:center;--awb-font-size:25px;--awb-text-color:#000000;\"><p>Parler de l&rsquo;alop\u00e9cie<\/p>\n<\/div><\/div><\/div><\/div><\/div><div class=\"fusion-fullwidth fullwidth-box fusion-builder-row-4 fusion-flex-container nonhundred-percent-fullwidth non-hundred-percent-height-scrolling\" style=\"--awb-border-radius-top-left:0px;--awb-border-radius-top-right:0px;--awb-border-radius-bottom-right:0px;--awb-border-radius-bottom-left:0px;--awb-flex-wrap:wrap;\" ><div class=\"fusion-builder-row fusion-row fusion-flex-align-items-flex-start fusion-flex-content-wrap\" style=\"max-width:1331.2px;margin-left: calc(-4% \/ 2 );margin-right: calc(-4% \/ 2 );\"><div class=\"fusion-layout-column fusion_builder_column fusion-builder-column-7 fusion_builder_column_1_3 1_3 fusion-flex-column fusion-column-inner-bg-wrapper\" style=\"--awb-padding-top:35px;--awb-padding-right:35px;--awb-padding-bottom:25px;--awb-padding-left:35px;--awb-inner-bg-color:#ffcb2f;--awb-inner-bg-color-hover:#ffcb2f;--awb-inner-bg-image:url(&#039;https:\/\/www.canaaf.org\/wp-content\/uploads\/2021\/10\/classroom2.png&#039;);--awb-inner-bg-size:cover;--awb-border-color:#e31836;--awb-border-top:2px;--awb-border-right:2px;--awb-border-bottom:2px;--awb-border-left:2px;--awb-border-style:solid;--awb-width-large:33.333333333333%;--awb-margin-top-large:0px;--awb-spacing-right-large:5.76%;--awb-margin-bottom-large:0px;--awb-spacing-left-large:5.76%;--awb-width-medium:100%;--awb-order-medium:0;--awb-spacing-right-medium:1.92%;--awb-spacing-left-medium:1.92%;--awb-width-small:100%;--awb-order-small:0;--awb-spacing-right-small:1.92%;--awb-spacing-left-small:1.92%;\"><span class=\"fusion-column-inner-bg hover-type-zoomin\"><a class=\"fusion-column-anchor\" href=\"https:\/\/www.canaaf.org\/fr\/lettre-type-aux-parents-et-aux-enseignantes-et-enseignants\/\"><span class=\"fusion-column-inner-bg-image\"><\/span><\/a><\/span><div class=\"fusion-column-wrapper fusion-column-has-shadow fusion-flex-justify-content-center fusion-content-layout-column fusion-column-has-bg-image\" data-bg-url=\"https:\/\/www.canaaf.org\/wp-content\/uploads\/2021\/10\/classroom2.png\"><div class=\"fusion-text fusion-text-5\" style=\"--awb-content-alignment:center;--awb-font-size:25px;--awb-text-color:#000000;\"><p>Lettre type aux parents et aux enseignant(es)<\/p>\n<\/div><\/div><\/div><div class=\"fusion-layout-column fusion_builder_column fusion-builder-column-8 fusion_builder_column_1_3 1_3 fusion-flex-column fusion-column-inner-bg-wrapper\" style=\"--awb-padding-top:35px;--awb-padding-right:35px;--awb-padding-bottom:25px;--awb-padding-left:35px;--awb-inner-bg-color:#ffcb2f;--awb-inner-bg-color-hover:#ffcb2f;--awb-inner-bg-image:url(&#039;https:\/\/www.canaaf.org\/wp-content\/uploads\/2021\/10\/classroom2.png&#039;);--awb-inner-bg-size:cover;--awb-border-color:#e31836;--awb-border-top:2px;--awb-border-right:2px;--awb-border-bottom:2px;--awb-border-left:2px;--awb-border-style:solid;--awb-width-large:33.333333333333%;--awb-margin-top-large:0px;--awb-spacing-right-large:5.76%;--awb-margin-bottom-large:0px;--awb-spacing-left-large:5.76%;--awb-width-medium:100%;--awb-order-medium:0;--awb-spacing-right-medium:1.92%;--awb-spacing-left-medium:1.92%;--awb-width-small:100%;--awb-order-small:0;--awb-spacing-right-small:1.92%;--awb-spacing-left-small:1.92%;\"><span class=\"fusion-column-inner-bg hover-type-zoomin\"><a class=\"fusion-column-anchor\" href=\"https:\/\/www.canaaf.org\/fr\/lettre-type-a-des-camarades-de-classe\/\"><span class=\"fusion-column-inner-bg-image\"><\/span><\/a><\/span><div class=\"fusion-column-wrapper fusion-column-has-shadow fusion-flex-justify-content-center fusion-content-layout-column fusion-column-has-bg-image\" data-bg-url=\"https:\/\/www.canaaf.org\/wp-content\/uploads\/2021\/10\/classroom2.png\"><div class=\"fusion-text fusion-text-6\" style=\"--awb-content-alignment:center;--awb-font-size:25px;--awb-text-color:#000000;\"><p>Lettre type \u00e0 des camarades de classe<\/p>\n<\/div><\/div><\/div><div class=\"fusion-layout-column fusion_builder_column fusion-builder-column-9 fusion_builder_column_1_3 1_3 fusion-flex-column fusion-column-inner-bg-wrapper\" style=\"--awb-padding-top:35px;--awb-padding-right:35px;--awb-padding-bottom:25px;--awb-padding-left:35px;--awb-inner-bg-color:#ffcb2f;--awb-inner-bg-color-hover:#ffcb2f;--awb-inner-bg-image:url(&#039;https:\/\/www.canaaf.org\/wp-content\/uploads\/2021\/10\/classroom2.png&#039;);--awb-inner-bg-size:cover;--awb-border-color:#e31836;--awb-border-top:2px;--awb-border-right:2px;--awb-border-bottom:2px;--awb-border-left:2px;--awb-border-style:solid;--awb-width-large:33.333333333333%;--awb-margin-top-large:0px;--awb-spacing-right-large:5.76%;--awb-margin-bottom-large:0px;--awb-spacing-left-large:5.76%;--awb-width-medium:100%;--awb-order-medium:0;--awb-spacing-right-medium:1.92%;--awb-spacing-left-medium:1.92%;--awb-width-small:100%;--awb-order-small:0;--awb-spacing-right-small:1.92%;--awb-spacing-left-small:1.92%;\"><span class=\"fusion-column-inner-bg hover-type-zoomin\"><a class=\"fusion-column-anchor\" href=\"https:\/\/www.canaaf.org\/resources-for-children\/other\/\"><span class=\"fusion-column-inner-bg-image\"><\/span><\/a><\/span><div class=\"fusion-column-wrapper fusion-column-has-shadow fusion-flex-justify-content-center fusion-content-layout-column fusion-column-has-bg-image\" data-bg-url=\"https:\/\/www.canaaf.org\/wp-content\/uploads\/2021\/10\/classroom2.png\"><div class=\"fusion-text fusion-text-7\" style=\"--awb-content-alignment:center;--awb-font-size:25px;--awb-text-color:#000000;\"><p>Autres ressources pour les parents<\/p>\n<\/div><\/div><\/div><\/div><\/div><\/p>\n","protected":false},"excerpt":{"rendered":"","protected":false},"author":3,"featured_media":0,"parent":0,"menu_order":0,"comment_status":"closed","ping_status":"closed","template":"","meta":{"_monsterinsights_skip_tracking":false,"_monsterinsights_sitenote_active":false,"_monsterinsights_sitenote_note":"","_monsterinsights_sitenote_category":0,"footnotes":""},"class_list":["post-16310","page","type-page","status-publish","hentry"],"yoast_head":"<!-- This site is optimized with the Yoast SEO plugin v27.4 - https:\/\/yoast.com\/product\/yoast-seo-wordpress\/ -->\n<title>Ressources pour les enfants - Fondation Canadienne de l\u2019Alop\u00e9cie Areata<\/title>\n<meta name=\"robots\" content=\"index, follow, max-snippet:-1, max-image-preview:large, max-video-preview:-1\" \/>\n<link rel=\"canonical\" href=\"https:\/\/www.canaaf.org\/fr\/ressources-pour-enfants\/\" \/>\n<meta property=\"og:locale\" content=\"fr_FR\" \/>\n<meta property=\"og:type\" content=\"article\" \/>\n<meta property=\"og:title\" content=\"Ressources pour les enfants - Fondation Canadienne de l\u2019Alop\u00e9cie Areata\" \/>\n<meta property=\"og:url\" content=\"https:\/\/www.canaaf.org\/fr\/ressources-pour-enfants\/\" \/>\n<meta property=\"og:site_name\" content=\"Fondation Canadienne de l\u2019Alop\u00e9cie Areata\" \/>\n<meta property=\"article:modified_time\" content=\"2023-04-12T16:09:06+00:00\" \/>\n<meta property=\"og:image\" content=\"https:\/\/www.canaaf.org\/wp-content\/uploads\/2021\/08\/CANAAF-LOGO.jpg\" \/>\n<meta name=\"twitter:label1\" content=\"Dur\u00e9e de lecture estim\u00e9e\" \/>\n\t<meta name=\"twitter:data1\" content=\"9 minutes\" \/>\n<script type=\"application\/ld+json\" class=\"yoast-schema-graph\">{\"@context\":\"https:\\\/\\\/schema.org\",\"@graph\":[{\"@type\":\"WebPage\",\"@id\":\"https:\\\/\\\/www.canaaf.org\\\/fr\\\/ressources-pour-enfants\\\/\",\"url\":\"https:\\\/\\\/www.canaaf.org\\\/fr\\\/ressources-pour-enfants\\\/\",\"name\":\"Ressources pour les enfants - Fondation Canadienne de l\u2019Alop\u00e9cie Areata\",\"isPartOf\":{\"@id\":\"https:\\\/\\\/www.canaaf.org\\\/fr\\\/#website\"},\"datePublished\":\"2021-06-22T14:00:14+00:00\",\"dateModified\":\"2023-04-12T16:09:06+00:00\",\"breadcrumb\":{\"@id\":\"https:\\\/\\\/www.canaaf.org\\\/fr\\\/ressources-pour-enfants\\\/#breadcrumb\"},\"inLanguage\":\"fr-FR\",\"potentialAction\":[{\"@type\":\"ReadAction\",\"target\":[\"https:\\\/\\\/www.canaaf.org\\\/fr\\\/ressources-pour-enfants\\\/\"]}]},{\"@type\":\"BreadcrumbList\",\"@id\":\"https:\\\/\\\/www.canaaf.org\\\/fr\\\/ressources-pour-enfants\\\/#breadcrumb\",\"itemListElement\":[{\"@type\":\"ListItem\",\"position\":1,\"name\":\"Home\",\"item\":\"https:\\\/\\\/www.canaaf.org\\\/fr\\\/\"},{\"@type\":\"ListItem\",\"position\":2,\"name\":\"Ressources pour les enfants\"}]},{\"@type\":\"WebSite\",\"@id\":\"https:\\\/\\\/www.canaaf.org\\\/fr\\\/#website\",\"url\":\"https:\\\/\\\/www.canaaf.org\\\/fr\\\/\",\"name\":\"Fondation Canadienne de l\u2019Alop\u00e9cie Areata\",\"description\":\"Pr\u00e9visible pour une maladie impr\u00e9visible.\",\"potentialAction\":[{\"@type\":\"SearchAction\",\"target\":{\"@type\":\"EntryPoint\",\"urlTemplate\":\"https:\\\/\\\/www.canaaf.org\\\/fr\\\/?s={search_term_string}\"},\"query-input\":{\"@type\":\"PropertyValueSpecification\",\"valueRequired\":true,\"valueName\":\"search_term_string\"}}],\"inLanguage\":\"fr-FR\"}]}<\/script>\n<!-- \/ Yoast SEO plugin. -->","yoast_head_json":{"title":"Ressources pour les enfants - Fondation Canadienne de l\u2019Alop\u00e9cie Areata","robots":{"index":"index","follow":"follow","max-snippet":"max-snippet:-1","max-image-preview":"max-image-preview:large","max-video-preview":"max-video-preview:-1"},"canonical":"https:\/\/www.canaaf.org\/fr\/ressources-pour-enfants\/","og_locale":"fr_FR","og_type":"article","og_title":"Ressources pour les enfants - Fondation Canadienne de l\u2019Alop\u00e9cie Areata","og_url":"https:\/\/www.canaaf.org\/fr\/ressources-pour-enfants\/","og_site_name":"Fondation Canadienne de l\u2019Alop\u00e9cie Areata","article_modified_time":"2023-04-12T16:09:06+00:00","og_image":[{"url":"https:\/\/www.canaaf.org\/wp-content\/uploads\/2021\/08\/CANAAF-LOGO.jpg","type":"","width":"","height":""}],"twitter_misc":{"Dur\u00e9e de lecture estim\u00e9e":"9 minutes"},"schema":{"@context":"https:\/\/schema.org","@graph":[{"@type":"WebPage","@id":"https:\/\/www.canaaf.org\/fr\/ressources-pour-enfants\/","url":"https:\/\/www.canaaf.org\/fr\/ressources-pour-enfants\/","name":"Ressources pour les enfants - Fondation Canadienne de l\u2019Alop\u00e9cie Areata","isPartOf":{"@id":"https:\/\/www.canaaf.org\/fr\/#website"},"datePublished":"2021-06-22T14:00:14+00:00","dateModified":"2023-04-12T16:09:06+00:00","breadcrumb":{"@id":"https:\/\/www.canaaf.org\/fr\/ressources-pour-enfants\/#breadcrumb"},"inLanguage":"fr-FR","potentialAction":[{"@type":"ReadAction","target":["https:\/\/www.canaaf.org\/fr\/ressources-pour-enfants\/"]}]},{"@type":"BreadcrumbList","@id":"https:\/\/www.canaaf.org\/fr\/ressources-pour-enfants\/#breadcrumb","itemListElement":[{"@type":"ListItem","position":1,"name":"Home","item":"https:\/\/www.canaaf.org\/fr\/"},{"@type":"ListItem","position":2,"name":"Ressources pour les enfants"}]},{"@type":"WebSite","@id":"https:\/\/www.canaaf.org\/fr\/#website","url":"https:\/\/www.canaaf.org\/fr\/","name":"Fondation Canadienne de l\u2019Alop\u00e9cie Areata","description":"Pr\u00e9visible pour une maladie impr\u00e9visible.","potentialAction":[{"@type":"SearchAction","target":{"@type":"EntryPoint","urlTemplate":"https:\/\/www.canaaf.org\/fr\/?s={search_term_string}"},"query-input":{"@type":"PropertyValueSpecification","valueRequired":true,"valueName":"search_term_string"}}],"inLanguage":"fr-FR"}]}},"_links":{"self":[{"href":"https:\/\/www.canaaf.org\/fr\/wp-json\/wp\/v2\/pages\/16310","targetHints":{"allow":["GET"]}}],"collection":[{"href":"https:\/\/www.canaaf.org\/fr\/wp-json\/wp\/v2\/pages"}],"about":[{"href":"https:\/\/www.canaaf.org\/fr\/wp-json\/wp\/v2\/types\/page"}],"author":[{"embeddable":true,"href":"https:\/\/www.canaaf.org\/fr\/wp-json\/wp\/v2\/users\/3"}],"replies":[{"embeddable":true,"href":"https:\/\/www.canaaf.org\/fr\/wp-json\/wp\/v2\/comments?post=16310"}],"version-history":[{"count":5,"href":"https:\/\/www.canaaf.org\/fr\/wp-json\/wp\/v2\/pages\/16310\/revisions"}],"predecessor-version":[{"id":17414,"href":"https:\/\/www.canaaf.org\/fr\/wp-json\/wp\/v2\/pages\/16310\/revisions\/17414"}],"wp:attachment":[{"href":"https:\/\/www.canaaf.org\/fr\/wp-json\/wp\/v2\/media?parent=16310"}],"curies":[{"name":"wp","href":"https:\/\/api.w.org\/{rel}","templated":true}]}}