{"id":16411,"date":"2020-12-02T22:05:15","date_gmt":"2020-12-02T22:05:15","guid":{"rendered":"https:\/\/www.canaaf.org\/groupe-facebook-de-fcanaa\/"},"modified":"2022-10-04T19:05:04","modified_gmt":"2022-10-04T19:05:04","slug":"groupe-facebook-de-fcanaa","status":"publish","type":"page","link":"https:\/\/www.canaaf.org\/fr\/groupe-facebook-de-fcanaa\/","title":{"rendered":"Groupe Facebook de FCANAA"},"content":{"rendered":"<div class=\"fusion-fullwidth fullwidth-box fusion-builder-row-1 fusion-flex-container nonhundred-percent-fullwidth non-hundred-percent-height-scrolling\" style=\"--awb-border-radius-top-left:0px;--awb-border-radius-top-right:0px;--awb-border-radius-bottom-right:0px;--awb-border-radius-bottom-left:0px;--awb-flex-wrap:wrap;\" ><div class=\"fusion-builder-row fusion-row fusion-flex-align-items-flex-start fusion-flex-content-wrap\" style=\"max-width:1331.2px;margin-left: calc(-4% \/ 2 );margin-right: calc(-4% \/ 2 );\"><div class=\"fusion-layout-column fusion_builder_column fusion-builder-column-0 fusion_builder_column_1_5 1_5 fusion-flex-column\" style=\"--awb-bg-size:cover;--awb-width-large:20%;--awb-margin-top-large:0px;--awb-spacing-right-large:9.6%;--awb-margin-bottom-large:0px;--awb-spacing-left-large:9.6%;--awb-width-medium:100%;--awb-order-medium:0;--awb-spacing-right-medium:1.92%;--awb-spacing-left-medium:1.92%;--awb-width-small:100%;--awb-order-small:0;--awb-spacing-right-small:1.92%;--awb-spacing-left-small:1.92%;\"><div class=\"fusion-column-wrapper fusion-column-has-shadow fusion-flex-justify-content-flex-start fusion-content-layout-column\"><div class=\"fusion-image-element \" style=\"text-align:center;--awb-max-width:150px;--awb-caption-title-font-family:var(--h2_typography-font-family);--awb-caption-title-font-weight:var(--h2_typography-font-weight);--awb-caption-title-font-style:var(--h2_typography-font-style);--awb-caption-title-size:var(--h2_typography-font-size);--awb-caption-title-transform:var(--h2_typography-text-transform);--awb-caption-title-line-height:var(--h2_typography-line-height);--awb-caption-title-letter-spacing:var(--h2_typography-letter-spacing);\"><span class=\" fusion-imageframe imageframe-none imageframe-1 hover-type-none\"><img decoding=\"async\" width=\"512\" height=\"512\" alt=\"Joignez vous au groupe facebook priv\u00e9 de la communaut\u00e9 francophone de FCANAA\" title=\"Facebook\" data-src=\"https:\/\/www.canaaf.org\/wp-content\/uploads\/2021\/03\/Facebook.png\" class=\"img-responsive wp-image-15096 lazyload\" data-srcset=\"https:\/\/www.canaaf.org\/wp-content\/uploads\/2021\/03\/Facebook-200x200.png 200w, https:\/\/www.canaaf.org\/wp-content\/uploads\/2021\/03\/Facebook-400x400.png 400w, https:\/\/www.canaaf.org\/wp-content\/uploads\/2021\/03\/Facebook.png 512w\" data-sizes=\"(max-width: 1024px) 100vw, (max-width: 640px) 100vw, 400px\" src=\"data:image\/svg+xml;base64,PHN2ZyB3aWR0aD0iMSIgaGVpZ2h0PSIxIiB4bWxucz0iaHR0cDovL3d3dy53My5vcmcvMjAwMC9zdmciPjwvc3ZnPg==\" style=\"--smush-placeholder-width: 512px; --smush-placeholder-aspect-ratio: 512\/512;\" \/><\/span><\/div><\/div><\/div><div class=\"fusion-layout-column fusion_builder_column fusion-builder-column-1 fusion_builder_column_2_3 2_3 fusion-flex-column\" style=\"--awb-padding-top:32px;--awb-bg-size:cover;--awb-width-large:66.666666666667%;--awb-margin-top-large:0px;--awb-spacing-right-large:2.88%;--awb-margin-bottom-large:0px;--awb-spacing-left-large:2.88%;--awb-width-medium:100%;--awb-order-medium:0;--awb-spacing-right-medium:1.92%;--awb-spacing-left-medium:1.92%;--awb-width-small:100%;--awb-order-small:0;--awb-spacing-right-small:1.92%;--awb-spacing-left-small:1.92%;\"><div class=\"fusion-column-wrapper fusion-column-has-shadow fusion-flex-justify-content-flex-start fusion-content-layout-column\"><div class=\"fusion-title title fusion-title-1 fusion-title-text fusion-title-size-one\" style=\"--awb-font-size:30px;\"><div class=\"title-sep-container title-sep-container-left fusion-no-large-visibility fusion-no-medium-visibility fusion-no-small-visibility\"><div class=\"title-sep sep- sep-solid\" style=\"border-color:#e0dede;\"><\/div><\/div><span class=\"awb-title-spacer fusion-no-large-visibility fusion-no-medium-visibility fusion-no-small-visibility\"><\/span><h1 class=\"fusion-title-heading title-heading-left fusion-responsive-typography-calculated\" style=\"margin:0;font-size:1em;--fontSize:30;line-height:1;\">Communiquez avec d\u2019autres personnes ayant l\u2019alop\u00e9cie<\/h1><span class=\"awb-title-spacer\"><\/span><div class=\"title-sep-container title-sep-container-right\"><div class=\"title-sep sep- sep-solid\" style=\"border-color:#e0dede;\"><\/div><\/div><\/div><div class=\"fusion-separator\" style=\"align-self: flex-start;margin-right:auto;margin-bottom:20px;width:100%;max-width:100px;\"><div class=\"fusion-separator-border sep-single sep-solid\" style=\"--awb-height:20px;--awb-amount:20px;border-color:#e0dede;border-top-width:2px;\"><\/div><\/div><div class=\"fusion-text fusion-text-1\" style=\"--awb-font-size:15.5px;--awb-line-height:1.6;--awb-letter-spacing:0.1px;--awb-text-color:#000000;\"><p>Joignez vous au <a href=\"https:\/\/www.facebook.com\/groups\/fondationcanadiennedelalopecieareata\/?ref=share\"><span style=\"text-decoration: underline;\"><span style=\"color: #e31836; text-decoration: underline;\">groupe facebook priv\u00e9<\/span><\/span><\/a> de la communaut\u00e9 francophone de la FCANAA o\u00f9 vous pourrez \u00e9changer avec des personnes atteintes d\u2019alop\u00e9cie partout au Canada. Ce groupe est id\u00e9al pour partager de l\u2019information, poser vos questions et tisser de nouveaux liens d&rsquo;amiti\u00e9.<\/p>\n<\/div><div class=\"fusion-separator\" style=\"align-self: flex-start;margin-right:auto;margin-bottom:20px;width:100%;max-width:100px;\"><\/div><div class=\"fusion-title title fusion-title-2 fusion-title-text fusion-title-size-one\" style=\"--awb-font-size:30px;\"><div class=\"title-sep-container title-sep-container-left fusion-no-large-visibility fusion-no-medium-visibility fusion-no-small-visibility\"><div class=\"title-sep sep- sep-solid\" style=\"border-color:#e0dede;\"><\/div><\/div><span class=\"awb-title-spacer fusion-no-large-visibility fusion-no-medium-visibility fusion-no-small-visibility\"><\/span><h1 class=\"fusion-title-heading title-heading-left fusion-responsive-typography-calculated\" style=\"margin:0;font-size:1em;--fontSize:30;line-height:1;\">Groupes Facebook r\u00e9gionaux<\/h1><span class=\"awb-title-spacer\"><\/span><div class=\"title-sep-container title-sep-container-right\"><div class=\"title-sep sep- sep-solid\" style=\"border-color:#e0dede;\"><\/div><\/div><\/div><div class=\"fusion-separator\" style=\"align-self: flex-start;margin-right:auto;margin-bottom:20px;width:100%;max-width:100px;\"><div class=\"fusion-separator-border sep-single sep-solid\" style=\"--awb-height:20px;--awb-amount:20px;border-color:#e0dede;border-top-width:2px;\"><\/div><\/div><div class=\"fusion-text fusion-text-2\" style=\"--awb-font-size:15.5px;--awb-line-height:1.6;--awb-letter-spacing:0.1px;--awb-text-color:#000000;\"><p>Groupe de soutien pour les personnes atteintes d\u2019alop\u00e9cie d\u2019Edmonton:<\/p>\n<p><span style=\"text-decoration: underline;\"><span style=\"color: #e31836;\"><a style=\"color: #e31836; text-decoration: underline;\" href=\"https:\/\/www.facebook.com\/Edmonton-Alopecia-Support-Group-320826151267454\/\" target=\"_blank\" rel=\"noopener\">Edmonton Alopecia Support Group<\/a><\/span><\/span><\/p>\n<p>Groupe de soutien pour les personnes atteintes d\u2019alop\u00e9cie de l\u2019Ouest canadien:<\/p>\n<p><span style=\"text-decoration: underline;\"><span style=\"color: #e31836; text-decoration: underline;\"><a style=\"color: #e31836; text-decoration: underline;\" href=\"https:\/\/www.facebook.com\/groups\/242913967057267\/\" target=\"_blank\" rel=\"noopener\">Western Canada Support Group<\/a><\/span><\/span><\/p>\n<\/div><\/div><\/div><\/div><\/div>\n","protected":false},"excerpt":{"rendered":"","protected":false},"author":3,"featured_media":0,"parent":0,"menu_order":0,"comment_status":"closed","ping_status":"closed","template":"","meta":{"_monsterinsights_skip_tracking":false,"_monsterinsights_sitenote_active":false,"_monsterinsights_sitenote_note":"","_monsterinsights_sitenote_category":0,"footnotes":""},"class_list":["post-16411","page","type-page","status-publish","hentry"],"yoast_head":"<!-- This site is optimized with the Yoast SEO plugin v27.4 - https:\/\/yoast.com\/product\/yoast-seo-wordpress\/ -->\n<title>Groupe Facebook de FCANAA - Fondation Canadienne de l\u2019Alop\u00e9cie Areata<\/title>\n<meta name=\"robots\" content=\"index, follow, max-snippet:-1, max-image-preview:large, max-video-preview:-1\" \/>\n<link rel=\"canonical\" href=\"https:\/\/www.canaaf.org\/fr\/groupe-facebook-de-fcanaa\/\" \/>\n<meta property=\"og:locale\" content=\"fr_FR\" \/>\n<meta property=\"og:type\" content=\"article\" \/>\n<meta property=\"og:title\" content=\"Groupe Facebook de FCANAA - Fondation Canadienne de l\u2019Alop\u00e9cie Areata\" \/>\n<meta property=\"og:url\" content=\"https:\/\/www.canaaf.org\/fr\/groupe-facebook-de-fcanaa\/\" \/>\n<meta property=\"og:site_name\" content=\"Fondation Canadienne de l\u2019Alop\u00e9cie Areata\" \/>\n<meta property=\"article:modified_time\" content=\"2022-10-04T19:05:04+00:00\" \/>\n<meta name=\"twitter:label1\" content=\"Dur\u00e9e de lecture estim\u00e9e\" \/>\n\t<meta name=\"twitter:data1\" content=\"3 minutes\" \/>\n<script type=\"application\/ld+json\" class=\"yoast-schema-graph\">{\"@context\":\"https:\\\/\\\/schema.org\",\"@graph\":[{\"@type\":\"WebPage\",\"@id\":\"https:\\\/\\\/www.canaaf.org\\\/fr\\\/groupe-facebook-de-fcanaa\\\/\",\"url\":\"https:\\\/\\\/www.canaaf.org\\\/fr\\\/groupe-facebook-de-fcanaa\\\/\",\"name\":\"Groupe Facebook de FCANAA - Fondation Canadienne de l\u2019Alop\u00e9cie Areata\",\"isPartOf\":{\"@id\":\"https:\\\/\\\/www.canaaf.org\\\/fr\\\/#website\"},\"datePublished\":\"2020-12-02T22:05:15+00:00\",\"dateModified\":\"2022-10-04T19:05:04+00:00\",\"breadcrumb\":{\"@id\":\"https:\\\/\\\/www.canaaf.org\\\/fr\\\/groupe-facebook-de-fcanaa\\\/#breadcrumb\"},\"inLanguage\":\"fr-FR\",\"potentialAction\":[{\"@type\":\"ReadAction\",\"target\":[\"https:\\\/\\\/www.canaaf.org\\\/fr\\\/groupe-facebook-de-fcanaa\\\/\"]}]},{\"@type\":\"BreadcrumbList\",\"@id\":\"https:\\\/\\\/www.canaaf.org\\\/fr\\\/groupe-facebook-de-fcanaa\\\/#breadcrumb\",\"itemListElement\":[{\"@type\":\"ListItem\",\"position\":1,\"name\":\"Home\",\"item\":\"https:\\\/\\\/www.canaaf.org\\\/fr\\\/\"},{\"@type\":\"ListItem\",\"position\":2,\"name\":\"Groupe Facebook de FCANAA\"}]},{\"@type\":\"WebSite\",\"@id\":\"https:\\\/\\\/www.canaaf.org\\\/fr\\\/#website\",\"url\":\"https:\\\/\\\/www.canaaf.org\\\/fr\\\/\",\"name\":\"Fondation Canadienne de l\u2019Alop\u00e9cie Areata\",\"description\":\"Pr\u00e9visible pour une maladie impr\u00e9visible.\",\"potentialAction\":[{\"@type\":\"SearchAction\",\"target\":{\"@type\":\"EntryPoint\",\"urlTemplate\":\"https:\\\/\\\/www.canaaf.org\\\/fr\\\/?s={search_term_string}\"},\"query-input\":{\"@type\":\"PropertyValueSpecification\",\"valueRequired\":true,\"valueName\":\"search_term_string\"}}],\"inLanguage\":\"fr-FR\"}]}<\/script>\n<!-- \/ Yoast SEO plugin. -->","yoast_head_json":{"title":"Groupe Facebook de FCANAA - Fondation Canadienne de l\u2019Alop\u00e9cie Areata","robots":{"index":"index","follow":"follow","max-snippet":"max-snippet:-1","max-image-preview":"max-image-preview:large","max-video-preview":"max-video-preview:-1"},"canonical":"https:\/\/www.canaaf.org\/fr\/groupe-facebook-de-fcanaa\/","og_locale":"fr_FR","og_type":"article","og_title":"Groupe Facebook de FCANAA - Fondation Canadienne de l\u2019Alop\u00e9cie Areata","og_url":"https:\/\/www.canaaf.org\/fr\/groupe-facebook-de-fcanaa\/","og_site_name":"Fondation Canadienne de l\u2019Alop\u00e9cie Areata","article_modified_time":"2022-10-04T19:05:04+00:00","twitter_misc":{"Dur\u00e9e de lecture estim\u00e9e":"3 minutes"},"schema":{"@context":"https:\/\/schema.org","@graph":[{"@type":"WebPage","@id":"https:\/\/www.canaaf.org\/fr\/groupe-facebook-de-fcanaa\/","url":"https:\/\/www.canaaf.org\/fr\/groupe-facebook-de-fcanaa\/","name":"Groupe Facebook de FCANAA - Fondation Canadienne de l\u2019Alop\u00e9cie Areata","isPartOf":{"@id":"https:\/\/www.canaaf.org\/fr\/#website"},"datePublished":"2020-12-02T22:05:15+00:00","dateModified":"2022-10-04T19:05:04+00:00","breadcrumb":{"@id":"https:\/\/www.canaaf.org\/fr\/groupe-facebook-de-fcanaa\/#breadcrumb"},"inLanguage":"fr-FR","potentialAction":[{"@type":"ReadAction","target":["https:\/\/www.canaaf.org\/fr\/groupe-facebook-de-fcanaa\/"]}]},{"@type":"BreadcrumbList","@id":"https:\/\/www.canaaf.org\/fr\/groupe-facebook-de-fcanaa\/#breadcrumb","itemListElement":[{"@type":"ListItem","position":1,"name":"Home","item":"https:\/\/www.canaaf.org\/fr\/"},{"@type":"ListItem","position":2,"name":"Groupe Facebook de FCANAA"}]},{"@type":"WebSite","@id":"https:\/\/www.canaaf.org\/fr\/#website","url":"https:\/\/www.canaaf.org\/fr\/","name":"Fondation Canadienne de l\u2019Alop\u00e9cie Areata","description":"Pr\u00e9visible pour une maladie impr\u00e9visible.","potentialAction":[{"@type":"SearchAction","target":{"@type":"EntryPoint","urlTemplate":"https:\/\/www.canaaf.org\/fr\/?s={search_term_string}"},"query-input":{"@type":"PropertyValueSpecification","valueRequired":true,"valueName":"search_term_string"}}],"inLanguage":"fr-FR"}]}},"_links":{"self":[{"href":"https:\/\/www.canaaf.org\/fr\/wp-json\/wp\/v2\/pages\/16411","targetHints":{"allow":["GET"]}}],"collection":[{"href":"https:\/\/www.canaaf.org\/fr\/wp-json\/wp\/v2\/pages"}],"about":[{"href":"https:\/\/www.canaaf.org\/fr\/wp-json\/wp\/v2\/types\/page"}],"author":[{"embeddable":true,"href":"https:\/\/www.canaaf.org\/fr\/wp-json\/wp\/v2\/users\/3"}],"replies":[{"embeddable":true,"href":"https:\/\/www.canaaf.org\/fr\/wp-json\/wp\/v2\/comments?post=16411"}],"version-history":[{"count":5,"href":"https:\/\/www.canaaf.org\/fr\/wp-json\/wp\/v2\/pages\/16411\/revisions"}],"predecessor-version":[{"id":16649,"href":"https:\/\/www.canaaf.org\/fr\/wp-json\/wp\/v2\/pages\/16411\/revisions\/16649"}],"wp:attachment":[{"href":"https:\/\/www.canaaf.org\/fr\/wp-json\/wp\/v2\/media?parent=16411"}],"curies":[{"name":"wp","href":"https:\/\/api.w.org\/{rel}","templated":true}]}}